{"id":356478,"date":"2024-08-14T10:09:49","date_gmt":"2024-08-14T09:10:45","guid":{"rendered":"https:\/\/www.moskito.cz\/produkt\/cuchillo-fijo-muela-scorpion-18nm\/"},"modified":"2025-05-07T11:23:10","modified_gmt":"2025-05-07T10:23:10","slug":"cuchillo-fijo-muela-scorpion-18nm","status":"publish","type":"product","link":"https:\/\/www.moskito.cz\/es\/produkt\/cuchillo-fijo-muela-scorpion-18nm\/","title":{"rendered":"Cuchillo Fijo Muela SCORPION-18NM"},"content":{"rendered":"<p>Cuchillo Fijo <strong>Muela<\/strong> SCORPION-18NM. El SCORPION-18NM es un cuchillo de campo multiusos con una hoja enorme para un rendimiento de corte tremendo y un mango c\u00f3modo. Vers\u00e1til, perfectamente equilibrado, dise\u00f1ado para los amantes del bushcraft, la supervivencia y la caza. 420H: acero inoxidable martens\u00edtico con alto contenido de carbono (C) de 0,17% a 0,23%, que tambi\u00e9n contiene cromo (Cr) y molibdeno (Mo). Ofrece alta templabilidad en el rango de 54-58 HRC, as\u00ed como resistencia, tenacidad y maquinabilidad. y excelente resistencia a la corrosi\u00f3n. El alto contenido de carbono crea compuestos de carburo de cromo que brindan resistencia al desgaste y retenci\u00f3n de los bordes despu\u00e9s del endurecimiento. Debido a su alta dureza, el acero es adecuado para la producci\u00f3n de herramientas de corte, hojas de cuchillos e instrumentos m\u00e9dicos.      PTFE negro: ampliamente utilizado en la industria de recubrimientos, el politetrafluoroetileno es un producto ultrafino y de bajo peso molecular procesado mediante un proceso especial. Se caracteriza por una excelente resistencia qu\u00edmica y a la intemperie y a la temperatura, estabilidad t\u00e9rmica, no pegajosidad, aislamiento el\u00e9ctrico, resistencia al fuego y autolubricaci\u00f3n. Gracias al uso de politetrafluoroetileno como material de recubrimiento de la hoja, se reduce la fricci\u00f3n durante su uso, reduciendo la necesidad de fuerza en todo tipo de trabajos. Las hojas recubiertas de PTFE proporcionaron una fuerza promedio un 22 % menor y una fuerza m\u00e1xima un 26 % menor en comparaci\u00f3n con las hojas recubiertas de cromo. Hoja: con un perfil Clip Point modificado, cubierta con un revestimiento de PTFE negro mate y no reflectante resistente a los ara\u00f1azos. Fabricado en acero inoxidable 420H con mayor contenido de carbono y alta resistencia al impacto, endurecido en el rango de 54-58 HRC. En la base de la hoja, una garra de doble cara protege la mano para que no se resbale sobre la hoja. El borde se realiza con un corte c\u00f3ncavo (Hollow Grind). Aproximadamente el 20 % de la longitud es una hoja combinada dentada para cortes agresivos, que incluye cuerdas, cinturones y el 80 % de la superficie de una hoja cl\u00e1sica lisa (tipo simple) para un corte preciso, que proporciona buenas propiedades de corte y penetraci\u00f3n. Mango &#8211; recubierto con acolchado elastom\u00e9rico flexible en color desierto. El mango de goma suave garantiza un muy buen agarre, el cuchillo no se desliza de la mano y un agarre firme y seguro permite realizar un trabajo preciso con la hoja. Un orificio ampliado para el cord\u00f3n en la parte posterior del mango. Funda &#8211; en color desierto, hecha de nailon impermeable. La fijaci\u00f3n con cierre a presi\u00f3n permite un transporte seguro del cuchillo. Los bordes de la funda est\u00e1n cosidos con hilo decorativo. Letras de Muela Tactical Knives en relieve en la parte delantera. La funda se sujeta a un cintur\u00f3n o equipo, lo que permite transportar el cuchillo en posici\u00f3n vertical. En la parte inferior del estuche hay un cord\u00f3n de paracord que permite sujetar la funda al muslo. Especificaciones t\u00e9cnicas: N\u00famero de producto: SCORPION-18NM Longitud total: 305 mm\/12,01&#8243; Longitud de la hoja 180,0 mm\/7,09&#8243; Grosor de la hoja: 4,5 mm\/0,18&#8243; Peso: 355,0 g\/12 ,52 oz Material de la hoja: 420H Dureza de la hoja: 54-58 HRc Afilado Hoja: Hueco Acabado Hoja: PTFE Material Mango: Termorun Color Acabado Mango: Desert Funda (Funda): Nylon Otros Accesorios: Ninguno Dise\u00f1ador: Muela Marca: Muela Fabricante: Manufacturas Muela, SA Pa\u00eds de Origen: Espa\u00f1a            <\/p>\n","protected":false},"excerpt":{"rendered":"<p><strong>El SCORPION-18NM es un cuchillo de campo multiusos con una hoja enorme para un rendimiento de corte tremendo y un mango c\u00f3modo. Vers\u00e1til, perfectamente equilibrado, dise\u00f1ado para los amantes del bushcraft, la supervivencia y la caza. <\/strong><\/p>\n","protected":false},"featured_media":356452,"comment_status":"open","ping_status":"closed","template":"","meta":[],"pwb-brand":[3908],"product_brand":[],"product_cat":[3727,3726],"product_tag":[3756],"class_list":{"0":"post-356478","1":"product","2":"type-product","3":"status-publish","4":"has-post-thumbnail","6":"pwb-brand-ella-tenia-que","7":"product_cat-cuchillos-macizos","8":"product_cat-cuchillos","9":"product_tag-b2b-es","11":"first","12":"instock","13":"taxable","14":"shipping-taxable","15":"purchasable","16":"product-type-simple"},"brands":[{"id":3908,"name":"Ella ten\u00eda que","slug":"ella-tenia-que"}],"_links":{"self":[{"href":"https:\/\/www.moskito.cz\/es\/wp-json\/wp\/v2\/product\/356478","targetHints":{"allow":["GET"]}}],"collection":[{"href":"https:\/\/www.moskito.cz\/es\/wp-json\/wp\/v2\/product"}],"about":[{"href":"https:\/\/www.moskito.cz\/es\/wp-json\/wp\/v2\/types\/product"}],"replies":[{"embeddable":true,"href":"https:\/\/www.moskito.cz\/es\/wp-json\/wp\/v2\/comments?post=356478"}],"wp:featuredmedia":[{"embeddable":true,"href":"https:\/\/www.moskito.cz\/es\/wp-json\/wp\/v2\/media\/356452"}],"wp:attachment":[{"href":"https:\/\/www.moskito.cz\/es\/wp-json\/wp\/v2\/media?parent=356478"}],"wp:term":[{"taxonomy":"pwb-brand","embeddable":true,"href":"https:\/\/www.moskito.cz\/es\/wp-json\/wp\/v2\/pwb-brand?post=356478"},{"taxonomy":"product_brand","embeddable":true,"href":"https:\/\/www.moskito.cz\/es\/wp-json\/wp\/v2\/product_brand?post=356478"},{"taxonomy":"product_cat","embeddable":true,"href":"https:\/\/www.moskito.cz\/es\/wp-json\/wp\/v2\/product_cat?post=356478"},{"taxonomy":"product_tag","embeddable":true,"href":"https:\/\/www.moskito.cz\/es\/wp-json\/wp\/v2\/product_tag?post=356478"}],"curies":[{"name":"wp","href":"https:\/\/api.w.org\/{rel}","templated":true}]}}