{"id":356557,"date":"2024-08-14T10:29:34","date_gmt":"2024-08-14T09:30:04","guid":{"rendered":"https:\/\/www.moskito.cz\/produkt\/cuchillo-fijo-muela-jabali-17ol\/"},"modified":"2025-05-07T11:23:15","modified_gmt":"2025-05-07T10:23:15","slug":"cuchillo-fijo-muela-jabali-17ol","status":"publish","type":"product","link":"https:\/\/www.moskito.cz\/es\/produkt\/cuchillo-fijo-muela-jabali-17ol\/","title":{"rendered":"Cuchillo Fijo Muela JABALI-17OL"},"content":{"rendered":"<p>Cuchillo Fijo <strong>Muela<\/strong> JABALI-17OL. <strong>JABALI-17OL<\/strong> es una versi\u00f3n m\u00e1s peque\u00f1a del cl\u00e1sico cuchillo JABALI-21OL con hoja fija y construcci\u00f3n de espiga completa. Fabricado en acero MoVa molibdeno vanadio. El cuchillo perfecto para camping, viajes de supervivencia o fuera de la ciudad. Masivo, duradero, resiste cualquier trabajo incluso en las condiciones m\u00e1s exigentes.  X50CrMoV15 (1.4116): acero inoxidable martens\u00edtico con alto contenido de carbono y molibdeno-vanadio, altamente resistente a la corrosi\u00f3n y al desgaste. Se utiliza en la fabricaci\u00f3n de cuchillos, cubiertos de \u00faltima generaci\u00f3n e instrumentos quir\u00fargicos. Se caracteriza por una dureza relativamente alta para los aceros inoxidables de 56-58 HRC. La composici\u00f3n qu\u00edmica del acero se enriqueci\u00f3 dopando con 15,0% de cromo, 0,80% de molibdeno y 0,20% de vanadio. Hoja &#8211; Tipo Clip Point, de 4,5 mm de espesor, recubierta con una capa antirreflectante Satin Finish (semi-mate) que elimina los reflejos. Una pala con buenas propiedades mec\u00e1nicas y una gran distancia focal. Molido hueco, hoja lisa (tipo liso). Protector de acero, protege la mano de resbalones mientras trabaja.    Mango &#8211; revestido con paneles de madera de olivo con un dise\u00f1o \u00fanico. Los recortes perfilados proporcionan un agarre seguro. El cuchillo se adapta muy bien a la mano, no resbala y se puede controlar f\u00e1cilmente en todas las condiciones. Funda: cosida a mano, de piel de vacuno marr\u00f3n de alta calidad con el logotipo del fabricante en relieve. Los bordes del estuche est\u00e1n cosidos con hilo decorativo. Cierre a presi\u00f3n tipo Prym. El accesorio para cintur\u00f3n permite transportar el cuchillo en posici\u00f3n vertical. Especificaciones t\u00e9cnicas: N\u00famero de producto: JABALI-17OL Longitud total: 30 cm\/11,81&#8243; Longitud de la hoja: 17 cm\/6,69&#8243; Grosor de la hoja: 0,45 cm\/0,16&#8243; Peso: 334,0 g\/11,78 oz Material de la hoja: X50CrMoV15 Dureza de la hoja: 56-58 HRc Hoja rectificado: Hueco Acabado hoja: satinado Material mango: Madera de olivo Color acabado mango: Beige Funda: Cuero Otros accesorios: Ninguno Dise\u00f1ador: Muela Marca: Muela Fabricante: Manufacturas Muela, SA Pa\u00eds de origen: Espa\u00f1a  &nbsp;<\/p>\n","protected":false},"excerpt":{"rendered":"<p><strong>El cuchillo perfecto para camping, viajes de supervivencia o fuera de la ciudad. Masivo, duradero, resiste cualquier trabajo incluso en las condiciones m\u00e1s exigentes. <\/strong><\/p>\n","protected":false},"featured_media":356532,"comment_status":"open","ping_status":"closed","template":"","meta":[],"pwb-brand":[3908],"product_brand":[],"product_cat":[3727,3726],"product_tag":[3756],"class_list":{"0":"post-356557","1":"product","2":"type-product","3":"status-publish","4":"has-post-thumbnail","6":"pwb-brand-ella-tenia-que","7":"product_cat-cuchillos-macizos","8":"product_cat-cuchillos","9":"product_tag-b2b-es","11":"first","12":"instock","13":"taxable","14":"shipping-taxable","15":"purchasable","16":"product-type-simple"},"brands":[{"id":3908,"name":"Ella ten\u00eda que","slug":"ella-tenia-que"}],"_links":{"self":[{"href":"https:\/\/www.moskito.cz\/es\/wp-json\/wp\/v2\/product\/356557","targetHints":{"allow":["GET"]}}],"collection":[{"href":"https:\/\/www.moskito.cz\/es\/wp-json\/wp\/v2\/product"}],"about":[{"href":"https:\/\/www.moskito.cz\/es\/wp-json\/wp\/v2\/types\/product"}],"replies":[{"embeddable":true,"href":"https:\/\/www.moskito.cz\/es\/wp-json\/wp\/v2\/comments?post=356557"}],"wp:featuredmedia":[{"embeddable":true,"href":"https:\/\/www.moskito.cz\/es\/wp-json\/wp\/v2\/media\/356532"}],"wp:attachment":[{"href":"https:\/\/www.moskito.cz\/es\/wp-json\/wp\/v2\/media?parent=356557"}],"wp:term":[{"taxonomy":"pwb-brand","embeddable":true,"href":"https:\/\/www.moskito.cz\/es\/wp-json\/wp\/v2\/pwb-brand?post=356557"},{"taxonomy":"product_brand","embeddable":true,"href":"https:\/\/www.moskito.cz\/es\/wp-json\/wp\/v2\/product_brand?post=356557"},{"taxonomy":"product_cat","embeddable":true,"href":"https:\/\/www.moskito.cz\/es\/wp-json\/wp\/v2\/product_cat?post=356557"},{"taxonomy":"product_tag","embeddable":true,"href":"https:\/\/www.moskito.cz\/es\/wp-json\/wp\/v2\/product_tag?post=356557"}],"curies":[{"name":"wp","href":"https:\/\/api.w.org\/{rel}","templated":true}]}}