{"id":356603,"date":"2024-08-14T10:42:09","date_gmt":"2024-08-14T09:52:10","guid":{"rendered":"https:\/\/www.moskito.cz\/produkt\/cuchillo-fijo-muela-scorpion-19n\/"},"modified":"2025-05-07T11:23:17","modified_gmt":"2025-05-07T10:23:17","slug":"cuchillo-fijo-muela-scorpion-19n","status":"publish","type":"product","link":"https:\/\/www.moskito.cz\/es\/produkt\/cuchillo-fijo-muela-scorpion-19n\/","title":{"rendered":"Cuchillo Fijo Muela SCORPION-19N"},"content":{"rendered":"<p>Cuchillo Fijo <strong>Muela<\/strong> SCORPION-19N. <strong>SCORPION-19N<\/strong> : un cuchillo con hoja fija, fabricado por la empresa espa\u00f1ola Muela. \u00a1Un cuchillo de la serie SCORPION que te enamorar\u00e1 a primera vista! Un cuchillo complejo con hoja s\u00f3lida se puede utilizar para todo tipo de trabajo, en todas las condiciones, sin sufrir da\u00f1os. Este es un cuchillo de supervivencia perfecto, ser\u00e1 una excelente opci\u00f3n como cuchillo de cazador., EDC. Hoja &#8211; hoja equipada con una hoja \u00abfalsa\u00bb (perfil Spear Point), de 4,5 mm de espesor, recubierta con un revestimiento de PTFE antirreflectante negro mate resistente a los ara\u00f1azos. Mande fabricado en acero inoxidable 420H con alto contenido de carbono y alta resistencia al impacto, endurecido en el rango de 54-58 HRC. Esta hoja est\u00e1 cubierta con una capa de acabado satinado (semimate) no reflectante que elimina el brillo. Hoja lisa (tipo liso), borde c\u00f3ncavo derivado (rectificado hueco). Se coloc\u00f3 una garra de doble cara en la base de la hoja para evitar que la mano se deslizara por la hoja. Asa &#8211; cierre de elast\u00f3mero negro trenzado en color negro. El mango de goma suave se adapta c\u00f3modamente a la mano, el cuchillo no se nos resbala de las manos. Un agarre fuerte y fiable permite movimientos precisos del cuchillo. En la parte posterior del mango hay una abertura para la cuerda. El estuche de color negro, que se cierra con un broche, permite llevar el cuchillo con seguridad. Confeccionado en piel natural con logo de la Empresa Muela grabado. Los bordes de la vaina estaban cosidos con hilo decorativo. La funda tiene un cintur\u00f3n para llevar el cuchillo en posici\u00f3n vertical. Especificaci\u00f3n t\u00e9cnica: N\u00famero de producto: SCORPION-19N Tipo de acero: 420H Longitud de la hoja: 19 cm \/ 7,48\u201d Grosor de la hoja: 0,45 cm \/ 0,18\u201d. Longitud total: 32 cm \/ 12,60&#8243; Peso: 356 g \/ 12,56 oz Tipo de hoja: Lisa Tipo de hoja: Punta de lanza Tipo de corte: C\u00f3ncavo Material del mango: Termorun Funda: Cuero Fabricante: Muela, Espa\u00f1a   &nbsp;<\/p>\n<p>&nbsp;<\/p>\n","protected":false},"excerpt":{"rendered":"<p><strong>\u00a1Un cuchillo de la serie SCORPION que te enamorar\u00e1 a primera vista! Un cuchillo complejo con hoja s\u00f3lida se puede utilizar para todo tipo de trabajo, en todas las condiciones, sin sufrir da\u00f1os. Este es un cuchillo de supervivencia perfecto, ser\u00e1 una excelente opci\u00f3n como cuchillo de cazador., EDC.<\/strong><\/p>\n","protected":false},"featured_media":356572,"comment_status":"open","ping_status":"closed","template":"","meta":[],"pwb-brand":[3908],"product_brand":[],"product_cat":[3726,3727],"product_tag":[3756],"class_list":{"0":"post-356603","1":"product","2":"type-product","3":"status-publish","4":"has-post-thumbnail","6":"pwb-brand-ella-tenia-que","7":"product_cat-cuchillos","8":"product_cat-cuchillos-macizos","9":"product_tag-b2b-es","11":"first","12":"instock","13":"taxable","14":"shipping-taxable","15":"purchasable","16":"product-type-simple"},"brands":[{"id":3908,"name":"Ella ten\u00eda que","slug":"ella-tenia-que"}],"_links":{"self":[{"href":"https:\/\/www.moskito.cz\/es\/wp-json\/wp\/v2\/product\/356603","targetHints":{"allow":["GET"]}}],"collection":[{"href":"https:\/\/www.moskito.cz\/es\/wp-json\/wp\/v2\/product"}],"about":[{"href":"https:\/\/www.moskito.cz\/es\/wp-json\/wp\/v2\/types\/product"}],"replies":[{"embeddable":true,"href":"https:\/\/www.moskito.cz\/es\/wp-json\/wp\/v2\/comments?post=356603"}],"wp:featuredmedia":[{"embeddable":true,"href":"https:\/\/www.moskito.cz\/es\/wp-json\/wp\/v2\/media\/356572"}],"wp:attachment":[{"href":"https:\/\/www.moskito.cz\/es\/wp-json\/wp\/v2\/media?parent=356603"}],"wp:term":[{"taxonomy":"pwb-brand","embeddable":true,"href":"https:\/\/www.moskito.cz\/es\/wp-json\/wp\/v2\/pwb-brand?post=356603"},{"taxonomy":"product_brand","embeddable":true,"href":"https:\/\/www.moskito.cz\/es\/wp-json\/wp\/v2\/product_brand?post=356603"},{"taxonomy":"product_cat","embeddable":true,"href":"https:\/\/www.moskito.cz\/es\/wp-json\/wp\/v2\/product_cat?post=356603"},{"taxonomy":"product_tag","embeddable":true,"href":"https:\/\/www.moskito.cz\/es\/wp-json\/wp\/v2\/product_tag?post=356603"}],"curies":[{"name":"wp","href":"https:\/\/api.w.org\/{rel}","templated":true}]}}