{"id":356622,"date":"2024-08-14T10:58:36","date_gmt":"2024-08-14T09:59:08","guid":{"rendered":"https:\/\/www.moskito.cz\/produkt\/cuchillo-fijo-muela-criollo-18\/"},"modified":"2025-05-07T11:23:17","modified_gmt":"2025-05-07T10:23:17","slug":"cuchillo-fijo-muela-criollo-18","status":"publish","type":"product","link":"https:\/\/www.moskito.cz\/es\/produkt\/cuchillo-fijo-muela-criollo-18\/","title":{"rendered":"Cuchillo Fijo Muela CRIOLLO-18"},"content":{"rendered":"<p>Cuchillo Fijo <strong>Muela<\/strong> CRIOLLO-18. Cuchillo deportivo Muela Criollo-18: Perfecto para asar con una bonita funda de cuero El cuchillo Muela Criollo-18 es una cuberter\u00eda dise\u00f1ada exclusivamente para los amantes de las parrilladas y amantes de la carne. Elaborado con materiales de primera calidad, incluido un mango de palisandro prensado, este cuchillo es imprescindible para todo chef de barbacoa. Para obtener cortes precisos que afecten directamente a la textura y jugosidad de la carne, necesita un cuchillo para parrilla confiable. Muela Criollo-18 cumple estos requisitos a la perfecci\u00f3n. Su hoja tiene 175 mm de largo, mientras que el mango mide 120 mm, lo que proporciona un excelente manejo de una variedad de carnes. El mango del cuchillo deportivo Muela Criollo-18 est\u00e1 fabricado en micarta negra, un material resistente y duradero compuesto por tejidos impregnados de resina, expuestos a altas presiones y temperaturas. La hoja de este cuchillo est\u00e1 fabricada en X50CrMoV15 \u00abMOVA\u00bb (1.4116), un material cl\u00e1sico de los cuchillos Muela. Esta aleaci\u00f3n, que combina molibdeno y vanadio, confiere a la hoja una notable dureza y resistencia a la corrosi\u00f3n. Adem\u00e1s, el cuchillo se complementa con un elegante estuche de cuero. Muela cuenta con m\u00e1s de siete a\u00f1os de tradici\u00f3n en la producci\u00f3n de cuchillos, navajas y navajas exclusivas, que son un referente mundial en el sector de la cuchiller\u00eda. Utilizando materiales cuidadosamente seleccionados como acero martens\u00edtico en las hojas y en algunos modelos incluso astas de ciervo, cada pieza est\u00e1 tallada y equipada con maquinaria moderna y un toque artesanal. Nuestros cortadores expertos terminan cada pieza con artesan\u00eda y cuidado, incluido el afilado, el pulido y un estricto control de calidad. Experimenta la tradici\u00f3n y la calidad de Muela con el cuchillo deportivo Muela Criollo-18, la elecci\u00f3n perfecta para tu barbacoa inolvidable.               &nbsp;<\/p>\n<p>&nbsp;  Descripci\u00f3n t\u00e9cnica C\u00f3digo: CRIOLLO-18 Marca: Muela Modelo: Barbacoa y Cocina Criollo-18 Material mango: Micarta Negra Material hoja: 1.4116 Largo hoja: 17 cm Largo total: 29 cm Dureza acero: 56 \u2013 58 HRC Peso: 215 g  &nbsp;<\/p>\n","protected":false},"excerpt":{"rendered":"<p><strong>Cuchillo deportivo Muela Criollo-18: Perfecto para hacer barbacoas con una bonita funda de piel.<\/strong><\/p>\n","protected":false},"featured_media":356612,"comment_status":"open","ping_status":"closed","template":"","meta":[],"pwb-brand":[3908],"product_brand":[],"product_cat":[3727,3726],"product_tag":[3756],"class_list":{"0":"post-356622","1":"product","2":"type-product","3":"status-publish","4":"has-post-thumbnail","6":"pwb-brand-ella-tenia-que","7":"product_cat-cuchillos-macizos","8":"product_cat-cuchillos","9":"product_tag-b2b-es","11":"first","12":"instock","13":"taxable","14":"shipping-taxable","15":"purchasable","16":"product-type-simple"},"brands":[{"id":3908,"name":"Ella ten\u00eda que","slug":"ella-tenia-que"}],"_links":{"self":[{"href":"https:\/\/www.moskito.cz\/es\/wp-json\/wp\/v2\/product\/356622","targetHints":{"allow":["GET"]}}],"collection":[{"href":"https:\/\/www.moskito.cz\/es\/wp-json\/wp\/v2\/product"}],"about":[{"href":"https:\/\/www.moskito.cz\/es\/wp-json\/wp\/v2\/types\/product"}],"replies":[{"embeddable":true,"href":"https:\/\/www.moskito.cz\/es\/wp-json\/wp\/v2\/comments?post=356622"}],"wp:featuredmedia":[{"embeddable":true,"href":"https:\/\/www.moskito.cz\/es\/wp-json\/wp\/v2\/media\/356612"}],"wp:attachment":[{"href":"https:\/\/www.moskito.cz\/es\/wp-json\/wp\/v2\/media?parent=356622"}],"wp:term":[{"taxonomy":"pwb-brand","embeddable":true,"href":"https:\/\/www.moskito.cz\/es\/wp-json\/wp\/v2\/pwb-brand?post=356622"},{"taxonomy":"product_brand","embeddable":true,"href":"https:\/\/www.moskito.cz\/es\/wp-json\/wp\/v2\/product_brand?post=356622"},{"taxonomy":"product_cat","embeddable":true,"href":"https:\/\/www.moskito.cz\/es\/wp-json\/wp\/v2\/product_cat?post=356622"},{"taxonomy":"product_tag","embeddable":true,"href":"https:\/\/www.moskito.cz\/es\/wp-json\/wp\/v2\/product_tag?post=356622"}],"curies":[{"name":"wp","href":"https:\/\/api.w.org\/{rel}","templated":true}]}}