{"id":356685,"date":"2024-08-14T12:22:13","date_gmt":"2024-08-14T11:22:48","guid":{"rendered":"https:\/\/www.moskito.cz\/produkt\/cuchillo-fijo-muela-mirage-20\/"},"modified":"2025-05-07T11:23:19","modified_gmt":"2025-05-07T10:23:19","slug":"cuchillo-fijo-muela-mirage-20","status":"publish","type":"product","link":"https:\/\/www.moskito.cz\/es\/produkt\/cuchillo-fijo-muela-mirage-20\/","title":{"rendered":"Cuchillo Fijo Muela MIRAGE-20"},"content":{"rendered":"<p>Cuchillo Fijo <strong>Muela<\/strong> MIRAGE-20. Cuchillo universal de tama\u00f1o mediano MIRAGE-20 con hoja fija de la serie MIRAGE, una de las series de cuchillos m\u00e1s famosas de la empresa espa\u00f1ola Muela. Extremadamente vers\u00e1til con una hoja enorme, puede soportar cualquier trabajo en cualquier condici\u00f3n. Excelente cuchillo de supervivencia, vivac funcionar\u00e1 como cuchillo t\u00e1ctico de caza. Hoja &#8211; con hoja falsa Clip Point, espesor 4,6 mm. Hecho de acero inoxidable 420H duradero, resistente a la corrosi\u00f3n, con alto contenido de carbono y de alto impacto, endurecido a 54-58 HRC. La hoja est\u00e1 cubierta con una capa antirreflectante con acabado satinado (semimate) que elimina el brillo. La hoja lisa (tipo Plain) se fabric\u00f3 con un afilado hueco (Hollow Grind), proporcionando buenas propiedades de corte. En el borde de la hoja se encuentra una sierra multifuncional universal adecuada para cortar, entre otras cosas, cuerdas y correas. Se coloc\u00f3 una garra de doble cara en la base de la hoja para evitar que la mano se deslizara por la hoja. Mango recubierto con tejido el\u00e1stico de elast\u00f3mero negro. El mango de goma suave garantiza un muy buen agarre, el cuchillo no se desliza de la mano y el agarre firme y firme permite movimientos precisos con el cuchillo. En la parte posterior del mango hay un orificio ampliado para el cable. Estuche &#8211; en negro. Fabricado en cuero natural, el cierre a presi\u00f3n permite llevar el cuchillo con seguridad.               Los bordes de la funda estaban cosidos con hilo decorativo. Logotipo del fabricante grabado en la parte delantera. La funda tiene un cintur\u00f3n o accesorio de funda para llevar el cuchillo en posici\u00f3n vertical. Especificaci\u00f3n t\u00e9cnica: N\u00famero de producto: MIRAGE-20 Tipo de acero: 420H Longitud de la hoja: 20 cm \/ 7,87&#8243; Grosor de la hoja: 0,46 cm \/ 0,18&#8243; Longitud total: 32,5 cm \/ 12,80&#8243; Peso: 375 g \/ 13, 23 oz Hoja: Hoja lisa Tipo: Punta Clip Tipo de Corte: C\u00f3ncavo Tipo Mango: Termorun Funda: Cuero Fabricante: Muela, Espa\u00f1a    &nbsp;<\/p>\n","protected":false},"excerpt":{"rendered":"<p><strong>Un cuchillo extremadamente vers\u00e1til con una hoja maciza que puede soportar cualquier trabajo en cualquier condici\u00f3n. Excelente cuchillo de supervivencia, vivac funcionar\u00e1 como cuchillo t\u00e1ctico de caza. <\/strong><\/p>\n","protected":false},"featured_media":356656,"comment_status":"open","ping_status":"closed","template":"","meta":[],"pwb-brand":[3908],"product_brand":[],"product_cat":[3727,3726],"product_tag":[3756],"class_list":{"0":"post-356685","1":"product","2":"type-product","3":"status-publish","4":"has-post-thumbnail","6":"pwb-brand-ella-tenia-que","7":"product_cat-cuchillos-macizos","8":"product_cat-cuchillos","9":"product_tag-b2b-es","11":"first","12":"instock","13":"taxable","14":"shipping-taxable","15":"purchasable","16":"product-type-simple"},"brands":[{"id":3908,"name":"Ella ten\u00eda que","slug":"ella-tenia-que"}],"_links":{"self":[{"href":"https:\/\/www.moskito.cz\/es\/wp-json\/wp\/v2\/product\/356685","targetHints":{"allow":["GET"]}}],"collection":[{"href":"https:\/\/www.moskito.cz\/es\/wp-json\/wp\/v2\/product"}],"about":[{"href":"https:\/\/www.moskito.cz\/es\/wp-json\/wp\/v2\/types\/product"}],"replies":[{"embeddable":true,"href":"https:\/\/www.moskito.cz\/es\/wp-json\/wp\/v2\/comments?post=356685"}],"wp:featuredmedia":[{"embeddable":true,"href":"https:\/\/www.moskito.cz\/es\/wp-json\/wp\/v2\/media\/356656"}],"wp:attachment":[{"href":"https:\/\/www.moskito.cz\/es\/wp-json\/wp\/v2\/media?parent=356685"}],"wp:term":[{"taxonomy":"pwb-brand","embeddable":true,"href":"https:\/\/www.moskito.cz\/es\/wp-json\/wp\/v2\/pwb-brand?post=356685"},{"taxonomy":"product_brand","embeddable":true,"href":"https:\/\/www.moskito.cz\/es\/wp-json\/wp\/v2\/product_brand?post=356685"},{"taxonomy":"product_cat","embeddable":true,"href":"https:\/\/www.moskito.cz\/es\/wp-json\/wp\/v2\/product_cat?post=356685"},{"taxonomy":"product_tag","embeddable":true,"href":"https:\/\/www.moskito.cz\/es\/wp-json\/wp\/v2\/product_tag?post=356685"}],"curies":[{"name":"wp","href":"https:\/\/api.w.org\/{rel}","templated":true}]}}