{"id":356687,"date":"2024-08-14T12:11:18","date_gmt":"2024-08-14T11:22:49","guid":{"rendered":"https:\/\/www.moskito.cz\/produkt\/cuchillo-macizo-muela-sarrio-19r\/"},"modified":"2025-05-07T11:23:20","modified_gmt":"2025-05-07T10:23:20","slug":"cuchillo-macizo-muela-sarrio-19r","status":"publish","type":"product","link":"https:\/\/www.moskito.cz\/es\/produkt\/cuchillo-macizo-muela-sarrio-19r\/","title":{"rendered":"Cuchillo Macizo Muela SARRIO-19R"},"content":{"rendered":"<p>Cuchillo Macizo <strong>Muela<\/strong> SARRIO-19R. \u00a1Un cuchillo t\u00e1ctico vers\u00e1til de hoja fija que realmente deber\u00edas tener! Fue producido por la empresa espa\u00f1ola Muela. Excepcionalmente duradera con una hoja fija, hecha para cada trabajo en cada condici\u00f3n. Ideal para camping, ideal como cuchillo t\u00e1ctico, cuchillo de supervivencia y tambi\u00e9n como cuchillo de cazador, EDC.     Fabricado en acero al molibdeno vanadio (MoVa). Hoja: con perfil Clip Point modificado, espesor 4,5 mil\u00edmetros, endurecida en el rango de 57-58 HRC. Fabricado en acero inoxidable X50CrMoV15, acero de molibdeno vanadio duradero y bien afilado. Una hoja con buenas propiedades mec\u00e1nicas y un filo duradero. La capa de acabado satinado (semimate) no reflectante elimina el brillo. La hoja lisa (tipo Plain) se fabric\u00f3 con un afilado completamente plano (Full Flat Grind), lo que redujo el peso del cuchillo y mejor\u00f3 las propiedades de corte.     El estuche garantiza un transporte seguro del cuchillo. Confecci\u00f3n en piel natural de color negro con logo de Muela Company grabado. Los bordes de la funda estaban cosidos con hilo decorativo. La funda tiene un cintur\u00f3n para llevar el cuchillo en posici\u00f3n vertical. La hoja est\u00e1 fabricada en acero inoxidable de molibdeno-vanadio de calidad con acabado satinado. El mango de madera barnizada Pakka se complementa con una guarda de metal y un cabezal decorado. El cuchillo viene con un estuche de cuero de calidad. Descripci\u00f3n completa del producto: Material de la hoja: MoVa Material del mango: Pakka, Metal Material de la funda: Cuero Longitud de la hoja: 19 cm Longitud total: 32 cm Longitud del mango: 13 cm Peso: 333 g Tipo de hoja: Bowie   <\/p>\n","protected":false},"excerpt":{"rendered":"<p><strong>\u00a1Un cuchillo t\u00e1ctico vers\u00e1til de hoja fija que realmente deber\u00edas tener!<\/strong><\/p>\n","protected":false},"featured_media":356639,"comment_status":"open","ping_status":"closed","template":"","meta":[],"pwb-brand":[3908],"product_brand":[],"product_cat":[3727,3726],"product_tag":[3756],"class_list":{"0":"post-356687","1":"product","2":"type-product","3":"status-publish","4":"has-post-thumbnail","6":"pwb-brand-ella-tenia-que","7":"product_cat-cuchillos-macizos","8":"product_cat-cuchillos","9":"product_tag-b2b-es","11":"first","12":"instock","13":"taxable","14":"shipping-taxable","15":"purchasable","16":"product-type-simple"},"brands":[{"id":3908,"name":"Ella ten\u00eda que","slug":"ella-tenia-que"}],"_links":{"self":[{"href":"https:\/\/www.moskito.cz\/es\/wp-json\/wp\/v2\/product\/356687","targetHints":{"allow":["GET"]}}],"collection":[{"href":"https:\/\/www.moskito.cz\/es\/wp-json\/wp\/v2\/product"}],"about":[{"href":"https:\/\/www.moskito.cz\/es\/wp-json\/wp\/v2\/types\/product"}],"replies":[{"embeddable":true,"href":"https:\/\/www.moskito.cz\/es\/wp-json\/wp\/v2\/comments?post=356687"}],"wp:featuredmedia":[{"embeddable":true,"href":"https:\/\/www.moskito.cz\/es\/wp-json\/wp\/v2\/media\/356639"}],"wp:attachment":[{"href":"https:\/\/www.moskito.cz\/es\/wp-json\/wp\/v2\/media?parent=356687"}],"wp:term":[{"taxonomy":"pwb-brand","embeddable":true,"href":"https:\/\/www.moskito.cz\/es\/wp-json\/wp\/v2\/pwb-brand?post=356687"},{"taxonomy":"product_brand","embeddable":true,"href":"https:\/\/www.moskito.cz\/es\/wp-json\/wp\/v2\/product_brand?post=356687"},{"taxonomy":"product_cat","embeddable":true,"href":"https:\/\/www.moskito.cz\/es\/wp-json\/wp\/v2\/product_cat?post=356687"},{"taxonomy":"product_tag","embeddable":true,"href":"https:\/\/www.moskito.cz\/es\/wp-json\/wp\/v2\/product_tag?post=356687"}],"curies":[{"name":"wp","href":"https:\/\/api.w.org\/{rel}","templated":true}]}}