{"id":356764,"date":"2024-08-14T13:11:09","date_gmt":"2024-08-14T12:20:56","guid":{"rendered":"https:\/\/www.moskito.cz\/produkt\/cuchillo-fijo-muela-sherpa-18c\/"},"modified":"2025-05-07T11:23:22","modified_gmt":"2025-05-07T10:23:22","slug":"cuchillo-fijo-muela-sherpa-18c","status":"publish","type":"product","link":"https:\/\/www.moskito.cz\/es\/produkt\/cuchillo-fijo-muela-sherpa-18c\/","title":{"rendered":"Cuchillo Fijo Muela SHERPA-18C"},"content":{"rendered":"<p>Cuchillo Fijo <strong>Muela<\/strong> SHERPA-18C. Muela Sherpa 18-C Micarta Marr\u00f3n, satinada, machete para exteriores con construcci\u00f3n de espiga completa.  Hoja de acero inoxidable X50CrMoV15 con acabado satinado. C\u00f3modo mango de micarta. Un excelente ayudante para la caza, actividades al aire libre o supervivencia. 1.4116 (X50CrMoV15): acero inoxidable martens\u00edtico con alto contenido de carbono y molibdeno-vanadio, altamente resistente a la corrosi\u00f3n y al desgaste. Se utiliza en la fabricaci\u00f3n de cuchillos, cubiertos de \u00faltima generaci\u00f3n e instrumentos quir\u00fargicos. Se caracteriza por una dureza relativamente alta para los aceros inoxidables de 57-58 HRC. La composici\u00f3n qu\u00edmica del acero se enriquece con una mezcla de 15,0% de cromo, 0,80% de molibdeno y 0,20% de vanadio. Hoja: tipo cuchilla (cortac\u00e9sped) con una l\u00ednea de corte recta. La hoja plana se deriva del Flat Grind, que proporciona excelentes propiedades de corte combinadas con una excelente durabilidad. La gran bobina facilita el control del machete para un trabajo m\u00e1s preciso. Mango perfilado, cubierto con empu\u00f1aduras de micarta pulidas e impermeables. Proporciona un agarre c\u00f3modo y seguro. Est\u00e1n fabricados de lat\u00f3n con alto contenido de n\u00edquel mediante remaches que sujetan las tapas de los mangos. Una ranura profunda para los dedos crea una mini protecci\u00f3n que evita que la mano se resbale sobre la hoja. En la parte posterior del mango hay una abertura para un cord\u00f3n de seguridad (incluido en el paquete). Vaina: hecha de piel de vaca natural bien curtida de color marr\u00f3n.    Logotipo del fabricante grabado en la superficie. La funda est\u00e1 cosida en los bordes con hilo decorativo. Montarlo en su cintur\u00f3n o en su equipo le permite llevar el cuchillo en posici\u00f3n vertical. Especificaciones: N\u00famero de producto: Sherpa 18-C Nombre del producto: Muela Sherpa 18-C Micarta marr\u00f3n, sat\u00e9n Longitud total: 33 cm \/ 13,0&#8243; Longitud de la hoja: 17 cm \/ 6,69&#8243; Grosor de la hoja: nd Longitud del mango: 16 cm \/ 6,3&#8243; Grosor del mango: nd Peso: 850,0 g \/ 30,0 oz Material de la hoja: X50CrMoV15 Dureza de la hoja: nd Afilado de la hoja: Plano Acabado de la hoja: Sat\u00e9n Material del mango: Micarta Color del acabado del mango: Marr\u00f3n Funda (estuche): Cuero Otros accesorios: Cuerda Paracord Dise\u00f1ador: Muela Marca: Muela Fabricante: Manufacturas Muela, SA Pa\u00eds de origen: Espa\u00f1a  &nbsp;<\/p>\n","protected":false},"excerpt":{"rendered":"<p><strong>Muela Sherpa 18-C Micarta Marr\u00f3n, satinada, machete para exteriores con construcci\u00f3n de espiga completa.<\/strong><\/p>\n","protected":false},"featured_media":356704,"comment_status":"open","ping_status":"closed","template":"","meta":[],"pwb-brand":[3908],"product_brand":[],"product_cat":[3726,3727],"product_tag":[3756],"class_list":{"0":"post-356764","1":"product","2":"type-product","3":"status-publish","4":"has-post-thumbnail","6":"pwb-brand-ella-tenia-que","7":"product_cat-cuchillos","8":"product_cat-cuchillos-macizos","9":"product_tag-b2b-es","11":"first","12":"instock","13":"taxable","14":"shipping-taxable","15":"purchasable","16":"product-type-simple"},"brands":[{"id":3908,"name":"Ella ten\u00eda que","slug":"ella-tenia-que"}],"_links":{"self":[{"href":"https:\/\/www.moskito.cz\/es\/wp-json\/wp\/v2\/product\/356764","targetHints":{"allow":["GET"]}}],"collection":[{"href":"https:\/\/www.moskito.cz\/es\/wp-json\/wp\/v2\/product"}],"about":[{"href":"https:\/\/www.moskito.cz\/es\/wp-json\/wp\/v2\/types\/product"}],"replies":[{"embeddable":true,"href":"https:\/\/www.moskito.cz\/es\/wp-json\/wp\/v2\/comments?post=356764"}],"wp:featuredmedia":[{"embeddable":true,"href":"https:\/\/www.moskito.cz\/es\/wp-json\/wp\/v2\/media\/356704"}],"wp:attachment":[{"href":"https:\/\/www.moskito.cz\/es\/wp-json\/wp\/v2\/media?parent=356764"}],"wp:term":[{"taxonomy":"pwb-brand","embeddable":true,"href":"https:\/\/www.moskito.cz\/es\/wp-json\/wp\/v2\/pwb-brand?post=356764"},{"taxonomy":"product_brand","embeddable":true,"href":"https:\/\/www.moskito.cz\/es\/wp-json\/wp\/v2\/product_brand?post=356764"},{"taxonomy":"product_cat","embeddable":true,"href":"https:\/\/www.moskito.cz\/es\/wp-json\/wp\/v2\/product_cat?post=356764"},{"taxonomy":"product_tag","embeddable":true,"href":"https:\/\/www.moskito.cz\/es\/wp-json\/wp\/v2\/product_tag?post=356764"}],"curies":[{"name":"wp","href":"https:\/\/api.w.org\/{rel}","templated":true}]}}