{"id":356772,"date":"2024-08-14T13:18:37","date_gmt":"2024-08-14T12:21:01","guid":{"rendered":"https:\/\/www.moskito.cz\/produkt\/cuchillo-fijo-muela-gaucho-20a\/"},"modified":"2025-05-07T11:23:23","modified_gmt":"2025-05-07T10:23:23","slug":"cuchillo-fijo-muela-gaucho-20a","status":"publish","type":"product","link":"https:\/\/www.moskito.cz\/es\/produkt\/cuchillo-fijo-muela-gaucho-20a\/","title":{"rendered":"Cuchillo Fijo Muela GAUCHO-20A"},"content":{"rendered":"<p>Cuchillo Fijo <strong>Muela<\/strong> GAUCHO-20A. Los cuchillos <strong>Muela<\/strong> son producidos por una empresa espa\u00f1ola que produce cuchillos de caza, navajas, cuchillos de lujo y muchos otros asequibles y de alta calidad. En la producci\u00f3n de cuchillas, la empresa Muela utiliza diferentes tipos de acero, p.e. 12C27 Sandvik, 14C28N, acero molibdeno vanadio MOVA 60 con una dureza de 57-61 HRC, acero Inox 1-42 con una dureza de 54-58HRC y las hojas marcadas con 440 est\u00e1n hechas de acero Mova-60E. Los cuchillos Muela Damasco son el resultado de la combinaci\u00f3n de dos aceros, RWL34 y MPC27, que tienen una dureza de 57-62 HRC. Los mangos de los cuchillos Muela est\u00e1n decorados con materiales de primera calidad que incluyen asta y diferentes tipos de madera: olivo, Blackwood de \u00c1frica, Kingwood, COCOBOLO, Palosanto de Amazonas y madera de nogal. Cuchillo de caza fino con un dise\u00f1o sencillo y directo. Su hoja larga es utilizada principalmente por cazadores y cazadores en diversas actividades. El mango de asta de ciervo subraya la impresi\u00f3n general. La hoja est\u00e1 fabricada en acero inoxidable de alta calidad. El filo de la hoja sirve de protecci\u00f3n durante el trabajo.      Los herrajes y el pie del mango son de metal en color plata. El cuchillo viene con una funda de cuero marr\u00f3n. Descripci\u00f3n completa del producto Material de la hoja: X50CrMoV15 Material del mango: Asta Material de la funda: Cuero Longitud de la hoja: 20 cm Longitud total: 32,5 cm Longitud del mango: 12,5 cm Peso: 220 g Uso: Caza Tipo de cuchillo: Espiga completa <\/p>\n","protected":false},"excerpt":{"rendered":"<p><strong>Los cuchillos Muela son producidos por una empresa espa\u00f1ola que produce cuchillos de caza, navajas, cuchillos de lujo y muchos otros asequibles y de alta calidad.<\/strong><\/p>\n","protected":false},"featured_media":356754,"comment_status":"open","ping_status":"closed","template":"","meta":[],"pwb-brand":[3908],"product_brand":[],"product_cat":[3726,3727],"product_tag":[3756],"class_list":{"0":"post-356772","1":"product","2":"type-product","3":"status-publish","4":"has-post-thumbnail","6":"pwb-brand-ella-tenia-que","7":"product_cat-cuchillos","8":"product_cat-cuchillos-macizos","9":"product_tag-b2b-es","11":"first","12":"outofstock","13":"taxable","14":"shipping-taxable","15":"purchasable","16":"product-type-simple"},"brands":[{"id":3908,"name":"Ella ten\u00eda que","slug":"ella-tenia-que"}],"_links":{"self":[{"href":"https:\/\/www.moskito.cz\/es\/wp-json\/wp\/v2\/product\/356772","targetHints":{"allow":["GET"]}}],"collection":[{"href":"https:\/\/www.moskito.cz\/es\/wp-json\/wp\/v2\/product"}],"about":[{"href":"https:\/\/www.moskito.cz\/es\/wp-json\/wp\/v2\/types\/product"}],"replies":[{"embeddable":true,"href":"https:\/\/www.moskito.cz\/es\/wp-json\/wp\/v2\/comments?post=356772"}],"wp:featuredmedia":[{"embeddable":true,"href":"https:\/\/www.moskito.cz\/es\/wp-json\/wp\/v2\/media\/356754"}],"wp:attachment":[{"href":"https:\/\/www.moskito.cz\/es\/wp-json\/wp\/v2\/media?parent=356772"}],"wp:term":[{"taxonomy":"pwb-brand","embeddable":true,"href":"https:\/\/www.moskito.cz\/es\/wp-json\/wp\/v2\/pwb-brand?post=356772"},{"taxonomy":"product_brand","embeddable":true,"href":"https:\/\/www.moskito.cz\/es\/wp-json\/wp\/v2\/product_brand?post=356772"},{"taxonomy":"product_cat","embeddable":true,"href":"https:\/\/www.moskito.cz\/es\/wp-json\/wp\/v2\/product_cat?post=356772"},{"taxonomy":"product_tag","embeddable":true,"href":"https:\/\/www.moskito.cz\/es\/wp-json\/wp\/v2\/product_tag?post=356772"}],"curies":[{"name":"wp","href":"https:\/\/api.w.org\/{rel}","templated":true}]}}