{"id":356805,"date":"2024-08-14T13:32:42","date_gmt":"2024-08-14T12:33:33","guid":{"rendered":"https:\/\/www.moskito.cz\/produkt\/cuchillo-fijo-muela-gaucho-20co\/"},"modified":"2025-05-07T11:23:24","modified_gmt":"2025-05-07T10:23:24","slug":"cuchillo-fijo-muela-gaucho-20co","status":"publish","type":"product","link":"https:\/\/www.moskito.cz\/es\/produkt\/cuchillo-fijo-muela-gaucho-20co\/","title":{"rendered":"Cuchillo Fijo Muela GAUCHO-20CO"},"content":{"rendered":"<p>Cuchillo Fijo <strong>Muela<\/strong> GAUCHO-20CO. Cuchillo de caza de la empresa espa\u00f1ola Muela, indicado para cazadores que necesitan un cuchillo de hoja larga y delgada. Ser\u00e1 igualmente \u00fatil cuando permanezca en la naturaleza y acampe. La hoja est\u00e1 fabricada en acero inoxidable MoVa. El elegante mango de madera de Pakka est\u00e1 rematado con un pie de acero. El cuchillo viene con una funda de cuero. Material de la hoja: MoVa Material del mango: Pakka Material de la funda: Cuero Longitud de la hoja: 20 cm Longitud total: 33 cm Longitud del mango: 13 cm Peso: 204 g Tipo de hoja: Drop Point      <\/p>\n","protected":false},"excerpt":{"rendered":"<p><strong>Cuchillo de caza de la empresa espa\u00f1ola Muela, indicado para cazadores que necesitan un cuchillo de hoja larga y delgada. Ser\u00e1 igualmente \u00fatil cuando permanezca en la naturaleza y acampe. <\/strong><\/p>\n","protected":false},"featured_media":356786,"comment_status":"open","ping_status":"closed","template":"","meta":[],"pwb-brand":[3908],"product_brand":[],"product_cat":[3726,3727],"product_tag":[3756],"class_list":{"0":"post-356805","1":"product","2":"type-product","3":"status-publish","4":"has-post-thumbnail","6":"pwb-brand-ella-tenia-que","7":"product_cat-cuchillos","8":"product_cat-cuchillos-macizos","9":"product_tag-b2b-es","11":"first","12":"instock","13":"taxable","14":"shipping-taxable","15":"purchasable","16":"product-type-simple"},"brands":[{"id":3908,"name":"Ella ten\u00eda que","slug":"ella-tenia-que"}],"_links":{"self":[{"href":"https:\/\/www.moskito.cz\/es\/wp-json\/wp\/v2\/product\/356805","targetHints":{"allow":["GET"]}}],"collection":[{"href":"https:\/\/www.moskito.cz\/es\/wp-json\/wp\/v2\/product"}],"about":[{"href":"https:\/\/www.moskito.cz\/es\/wp-json\/wp\/v2\/types\/product"}],"replies":[{"embeddable":true,"href":"https:\/\/www.moskito.cz\/es\/wp-json\/wp\/v2\/comments?post=356805"}],"wp:featuredmedia":[{"embeddable":true,"href":"https:\/\/www.moskito.cz\/es\/wp-json\/wp\/v2\/media\/356786"}],"wp:attachment":[{"href":"https:\/\/www.moskito.cz\/es\/wp-json\/wp\/v2\/media?parent=356805"}],"wp:term":[{"taxonomy":"pwb-brand","embeddable":true,"href":"https:\/\/www.moskito.cz\/es\/wp-json\/wp\/v2\/pwb-brand?post=356805"},{"taxonomy":"product_brand","embeddable":true,"href":"https:\/\/www.moskito.cz\/es\/wp-json\/wp\/v2\/product_brand?post=356805"},{"taxonomy":"product_cat","embeddable":true,"href":"https:\/\/www.moskito.cz\/es\/wp-json\/wp\/v2\/product_cat?post=356805"},{"taxonomy":"product_tag","embeddable":true,"href":"https:\/\/www.moskito.cz\/es\/wp-json\/wp\/v2\/product_tag?post=356805"}],"curies":[{"name":"wp","href":"https:\/\/api.w.org\/{rel}","templated":true}]}}