{"id":356837,"date":"2024-08-14T13:58:01","date_gmt":"2024-08-14T12:58:33","guid":{"rendered":"https:\/\/www.moskito.cz\/produkt\/cuchillo-macizo-muela-rehala-27s\/"},"modified":"2025-05-07T11:23:25","modified_gmt":"2025-05-07T10:23:25","slug":"cuchillo-macizo-muela-rehala-27s","status":"publish","type":"product","link":"https:\/\/www.moskito.cz\/es\/produkt\/cuchillo-macizo-muela-rehala-27s\/","title":{"rendered":"Cuchillo Macizo Muela REHALA-27S"},"content":{"rendered":"<p>Cuchillo Macizo <strong>Muela<\/strong> REHALA-27S. Este cuchillo est\u00e1 destinado principalmente a cazadores y cazadores. Gracias a la hoja larga y afilada por ambos lados, tambi\u00e9n se utiliza muy bien para apu\u00f1alar, es decir, para matar r\u00e1pidamente a los animales de caza mayor.   Los cuchillos <strong>Muela<\/strong> son producidos por una empresa espa\u00f1ola que produce cuchillos de caza, navajas, cuchillos de lujo y muchos otros asequibles y de alta calidad. En la producci\u00f3n de cuchillas, la empresa Muela utiliza varios tipos de acero, por ejemplo, 12C27 Sandvik, 14C28N, acero al molibdeno-vanadio MOVA 60 con una dureza de 57-61 HRC, acero Inox 1-42 con una dureza de 54-58HRC. Las hojas marcadas con 440 est\u00e1n hechas de acero Mova-60E. Los cuchillos Muela Damasco son el resultado de la combinaci\u00f3n de dos aceros, RWL34 y MPC27, que tienen una dureza de 57-62 HRC. Los mangos de los cuchillos Muela est\u00e1n decorados con materiales de primera calidad, entre los que se incluyen asta y diferentes tipos de madera: olivo, Blackwood de \u00c1frica, Kingwood, cocobolo, Palosanto de Amazonas y madera de nogal. Detalle del producto: Cuchillo Muela REHALA 27S Largo cuchillo: 40 cm Largo hoja: 27 cm Acero: Nitro42 Material mango: asta Funda: Cuero<\/p>\n","protected":false},"excerpt":{"rendered":"<p><strong>Este cuchillo est\u00e1 destinado principalmente a cazadores y cazadores. Gracias a la hoja larga y afilada por ambos lados, tambi\u00e9n se utiliza muy bien para apu\u00f1alar, es decir, para matar r\u00e1pidamente a los animales de caza mayor. <\/strong><\/p>\n<p><strong>Transporte gratuito.<\/strong><\/p>\n","protected":false},"featured_media":356828,"comment_status":"open","ping_status":"closed","template":"","meta":[],"pwb-brand":[3908],"product_brand":[],"product_cat":[3726,3727],"product_tag":[3756],"class_list":{"0":"post-356837","1":"product","2":"type-product","3":"status-publish","4":"has-post-thumbnail","6":"pwb-brand-ella-tenia-que","7":"product_cat-cuchillos","8":"product_cat-cuchillos-macizos","9":"product_tag-b2b-es","11":"first","12":"instock","13":"taxable","14":"shipping-taxable","15":"purchasable","16":"product-type-simple"},"brands":[{"id":3908,"name":"Ella ten\u00eda que","slug":"ella-tenia-que"}],"_links":{"self":[{"href":"https:\/\/www.moskito.cz\/es\/wp-json\/wp\/v2\/product\/356837","targetHints":{"allow":["GET"]}}],"collection":[{"href":"https:\/\/www.moskito.cz\/es\/wp-json\/wp\/v2\/product"}],"about":[{"href":"https:\/\/www.moskito.cz\/es\/wp-json\/wp\/v2\/types\/product"}],"replies":[{"embeddable":true,"href":"https:\/\/www.moskito.cz\/es\/wp-json\/wp\/v2\/comments?post=356837"}],"wp:featuredmedia":[{"embeddable":true,"href":"https:\/\/www.moskito.cz\/es\/wp-json\/wp\/v2\/media\/356828"}],"wp:attachment":[{"href":"https:\/\/www.moskito.cz\/es\/wp-json\/wp\/v2\/media?parent=356837"}],"wp:term":[{"taxonomy":"pwb-brand","embeddable":true,"href":"https:\/\/www.moskito.cz\/es\/wp-json\/wp\/v2\/pwb-brand?post=356837"},{"taxonomy":"product_brand","embeddable":true,"href":"https:\/\/www.moskito.cz\/es\/wp-json\/wp\/v2\/product_brand?post=356837"},{"taxonomy":"product_cat","embeddable":true,"href":"https:\/\/www.moskito.cz\/es\/wp-json\/wp\/v2\/product_cat?post=356837"},{"taxonomy":"product_tag","embeddable":true,"href":"https:\/\/www.moskito.cz\/es\/wp-json\/wp\/v2\/product_tag?post=356837"}],"curies":[{"name":"wp","href":"https:\/\/api.w.org\/{rel}","templated":true}]}}