{"id":356844,"date":"2023-08-21T21:26:52","date_gmt":"2024-08-14T13:01:20","guid":{"rendered":"https:\/\/www.moskito.cz\/produkt\/cuchillo-fijo-muela-magnum-23a\/"},"modified":"2025-05-07T11:23:26","modified_gmt":"2025-05-07T10:23:26","slug":"cuchillo-fijo-muela-magnum-23a","status":"publish","type":"product","link":"https:\/\/www.moskito.cz\/es\/produkt\/cuchillo-fijo-muela-magnum-23a\/","title":{"rendered":"Cuchillo Fijo Muela Magnum 23A"},"content":{"rendered":"<p>Cuchillo Fijo <strong>Muela<\/strong> Magnum 23A El cuchillo Muela Magnum 23A es sin duda una pieza impresionante. Dise\u00f1ado para satisfacer las necesidades tanto de cazadores experimentados como aficionados, este cuchillo de caza es un verdadero tesoro. Su hoja est\u00e1 fabricada en acero molibdeno vanadio, lo que le confiere una gran dureza de 57-58 HRC, lo que le asegura una larga vida \u00fatil. La empu\u00f1adura de este cuchillo es igualmente llamativa: est\u00e1 hecha de aut\u00e9ntica asta de ciervo. Este material no s\u00f3lo tiene un aspecto incre\u00edble, sino que tambi\u00e9n proporciona un agarre c\u00f3modo y firme, incluso durante un uso prolongado. Y para que puedas llevarlo contigo a todas partes, viene con una funda de piel de calidad. El Muela Magnum 23A es un cuchillo grande con una longitud total de 36 cm. La hoja mide 23 cm y es extremadamente fuerte y afilada. Con un peso de 460 gramos, este cuchillo es f\u00e1cil de manejar y se puede utilizar tanto con la mano derecha como con la izquierda. Si buscas un cuchillo resistente, duradero y elegante, \u00a1el Muela Magnum 23A es definitivamente una excelente opci\u00f3n! Adem\u00e1s, tiene un precio muy competitivo en el mercado, lo que la convierte en una gran inversi\u00f3n para quienes aprecian la calidad y funcionalidad de su herramienta de caza. En resumen, las principales caracter\u00edsticas del cuchillo Muela Magnum 23A incluyen: Hoja de acero molibdeno vanadio con una dureza de 57-58 HRC. Mango derecho de asta de ciervo. Funda de piel de alta calidad. Largo total 36 cm, con hoja 23 cm. Peso 460 gramos. Dise\u00f1ado para uso diestro o zurdo. No pierdas la oportunidad de hacerte con este genial cuchillo de caza, \u00a1pide el tuyo ahora!                   &nbsp;<\/p>\n<p>&nbsp;<\/p>\n","protected":false},"excerpt":{"rendered":"<p><strong>El cuchillo Muela Magnum 23A es sin duda una pieza impresionante. Este cuchillo de caza, dise\u00f1ado para satisfacer las necesidades tanto de cazadores experimentados como aficionados. <\/strong><\/p>\n","protected":false},"featured_media":356846,"comment_status":"open","ping_status":"closed","template":"","meta":[],"pwb-brand":[3908],"product_brand":[],"product_cat":[3726,3727],"product_tag":[3756],"class_list":{"0":"post-356844","1":"product","2":"type-product","3":"status-publish","4":"has-post-thumbnail","6":"pwb-brand-ella-tenia-que","7":"product_cat-cuchillos","8":"product_cat-cuchillos-macizos","9":"product_tag-b2b-es","11":"first","12":"instock","13":"taxable","14":"shipping-taxable","15":"purchasable","16":"product-type-simple"},"brands":[{"id":3908,"name":"Ella ten\u00eda que","slug":"ella-tenia-que"}],"_links":{"self":[{"href":"https:\/\/www.moskito.cz\/es\/wp-json\/wp\/v2\/product\/356844","targetHints":{"allow":["GET"]}}],"collection":[{"href":"https:\/\/www.moskito.cz\/es\/wp-json\/wp\/v2\/product"}],"about":[{"href":"https:\/\/www.moskito.cz\/es\/wp-json\/wp\/v2\/types\/product"}],"replies":[{"embeddable":true,"href":"https:\/\/www.moskito.cz\/es\/wp-json\/wp\/v2\/comments?post=356844"}],"wp:featuredmedia":[{"embeddable":true,"href":"https:\/\/www.moskito.cz\/es\/wp-json\/wp\/v2\/media\/356846"}],"wp:attachment":[{"href":"https:\/\/www.moskito.cz\/es\/wp-json\/wp\/v2\/media?parent=356844"}],"wp:term":[{"taxonomy":"pwb-brand","embeddable":true,"href":"https:\/\/www.moskito.cz\/es\/wp-json\/wp\/v2\/pwb-brand?post=356844"},{"taxonomy":"product_brand","embeddable":true,"href":"https:\/\/www.moskito.cz\/es\/wp-json\/wp\/v2\/product_brand?post=356844"},{"taxonomy":"product_cat","embeddable":true,"href":"https:\/\/www.moskito.cz\/es\/wp-json\/wp\/v2\/product_cat?post=356844"},{"taxonomy":"product_tag","embeddable":true,"href":"https:\/\/www.moskito.cz\/es\/wp-json\/wp\/v2\/product_tag?post=356844"}],"curies":[{"name":"wp","href":"https:\/\/api.w.org\/{rel}","templated":true}]}}