{"id":356980,"date":"2023-06-01T09:31:41","date_gmt":"2024-08-15T08:21:40","guid":{"rendered":"https:\/\/www.moskito.cz\/produkt\/spyderco-tri-angle-sharpmaker-sistema-de-afilado-completo-afilador-204mf\/"},"modified":"2024-08-15T09:21:40","modified_gmt":"2024-08-15T08:21:40","slug":"spyderco-tri-angle-sharpmaker-sistema-de-afilado-completo-afilador-204mf","status":"publish","type":"product","link":"https:\/\/www.moskito.cz\/es\/produkt\/spyderco-tri-angle-sharpmaker-sistema-de-afilado-completo-afilador-204mf\/","title":{"rendered":"Spyderco Tri-Angle Sharpmaker Sistema de afilado completo Afilador 204MF"},"content":{"rendered":"<p><strong>Spyderco<\/strong> Tri-Angle Sharpmaker Sistema de afilado completo 204MF Probablemente haya o\u00eddo que \u00abun cuchillo afilado es m\u00e1s seguro que uno sin filo\u00bb. Creemos que esta cita es de primera mano y creemos que es cierta. Sharpmaker fue el primer producto <strong>de Spyderco<\/strong> que <strong>Spyderco<\/strong> produjo y vendi\u00f3 antes de ingresar al mercado de cuchillos. Es cierto: Spyderco primero hizo las cosas n\u00edtidas, luego las hizo n\u00edtidas. El Tri-Angle Sharpmaker contiene dos juegos de piedras cer\u00e1micas con alto contenido de al\u00famina: un par de piedras de grano medio (marrones) para un afilado agresivo y un juego de piedras finas (blancas) para un acabado profesional. Las piedras son triangulares para afilar PlainEdges en los lados planos y SpyderEdges (dientes) en las esquinas. Un surco a lo largo de cada piedra permite afilar objetos puntiagudos como ca\u00f1as de pescar, flechas y punzones. Se incluye un juego de barras de seguridad de lat\u00f3n para proteger las manos del usuario mientras rectifica. Todos los componentes encajan en una base y tapa de pl\u00e1stico ABS independientes, listos para viajar con usted. En la base se cortan ranuras y agujeros para piedras. Ajustan con precisi\u00f3n el \u00e1ngulo de afilado de la piedra a 30\u00b0 (15\u00b0 a cada lado) o 40\u00b0 (20\u00b0 a cada lado) para cuchillos y 12,5\u00b0 para tijeras. Gira la base, el canal te permite colocar dos piedras una al lado de la otra (con el lado plano hacia arriba) para usarlas como banco. La tapa encaja hasta la mitad de la base para crear un asa que brinda estabilidad al enfocar. Se incluye un juego de barras de seguridad de lat\u00f3n para proteger las manos del usuario mientras rectifica. Las piedras de cer\u00e1mica, como el vidrio, se rompen al caer; manipule con cuidado. \u00dasalos secos, sin aceite, agua ni lubricantes. Limpieza: frotar las piedras con un alambre de pl\u00e1stico y un limpiador abrasivo motorizado y dejar secar al aire. Tambi\u00e9n apto para autoclave.                  Hecho en EE.UU.  &nbsp;<\/p>\n","protected":false},"excerpt":{"rendered":"<p><strong>El juego de afilado Spyderco Triangle Sharpmaker permite afilar cuchillos de forma sencilla y eficaz.  <\/strong><\/p>\n","protected":false},"featured_media":356981,"comment_status":"open","ping_status":"closed","template":"","meta":[],"pwb-brand":[3771],"product_brand":[],"product_cat":[3715],"product_tag":[3756],"class_list":{"0":"post-356980","1":"product","2":"type-product","3":"status-publish","4":"has-post-thumbnail","6":"pwb-brand-spyderco-es","7":"product_cat-muelas-abrasivas-y-aceros","8":"product_tag-b2b-es","10":"first","11":"instock","12":"taxable","13":"shipping-taxable","14":"purchasable","15":"product-type-simple"},"brands":[{"id":3771,"name":"spyderco","slug":"spyderco-es"}],"_links":{"self":[{"href":"https:\/\/www.moskito.cz\/es\/wp-json\/wp\/v2\/product\/356980","targetHints":{"allow":["GET"]}}],"collection":[{"href":"https:\/\/www.moskito.cz\/es\/wp-json\/wp\/v2\/product"}],"about":[{"href":"https:\/\/www.moskito.cz\/es\/wp-json\/wp\/v2\/types\/product"}],"replies":[{"embeddable":true,"href":"https:\/\/www.moskito.cz\/es\/wp-json\/wp\/v2\/comments?post=356980"}],"wp:featuredmedia":[{"embeddable":true,"href":"https:\/\/www.moskito.cz\/es\/wp-json\/wp\/v2\/media\/356981"}],"wp:attachment":[{"href":"https:\/\/www.moskito.cz\/es\/wp-json\/wp\/v2\/media?parent=356980"}],"wp:term":[{"taxonomy":"pwb-brand","embeddable":true,"href":"https:\/\/www.moskito.cz\/es\/wp-json\/wp\/v2\/pwb-brand?post=356980"},{"taxonomy":"product_brand","embeddable":true,"href":"https:\/\/www.moskito.cz\/es\/wp-json\/wp\/v2\/product_brand?post=356980"},{"taxonomy":"product_cat","embeddable":true,"href":"https:\/\/www.moskito.cz\/es\/wp-json\/wp\/v2\/product_cat?post=356980"},{"taxonomy":"product_tag","embeddable":true,"href":"https:\/\/www.moskito.cz\/es\/wp-json\/wp\/v2\/product_tag?post=356980"}],"curies":[{"name":"wp","href":"https:\/\/api.w.org\/{rel}","templated":true}]}}