{"id":356992,"date":"2023-06-01T09:03:03","date_gmt":"2023-06-01T08:03:03","guid":{"rendered":"https:\/\/www.moskito.cz\/produkt\/juego-de-2-varillas-de-nitruro-de-boro-cubico-spyderco-triangle-sharpmaker-204cbn\/"},"modified":"2024-08-15T09:23:14","modified_gmt":"2024-08-15T08:23:14","slug":"juego-de-2-varillas-de-nitruro-de-boro-cubico-spyderco-triangle-sharpmaker-204cbn","status":"publish","type":"product","link":"https:\/\/www.moskito.cz\/es\/produkt\/juego-de-2-varillas-de-nitruro-de-boro-cubico-spyderco-triangle-sharpmaker-204cbn\/","title":{"rendered":"Juego de 2 varillas de nitruro de boro c\u00fabico Spyderco Triangle Sharpmaker 204CBN"},"content":{"rendered":"<p>Juego de 2 varillas de nitruro de boro c\u00fabico <strong>Spyderco<\/strong> Triangle Sharpmaker 204CBN. Estos son tri\u00e1ngulos de acero recubiertos con aglutinante y luego recubiertos con part\u00edculas de nitruro de boro c\u00fabico. El nitruro de boro c\u00fabico es un superabrasivo que ocupa el segundo lugar en dureza despu\u00e9s del diamante. Ofrece una resistencia a la abrasi\u00f3n y una conductividad t\u00e9rmica superiores en comparaci\u00f3n con los abrasivos convencionales como el carburo de silicio y la al\u00famina, lo que lo convierte en el abrasivo preferido en muchas aplicaciones de rectificado industrial avanzadas. Ahora puede combinar los beneficios de este superabrasivo de corte r\u00e1pido con la conveniencia y facilidad de uso del Spyderco Tri-Angle Sharpmaker. Se recomiendan abrasivos extremadamente duros cuando se desea eliminar material, con fines de restauraci\u00f3n y remodelaci\u00f3n agresiva, biselado y perfilado del filo. El tama\u00f1o del grano de CBN es de aproximadamente 40 micrones. El abrasivo CBN es significativamente m\u00e1s grueso que las piedras cer\u00e1micas medianas. Las barras de CBN deben usarse con una presi\u00f3n MUY LIGERA. El uso recomendado es menos de 5 gramos (hay 28 gramos en una onza) y una presi\u00f3n excesiva puede cortar el abrasivo de la capa base que lo une a la varilla. Se recomienda rociar la barra con agua antes de usarla para reducir el polvo met\u00e1lico y ralentizar el proceso abrasivo. Las barras son ideales para volver a perfilar el \u00e1ngulo biselado de un cuchillo o biselar hojas cortadas o desconchadas. Como el abrasivo es grueso, los usuarios deben esperar algo de trabaje con piedras medianas despu\u00e9s si lo desea, alise los biseles hasta obtener un grano m\u00e1s fino. Dimensiones 17,8 x 1,3 cm        <\/p>\n","protected":false},"excerpt":{"rendered":"<p>Tri\u00e1ngulos de acero cubiertos con aglutinante y luego cubiertos con part\u00edculas c\u00fabicas de nitruro de boro.<\/p>\n","protected":false},"featured_media":356993,"comment_status":"open","ping_status":"closed","template":"","meta":[],"pwb-brand":[3771],"product_brand":[],"product_cat":[3715],"product_tag":[3756],"class_list":{"0":"post-356992","1":"product","2":"type-product","3":"status-publish","4":"has-post-thumbnail","6":"pwb-brand-spyderco-es","7":"product_cat-muelas-abrasivas-y-aceros","8":"product_tag-b2b-es","10":"first","11":"instock","12":"taxable","13":"shipping-taxable","14":"purchasable","15":"product-type-simple"},"brands":[{"id":3771,"name":"spyderco","slug":"spyderco-es"}],"_links":{"self":[{"href":"https:\/\/www.moskito.cz\/es\/wp-json\/wp\/v2\/product\/356992","targetHints":{"allow":["GET"]}}],"collection":[{"href":"https:\/\/www.moskito.cz\/es\/wp-json\/wp\/v2\/product"}],"about":[{"href":"https:\/\/www.moskito.cz\/es\/wp-json\/wp\/v2\/types\/product"}],"replies":[{"embeddable":true,"href":"https:\/\/www.moskito.cz\/es\/wp-json\/wp\/v2\/comments?post=356992"}],"wp:featuredmedia":[{"embeddable":true,"href":"https:\/\/www.moskito.cz\/es\/wp-json\/wp\/v2\/media\/356993"}],"wp:attachment":[{"href":"https:\/\/www.moskito.cz\/es\/wp-json\/wp\/v2\/media?parent=356992"}],"wp:term":[{"taxonomy":"pwb-brand","embeddable":true,"href":"https:\/\/www.moskito.cz\/es\/wp-json\/wp\/v2\/pwb-brand?post=356992"},{"taxonomy":"product_brand","embeddable":true,"href":"https:\/\/www.moskito.cz\/es\/wp-json\/wp\/v2\/product_brand?post=356992"},{"taxonomy":"product_cat","embeddable":true,"href":"https:\/\/www.moskito.cz\/es\/wp-json\/wp\/v2\/product_cat?post=356992"},{"taxonomy":"product_tag","embeddable":true,"href":"https:\/\/www.moskito.cz\/es\/wp-json\/wp\/v2\/product_tag?post=356992"}],"curies":[{"name":"wp","href":"https:\/\/api.w.org\/{rel}","templated":true}]}}