{"id":357003,"date":"2022-06-09T15:09:05","date_gmt":"2024-08-15T11:02:52","guid":{"rendered":"https:\/\/www.moskito.cz\/produkt\/cuchillo-fijo-cuchillos-herejes-nephilim-carbon-h003-8a-cf\/"},"modified":"2025-05-07T11:23:31","modified_gmt":"2025-05-07T10:23:31","slug":"cuchillo-fijo-cuchillos-herejes-nephilim-carbon-h003-8a-cf","status":"publish","type":"product","link":"https:\/\/www.moskito.cz\/es\/produkt\/cuchillo-fijo-cuchillos-herejes-nephilim-carbon-h003-8a-cf\/","title":{"rendered":"Cuchillo Fijo Cuchillos Herejes Nephilim Carbon H003-8A-CF"},"content":{"rendered":"<p>Cuchillo Fijo <strong>Cuchillos Herejes<\/strong> Nephilim Carbon H003-8A-CF. Este es el segundo dise\u00f1o de hoja fija de TJ, Nephilim. Fabricado en una sola pieza de acero inoxidable Elmax, es lo suficientemente robusto como para afrontar cualquier tarea y est\u00e1 dise\u00f1ado para el combate. Los mangos de fibra de carbono est\u00e1n hechos para darle a los cuchillos una apariencia y tacto excelentes, con una textura para un mejor agarre. Con un peso de 10,3 onzas, el cuchillo cuenta con una funda de nailon con forro de kydex y un orificio para cord\u00f3n integrado en la culata. Es una hoja fija t\u00e1ctica devastadora que tiene un gran impacto y se fabric\u00f3 con orgullo en los EE. UU. Pieza total: 30 cm Hoja: 16 cm Elmax Grosor de la hoja: 0,5 cm Peso 9,05 oz. Tipo de funda de nailon: Hoja fija Fabricada en EE. UU.        &nbsp;<\/p>\n<p>&nbsp;<\/p>\n","protected":false},"excerpt":{"rendered":"<div class=\"elementor-element elementor-element-bbb542b elementor-widget elementor-widget-woocommerce-product-short-description\" data-id=\"bbb542b\" data-element_type=\"widget\" data-widget_type=\"woocommerce-product-short-description.default\">\n<div class=\"elementor-widget-container\">\n<div class=\"woocommerce-product-details__short-description\">\n<div class=\"elementor-element elementor-element-bbb542b elementor-widget elementor-widget-woocommerce-product-short-description\" data-id=\"bbb542b\" data-element_type=\"widget\" data-widget_type=\"woocommerce-product-short-description.default\">\n<div class=\"elementor-widget-container\">\n<div class=\"woocommerce-product-details__short-description\">\n<div class=\"elementor-element elementor-element-bbb542b elementor-widget elementor-widget-woocommerce-product-short-description\" data-id=\"bbb542b\" data-element_type=\"widget\" data-widget_type=\"woocommerce-product-short-description.default\">\n<div class=\"elementor-widget-container\">\n<div class=\"woocommerce-product-details__short-description\">\n<div class=\"elementor-element elementor-element-bbb542b elementor-widget elementor-widget-woocommerce-product-short-description\" data-id=\"bbb542b\" data-element_type=\"widget\" data-widget_type=\"woocommerce-product-short-description.default\">\n<div class=\"elementor-widget-container\">\n<div class=\"woocommerce-product-details__short-description\">  Todos nuestros cuchillos se fabrican en los EE. UU. y lo mantendremos as\u00ed. Cuando compra uno de nuestros cuchillos, puede confiar en su herramienta sabiendo que est\u00e1 respaldada por una empresa estadounidense. Nuestros cuchillos se fabrican en peque\u00f1os lotes para garantizar que obtenga un cuchillo de calidad al que se le preste la atenci\u00f3n que otros cuchillos producidos en masa no tienen.  <strong>Transporte gratuito.<\/strong><\/p>\n<\/div>\n<\/div>\n<\/div>\n<\/div>\n<\/div>\n<\/div>\n<\/div>\n<\/div>\n<\/div>\n<\/div>\n<\/div>\n<\/div>\n","protected":false},"featured_media":357005,"comment_status":"open","ping_status":"closed","template":"","meta":[],"pwb-brand":[3757],"product_brand":[],"product_cat":[3726,3727],"product_tag":[],"class_list":{"0":"post-357003","1":"product","2":"type-product","3":"status-publish","4":"has-post-thumbnail","6":"pwb-brand-cuchillos-herejes","7":"product_cat-cuchillos","8":"product_cat-cuchillos-macizos","10":"first","11":"instock","12":"taxable","13":"shipping-taxable","14":"purchasable","15":"product-type-simple"},"brands":[{"id":3757,"name":"Cuchillos herejes","slug":"cuchillos-herejes"}],"_links":{"self":[{"href":"https:\/\/www.moskito.cz\/es\/wp-json\/wp\/v2\/product\/357003","targetHints":{"allow":["GET"]}}],"collection":[{"href":"https:\/\/www.moskito.cz\/es\/wp-json\/wp\/v2\/product"}],"about":[{"href":"https:\/\/www.moskito.cz\/es\/wp-json\/wp\/v2\/types\/product"}],"replies":[{"embeddable":true,"href":"https:\/\/www.moskito.cz\/es\/wp-json\/wp\/v2\/comments?post=357003"}],"wp:featuredmedia":[{"embeddable":true,"href":"https:\/\/www.moskito.cz\/es\/wp-json\/wp\/v2\/media\/357005"}],"wp:attachment":[{"href":"https:\/\/www.moskito.cz\/es\/wp-json\/wp\/v2\/media?parent=357003"}],"wp:term":[{"taxonomy":"pwb-brand","embeddable":true,"href":"https:\/\/www.moskito.cz\/es\/wp-json\/wp\/v2\/pwb-brand?post=357003"},{"taxonomy":"product_brand","embeddable":true,"href":"https:\/\/www.moskito.cz\/es\/wp-json\/wp\/v2\/product_brand?post=357003"},{"taxonomy":"product_cat","embeddable":true,"href":"https:\/\/www.moskito.cz\/es\/wp-json\/wp\/v2\/product_cat?post=357003"},{"taxonomy":"product_tag","embeddable":true,"href":"https:\/\/www.moskito.cz\/es\/wp-json\/wp\/v2\/product_tag?post=357003"}],"curies":[{"name":"wp","href":"https:\/\/api.w.org\/{rel}","templated":true}]}}