{"id":357089,"date":"2024-08-15T12:47:44","date_gmt":"2024-08-15T11:48:21","guid":{"rendered":"https:\/\/www.moskito.cz\/produkt\/cuchillo-fijo-muela-bear-24a\/"},"modified":"2025-05-07T11:23:33","modified_gmt":"2025-05-07T10:23:33","slug":"cuchillo-fijo-muela-bear-24a","status":"publish","type":"product","link":"https:\/\/www.moskito.cz\/es\/produkt\/cuchillo-fijo-muela-bear-24a\/","title":{"rendered":"Cuchillo Fijo Muela BEAR-24A"},"content":{"rendered":"<p>Navaja Fija <strong>Muela<\/strong> BEAR-24A. En la producci\u00f3n de cuchillas, la empresa Muela utiliza diferentes tipos de acero, p.e. 12C27 Sandvik, 14C28N, acero molibdeno vanadio MOVA 60 con una dureza de 57-61 HRC, acero Inox 1-42 con una dureza de 54-58HRC y las hojas marcadas con 440 est\u00e1n hechas de acero Mova-60E. Los cuchillos Muela Damasco son el resultado de la combinaci\u00f3n de dos aceros, RWL34 y MPC27, que tienen una dureza de 57-62 HRC. Los mangos de los cuchillos Muela est\u00e1n decorados con materiales de primera calidad que incluyen asta y diferentes tipos de madera: olivo, Blackwood de \u00c1frica, Kingwood, COCOBOLO, Palosanto de Amazonas y madera de nogal. La hoja est\u00e1 hecha de acero inoxidable de molibdeno vanadio de alta calidad con una dureza de aproximadamente 60 HRC. Para m\u00e1xima seguridad en el trabajo, el cuchillo est\u00e1 equipado con una enorme protecci\u00f3n de doble cara, decorada con una l\u00ednea roja y blanca. El mango es de asta de ciervo y est\u00e1 rematado con un pie met\u00e1lico con la misma decoraci\u00f3n que la guarda.    El cuchillo viene con una funda de cuero marr\u00f3n. Longitud total: 36 cm Longitud de la hoja: 24 cm Peso: 350 g Material de la hoja: X50CrMoV15 Material del mango: asta Funda: cuero  &nbsp;<\/p>\n","protected":false},"excerpt":{"rendered":"<p><strong>En la producci\u00f3n de cuchillas, la empresa Muela utiliza diferentes tipos de acero, p.e. 12C27 Sandvik, 14C28N, acero molibdeno vanadio MOVA 60 con una dureza de 57-61 HRC, acero Inox 1-42 con una dureza de 54-58HRC y las hojas marcadas con 440 est\u00e1n hechas de acero Mova-60E. Los cuchillos Muela Damasco son el resultado de la combinaci\u00f3n de dos aceros, RWL34 y MPC27, que tienen una dureza de 57-62 HRC.<\/strong><\/p>\n<p><strong>Transporte gratuito.<\/strong><\/p>\n","protected":false},"featured_media":357071,"comment_status":"open","ping_status":"closed","template":"","meta":[],"pwb-brand":[3908],"product_brand":[],"product_cat":[3726,3727],"product_tag":[],"class_list":{"0":"post-357089","1":"product","2":"type-product","3":"status-publish","4":"has-post-thumbnail","6":"pwb-brand-ella-tenia-que","7":"product_cat-cuchillos","8":"product_cat-cuchillos-macizos","10":"first","11":"instock","12":"taxable","13":"shipping-taxable","14":"purchasable","15":"product-type-simple"},"brands":[{"id":3908,"name":"Ella ten\u00eda que","slug":"ella-tenia-que"}],"_links":{"self":[{"href":"https:\/\/www.moskito.cz\/es\/wp-json\/wp\/v2\/product\/357089","targetHints":{"allow":["GET"]}}],"collection":[{"href":"https:\/\/www.moskito.cz\/es\/wp-json\/wp\/v2\/product"}],"about":[{"href":"https:\/\/www.moskito.cz\/es\/wp-json\/wp\/v2\/types\/product"}],"replies":[{"embeddable":true,"href":"https:\/\/www.moskito.cz\/es\/wp-json\/wp\/v2\/comments?post=357089"}],"wp:featuredmedia":[{"embeddable":true,"href":"https:\/\/www.moskito.cz\/es\/wp-json\/wp\/v2\/media\/357071"}],"wp:attachment":[{"href":"https:\/\/www.moskito.cz\/es\/wp-json\/wp\/v2\/media?parent=357089"}],"wp:term":[{"taxonomy":"pwb-brand","embeddable":true,"href":"https:\/\/www.moskito.cz\/es\/wp-json\/wp\/v2\/pwb-brand?post=357089"},{"taxonomy":"product_brand","embeddable":true,"href":"https:\/\/www.moskito.cz\/es\/wp-json\/wp\/v2\/product_brand?post=357089"},{"taxonomy":"product_cat","embeddable":true,"href":"https:\/\/www.moskito.cz\/es\/wp-json\/wp\/v2\/product_cat?post=357089"},{"taxonomy":"product_tag","embeddable":true,"href":"https:\/\/www.moskito.cz\/es\/wp-json\/wp\/v2\/product_tag?post=357089"}],"curies":[{"name":"wp","href":"https:\/\/api.w.org\/{rel}","templated":true}]}}