{"id":357153,"date":"2024-08-19T18:28:05","date_gmt":"2024-08-19T17:28:48","guid":{"rendered":"https:\/\/www.moskito.cz\/produkt\/cuchillo-de-tiro-microtech-ludt-gen-iii-azul-stonewash-1136-11bl\/"},"modified":"2025-05-07T11:23:36","modified_gmt":"2025-05-07T10:23:36","slug":"cuchillo-de-tiro-microtech-ludt-gen-iii-azul-stonewash-1136-11bl","status":"publish","type":"product","link":"https:\/\/www.moskito.cz\/es\/produkt\/cuchillo-de-tiro-microtech-ludt-gen-iii-azul-stonewash-1136-11bl\/","title":{"rendered":"Cuchillo de tiro Microtech LUDT Gen III Azul Stonewash 1136-11BL"},"content":{"rendered":"<p>Cuchillo de tiro <strong>Microtech<\/strong> LUDT Gen III Blue Stonewash 1136-11BL. El <strong>Microtech LUDT<\/strong> de Generaci\u00f3n 3 se ve y se siente familiar y presenta varios cambios innovadores. \u00a1Encontrar\u00e1 la devoluci\u00f3n de las inserciones de agarre 3M para un agarre \u00f3ptimo! El nuevo LUDT est\u00e1 soportado por 24 cojinetes de carburo de silicio, lo que hace que funcione m\u00e1s suavemente que nunca. Los tornillos Torx regulares permiten un f\u00e1cil mantenimiento y un clip de transporte desplegable brinda a los usuarios seguridad y acceso r\u00e1pido a este componente resistente al agua. Este modelo cuenta con un mango de aluminio 6061-T6 anodizado azul con inserciones 3M negras. M390MK Hoja tanto de acero inoxidable Stonewash con filo est\u00e1ndar. Herrajes Torx y clip de bolsillo abatible. La hoja est\u00e1 marcada con informaci\u00f3n del modelo y el logotipo de <strong>Microtech<\/strong> . El clip de bolsillo tambi\u00e9n est\u00e1 marcado con el logo <strong>de Microtech<\/strong> . Largo total: 20,3 cm Largo cerrado: 11,4 cm Largo de la hoja: 8,9 cm Acabado de la hoja: Lavado a la piedra Estilo de la hoja: Tanto Material del mango: Aluminio Clip de bolsillo Pa\u00eds de origen: EE. UU. https:\/\/youtu.be\/xE9TeOFYEjg            &nbsp;<\/p>\n","protected":false},"excerpt":{"rendered":"<p><strong>A lo largo de los a\u00f1os, Microtech\u00ae Knives ha llenado los cuchillos con pasi\u00f3n y habilidad para crear casi obras de arte que son el pin\u00e1culo de la funcionalidad. Todas las piezas se fabrican en los EE. UU.<\/strong><br \/>\n<strong>Todos los cuchillos Microtech vienen con una garant\u00eda de por vida.<\/strong><\/p>\n<p><strong>Transporte gratuito.<\/strong><\/p>\n","protected":false},"featured_media":357143,"comment_status":"open","ping_status":"closed","template":"","meta":[],"pwb-brand":[3752],"product_brand":[],"product_cat":[3729,3726],"product_tag":[],"class_list":{"0":"post-357153","1":"product","2":"type-product","3":"status-publish","4":"has-post-thumbnail","6":"pwb-brand-microtecnologia","7":"product_cat-cuchillos-de-tiro","8":"product_cat-cuchillos","10":"first","11":"outofstock","12":"taxable","13":"shipping-taxable","14":"purchasable","15":"product-type-simple"},"brands":[{"id":3752,"name":"microtecnolog\u00eda","slug":"microtecnologia"}],"_links":{"self":[{"href":"https:\/\/www.moskito.cz\/es\/wp-json\/wp\/v2\/product\/357153","targetHints":{"allow":["GET"]}}],"collection":[{"href":"https:\/\/www.moskito.cz\/es\/wp-json\/wp\/v2\/product"}],"about":[{"href":"https:\/\/www.moskito.cz\/es\/wp-json\/wp\/v2\/types\/product"}],"replies":[{"embeddable":true,"href":"https:\/\/www.moskito.cz\/es\/wp-json\/wp\/v2\/comments?post=357153"}],"wp:featuredmedia":[{"embeddable":true,"href":"https:\/\/www.moskito.cz\/es\/wp-json\/wp\/v2\/media\/357143"}],"wp:attachment":[{"href":"https:\/\/www.moskito.cz\/es\/wp-json\/wp\/v2\/media?parent=357153"}],"wp:term":[{"taxonomy":"pwb-brand","embeddable":true,"href":"https:\/\/www.moskito.cz\/es\/wp-json\/wp\/v2\/pwb-brand?post=357153"},{"taxonomy":"product_brand","embeddable":true,"href":"https:\/\/www.moskito.cz\/es\/wp-json\/wp\/v2\/product_brand?post=357153"},{"taxonomy":"product_cat","embeddable":true,"href":"https:\/\/www.moskito.cz\/es\/wp-json\/wp\/v2\/product_cat?post=357153"},{"taxonomy":"product_tag","embeddable":true,"href":"https:\/\/www.moskito.cz\/es\/wp-json\/wp\/v2\/product_tag?post=357153"}],"curies":[{"name":"wp","href":"https:\/\/api.w.org\/{rel}","templated":true}]}}