{"id":357244,"date":"2024-08-19T19:00:40","date_gmt":"2024-08-19T18:04:41","guid":{"rendered":"https:\/\/www.moskito.cz\/produkt\/cuchillo-de-cierre-microtech-amphibian-apocalyptic-137rl-10apflgtta\/"},"modified":"2025-05-07T11:23:38","modified_gmt":"2025-05-07T10:23:38","slug":"cuchillo-de-cierre-microtech-amphibian-apocalyptic-137rl-10apflgtta","status":"publish","type":"product","link":"https:\/\/www.moskito.cz\/es\/produkt\/cuchillo-de-cierre-microtech-amphibian-apocalyptic-137rl-10apflgtta\/","title":{"rendered":"Cuchillo de cierre Microtech Amphibian Apocalyptic 137RL-10APFLGTTA"},"content":{"rendered":"<p>Cuchillo de cierre <strong>Microtech<\/strong> Amphibian Apocalyptic 137RL-10APFLGTTA. <strong>Amphibian<\/strong> es un aut\u00e9ntico cl\u00e1sico <strong>de Marfione<\/strong> que tiene m\u00e1s de 20 a\u00f1os. Es de los viejos tiempos cuando Microtech Knives pod\u00eda ser autom\u00e1tico y manual&#8230; en uno.  Lo que tenemos aqu\u00ed es una versi\u00f3n manual que incorpora el dise\u00f1o RAM-LOK de Tony con un clip de bolsillo ambidiestro y dos pasadores para el pulgar para un cuchillo totalmente ambidiestro que no sacrifica nada de ninguna manera. Cuenta con la hoja de acero patentada Bohler M390MK disponible solo en Microtech Knives. El cuchillo es similar al modelo MSI Microtech Standard en t\u00e9rminos de tama\u00f1o, pero en t\u00e9rminos de estilo no hay comparaci\u00f3n. \u00a1El Amphibian es uno de los dise\u00f1os de cuchillos t\u00e1cticos m\u00e1s geniales de todos los tiempos y nos alegra que est\u00e9 de regreso y disponible para las masas! Especificaciones: Longitud de la hoja: 9,67 cm Longitud total: 13,42 cm Acero de la hoja: Acero inoxidable Bohler M390MK Estilo de la hoja: Punta de clip Rectificado de la hoja: Hueco Acabado de la hoja: Apocal\u00edptico Mecanismo de bloqueo: RAM-LOK Clip de bolsillo: Titanio (abatible, izquierda\/derecha Desgaste) Peso: 5,93 oz. Dise\u00f1ador: Tony Marfione Hecho en EE. UU. https:\/\/youtu.be\/xE9TeOFYEjg  &nbsp;<\/p>\n<p>&nbsp;<\/p>\n","protected":false},"excerpt":{"rendered":"<p><strong>A lo largo de los a\u00f1os, Microtech\u00ae Knives ha llenado los cuchillos con pasi\u00f3n y habilidad para crear casi obras de arte que son el pin\u00e1culo de la funcionalidad. Todas las piezas se fabrican en los EE. UU.<\/strong><br \/>\n<strong>Todos los cuchillos Microtech vienen con una garant\u00eda de por vida.<\/strong><\/p>\n<p><strong>Transporte gratuito.<\/strong><\/p>\n","protected":false},"featured_media":358226,"comment_status":"open","ping_status":"closed","template":"","meta":[],"pwb-brand":[3752],"product_brand":[],"product_cat":[3730,3726],"product_tag":[],"class_list":{"0":"post-357244","1":"product","2":"type-product","3":"status-publish","4":"has-post-thumbnail","6":"pwb-brand-microtecnologia","7":"product_cat-cuchillas-de-cierre","8":"product_cat-cuchillos","10":"first","11":"outofstock","12":"taxable","13":"shipping-taxable","14":"purchasable","15":"product-type-simple"},"brands":[{"id":3752,"name":"microtecnolog\u00eda","slug":"microtecnologia"}],"_links":{"self":[{"href":"https:\/\/www.moskito.cz\/es\/wp-json\/wp\/v2\/product\/357244","targetHints":{"allow":["GET"]}}],"collection":[{"href":"https:\/\/www.moskito.cz\/es\/wp-json\/wp\/v2\/product"}],"about":[{"href":"https:\/\/www.moskito.cz\/es\/wp-json\/wp\/v2\/types\/product"}],"replies":[{"embeddable":true,"href":"https:\/\/www.moskito.cz\/es\/wp-json\/wp\/v2\/comments?post=357244"}],"wp:featuredmedia":[{"embeddable":true,"href":"https:\/\/www.moskito.cz\/es\/wp-json\/wp\/v2\/media\/358226"}],"wp:attachment":[{"href":"https:\/\/www.moskito.cz\/es\/wp-json\/wp\/v2\/media?parent=357244"}],"wp:term":[{"taxonomy":"pwb-brand","embeddable":true,"href":"https:\/\/www.moskito.cz\/es\/wp-json\/wp\/v2\/pwb-brand?post=357244"},{"taxonomy":"product_brand","embeddable":true,"href":"https:\/\/www.moskito.cz\/es\/wp-json\/wp\/v2\/product_brand?post=357244"},{"taxonomy":"product_cat","embeddable":true,"href":"https:\/\/www.moskito.cz\/es\/wp-json\/wp\/v2\/product_cat?post=357244"},{"taxonomy":"product_tag","embeddable":true,"href":"https:\/\/www.moskito.cz\/es\/wp-json\/wp\/v2\/product_tag?post=357244"}],"curies":[{"name":"wp","href":"https:\/\/api.w.org\/{rel}","templated":true}]}}