{"id":357297,"date":"2022-03-06T21:30:52","date_gmt":"2024-08-28T06:47:38","guid":{"rendered":"https:\/\/www.moskito.cz\/produkt\/heretic-knives-manticore-x-h031-10a-jade-cuchillo-de-tiro\/"},"modified":"2025-05-07T11:23:39","modified_gmt":"2025-05-07T10:23:39","slug":"heretic-knives-manticore-x-h031-10a-jade-cuchillo-de-tiro","status":"publish","type":"product","link":"https:\/\/www.moskito.cz\/es\/produkt\/heretic-knives-manticore-x-h031-10a-jade-cuchillo-de-tiro\/","title":{"rendered":"Heretic Knives Manticore X H031-10A-JADE Cuchillo de tiro"},"content":{"rendered":"<p><strong>Cuchillos Heretic<\/strong> Manticore X H031-10A-JADE Cuchillo de tiro. El Manticore de Heretic Knives es un cuchillo OTF fenomenal para cualquiera que busque algo grande pero f\u00e1cil de transportar. Los chicos de Heretic Knives en Florida realmente lo lograron con este. Acero Elmax de primera calidad, doble acci\u00f3n suave, punta rompecristales, clip de bolsillo profundo y orificio para cord\u00f3n. La acci\u00f3n tiene un buen agarre sin ser demasiado dif\u00edcil de activar ni demasiado suave. Manticore viene en una variedad de estilos y acabados. Esta Mant\u00edcora es una edici\u00f3n especial. La hoja tanto tiene un acabado negro en dos tonos y est\u00e1 fabricada en acero Elmax. La empu\u00f1adura tiene una empu\u00f1adura de aluminio negro con tapas traseras Jade G-10. Longitud total: 23 cm Longitud de la hoja: 9,25 cm Material de la hoja: ELMAX Estilo de la hoja: Tanto Acabado: Battleweard Color: Parte superior negra\/Verde jade Parte inferior G-10 Peso: 4,5 oz         <\/p>\n","protected":false},"excerpt":{"rendered":"<p>Todos nuestros cuchillos est\u00e1n fabricados en los EE. UU. y lo mantendremos as\u00ed. Cuando compra uno de nuestros cuchillos, puede confiar en su herramienta sabiendo que est\u00e1 respaldada por una empresa estadounidense. Nuestros cuchillos se fabrican en peque\u00f1os lotes para garantizar que obtenga un cuchillo de calidad que no reciba la atenci\u00f3n que otros cuchillos producidos en masa no reciben.  <strong>Transporte gratuito.<\/strong><\/p>\n","protected":false},"featured_media":357300,"comment_status":"open","ping_status":"closed","template":"","meta":[],"pwb-brand":[3757],"product_brand":[],"product_cat":[3726,3729],"product_tag":[],"class_list":{"0":"post-357297","1":"product","2":"type-product","3":"status-publish","4":"has-post-thumbnail","6":"pwb-brand-cuchillos-herejes","7":"product_cat-cuchillos","8":"product_cat-cuchillos-de-tiro","10":"first","11":"instock","12":"taxable","13":"shipping-taxable","14":"purchasable","15":"product-type-simple"},"brands":[{"id":3757,"name":"Cuchillos herejes","slug":"cuchillos-herejes"}],"_links":{"self":[{"href":"https:\/\/www.moskito.cz\/es\/wp-json\/wp\/v2\/product\/357297","targetHints":{"allow":["GET"]}}],"collection":[{"href":"https:\/\/www.moskito.cz\/es\/wp-json\/wp\/v2\/product"}],"about":[{"href":"https:\/\/www.moskito.cz\/es\/wp-json\/wp\/v2\/types\/product"}],"replies":[{"embeddable":true,"href":"https:\/\/www.moskito.cz\/es\/wp-json\/wp\/v2\/comments?post=357297"}],"wp:featuredmedia":[{"embeddable":true,"href":"https:\/\/www.moskito.cz\/es\/wp-json\/wp\/v2\/media\/357300"}],"wp:attachment":[{"href":"https:\/\/www.moskito.cz\/es\/wp-json\/wp\/v2\/media?parent=357297"}],"wp:term":[{"taxonomy":"pwb-brand","embeddable":true,"href":"https:\/\/www.moskito.cz\/es\/wp-json\/wp\/v2\/pwb-brand?post=357297"},{"taxonomy":"product_brand","embeddable":true,"href":"https:\/\/www.moskito.cz\/es\/wp-json\/wp\/v2\/product_brand?post=357297"},{"taxonomy":"product_cat","embeddable":true,"href":"https:\/\/www.moskito.cz\/es\/wp-json\/wp\/v2\/product_cat?post=357297"},{"taxonomy":"product_tag","embeddable":true,"href":"https:\/\/www.moskito.cz\/es\/wp-json\/wp\/v2\/product_tag?post=357297"}],"curies":[{"name":"wp","href":"https:\/\/api.w.org\/{rel}","templated":true}]}}