{"id":357354,"date":"2023-03-21T19:06:08","date_gmt":"2024-08-28T07:31:49","guid":{"rendered":"https:\/\/www.moskito.cz\/produkt\/cuchillo-de-cierre-crkt-xolotl-2265\/"},"modified":"2025-05-22T13:41:40","modified_gmt":"2025-05-22T12:41:40","slug":"cuchillo-de-cierre-crkt-xolotl-2265","status":"publish","type":"product","link":"https:\/\/www.moskito.cz\/es\/produkt\/cuchillo-de-cierre-crkt-xolotl-2265\/","title":{"rendered":"Cuchillo de cierre CRKT XOLOTL 2265"},"content":{"rendered":"<p data-pm-slice=\"1 1 []\">Navaja plegable \ud83d\udd2a <strong>Xolotl 2265: Elegancia moderna inspirada en la leyenda azteca<\/strong><\/p>\n<p>El cuchillo plegable CRKT Xolotl 2265, dise\u00f1ado por Michael Rodr\u00edguez, combina un dise\u00f1o delgado con caracter\u00edsticas t\u00e1cticas. Su hoja en forma de daga y su mango ergon\u00f3mico G10 lo convierten en una opci\u00f3n ideal para el transporte diario. <\/p>\n<div>\n<hr>\n<\/div>\n<h3>\ud83d\udd11 Caracter\u00edsticas principales<\/h3>\n<h4>\ud83d\udd2a Hoja<\/h4>\n<ul data-spread=\"false\">\n<li><strong>Material<\/strong> : Acero inoxidable 1.4116<\/li>\n<li><strong>Longitud<\/strong> : 9,3 cm<\/li>\n<li><strong>Espesor<\/strong> : 3,2 mm<\/li>\n<li><strong>Forma<\/strong> : Daga (punta de lanza)<\/li>\n<li><strong>Acabado<\/strong> : Satinado<\/li>\n<li><strong>Longitud total del cuchillo<\/strong> : 22,7 cm<\/li>\n<\/ul>\n<h4>\ud83d\udda4 \u200b\u200b\u200b\u200bManejar<\/h4>\n<ul data-spread=\"false\">\n<li><strong>Material<\/strong> : G10 con inserciones de acero.<\/li>\n<li><strong>Color<\/strong> : Negro<\/li>\n<li><strong>Dise\u00f1o<\/strong> : Textura antideslizante para un agarre seguro.<\/li>\n<\/ul>\n<h4>\u2699\ufe0f Mecanismo<\/h4>\n<ul data-spread=\"false\">\n<li><strong>Apertura<\/strong> : Flipper<\/li>\n<li><strong>Fusible<\/strong> : Bloqueo de revestimiento<\/li>\n<li><strong>Clip<\/strong> : reposicionable para mano derecha e izquierda<\/li>\n<\/ul>\n<h4>\u2696\ufe0f Dimensiones y peso<\/h4>\n<ul data-spread=\"false\">\n<li><strong>Longitud del cuchillo cerrado<\/strong> : 13,35 cm<\/li>\n<li><strong>Peso<\/strong> : 113 g<\/li>\n<\/ul>\n<div>\n<hr>\n<\/div>\n<h3>\ud83c\udfaf Uso<\/h3>\n<ul data-spread=\"false\">\n<li>\ud83d\udc54 <strong>Everyday carry (EDC)<\/strong> : un compa\u00f1ero elegante y pr\u00e1ctico<\/li>\n<li>\ud83d\udee0\ufe0f <strong>Trabajo y afici\u00f3n<\/strong> : una herramienta fiable para diversas tareas<\/li>\n<li>\ud83e\udded <strong>Actividades al aire libre<\/strong> : navaja de viaje compacta y duradera<\/li>\n<\/ul>\n<div>\n<hr>\n<\/div>\n<h3>\ud83d\udcac Opiniones de clientes<\/h3>\n<blockquote><p>\u00a1Este cuchillo es de primera! Lo compr\u00e9 hace una semana y no tengo palabras para elogiar su calidad. \u2013 Tom\u00e1s, 32 a\u00f1os<\/p><\/blockquote>\n<div>\n<hr>\n<\/div>\n<h3>\ud83d\udee1\ufe0f Ventajas del fabricante<\/h3>\n<p>Con los productos CRKT, puede contar con una garant\u00eda de por vida y un servicio al cliente de primer nivel.<\/p>\n<div>\n<hr>\n<\/div>\n<h3>Opci\u00f3n de \ud83d\udcb3 contra reembolso<\/h3>\n<p>Pago c\u00f3modo contra reembolso: \u00a1paga solo al recibirlo!<\/p>\n<div>\n<hr>\n<\/div>\n<h3>\ud83d\udce2 Conclusi\u00f3n<\/h3>\n<p>La navaja plegable CRKT Xolotl 2265 es la elecci\u00f3n ideal para quienes buscan una combinaci\u00f3n de elegancia, funcionalidad y fiabilidad. Sus materiales de alta calidad y su precisa fabricaci\u00f3n lo convierten no s\u00f3lo en una herramienta pr\u00e1ctica, sino tambi\u00e9n en un accesorio distintivo. <\/p>\n<p>&nbsp;<\/p>\n<p><iframe title=\"A Special D\u00eda de Muertos Message from Designer Michael Rodriguez\" width=\"800\" height=\"450\" src=\"https:\/\/www.youtube.com\/embed\/zn7qJgLWzN8?feature=oembed\" frameborder=\"0\" allow=\"accelerometer; autoplay; clipboard-write; encrypted-media; gyroscope; picture-in-picture; web-share\" referrerpolicy=\"strict-origin-when-cross-origin\" allowfullscreen><\/iframe><\/p>\n<p>&nbsp;<\/p>\n","protected":false},"excerpt":{"rendered":"<p><strong>La navaja plegable CRKT Xolotl 2265 es la elecci\u00f3n ideal para quienes buscan una combinaci\u00f3n de elegancia, funcionalidad y fiabilidad. Sus materiales de alta calidad y su precisa fabricaci\u00f3n lo convierten no s\u00f3lo en una herramienta pr\u00e1ctica, sino tambi\u00e9n en un accesorio distintivo. <\/strong><\/p>\n","protected":false},"featured_media":357355,"comment_status":"open","ping_status":"closed","template":"","meta":[],"pwb-brand":[3765],"product_brand":[],"product_cat":[3730,3726],"product_tag":[3756],"class_list":{"0":"post-357354","1":"product","2":"type-product","3":"status-publish","4":"has-post-thumbnail","6":"pwb-brand-crkt-es","7":"product_cat-cuchillas-de-cierre","8":"product_cat-cuchillos","9":"product_tag-b2b-es","11":"first","12":"instock","13":"sale","14":"taxable","15":"shipping-taxable","16":"purchasable","17":"product-type-simple"},"brands":[{"id":3765,"name":"CRKT","slug":"crkt-es"}],"_links":{"self":[{"href":"https:\/\/www.moskito.cz\/es\/wp-json\/wp\/v2\/product\/357354","targetHints":{"allow":["GET"]}}],"collection":[{"href":"https:\/\/www.moskito.cz\/es\/wp-json\/wp\/v2\/product"}],"about":[{"href":"https:\/\/www.moskito.cz\/es\/wp-json\/wp\/v2\/types\/product"}],"replies":[{"embeddable":true,"href":"https:\/\/www.moskito.cz\/es\/wp-json\/wp\/v2\/comments?post=357354"}],"wp:featuredmedia":[{"embeddable":true,"href":"https:\/\/www.moskito.cz\/es\/wp-json\/wp\/v2\/media\/357355"}],"wp:attachment":[{"href":"https:\/\/www.moskito.cz\/es\/wp-json\/wp\/v2\/media?parent=357354"}],"wp:term":[{"taxonomy":"pwb-brand","embeddable":true,"href":"https:\/\/www.moskito.cz\/es\/wp-json\/wp\/v2\/pwb-brand?post=357354"},{"taxonomy":"product_brand","embeddable":true,"href":"https:\/\/www.moskito.cz\/es\/wp-json\/wp\/v2\/product_brand?post=357354"},{"taxonomy":"product_cat","embeddable":true,"href":"https:\/\/www.moskito.cz\/es\/wp-json\/wp\/v2\/product_cat?post=357354"},{"taxonomy":"product_tag","embeddable":true,"href":"https:\/\/www.moskito.cz\/es\/wp-json\/wp\/v2\/product_tag?post=357354"}],"curies":[{"name":"wp","href":"https:\/\/api.w.org\/{rel}","templated":true}]}}