{"id":357393,"date":"2021-07-22T06:42:33","date_gmt":"2021-07-22T05:42:33","guid":{"rendered":"https:\/\/www.moskito.cz\/produkt\/daga-de-empuje-de-acero-frio\/"},"modified":"2025-05-07T11:23:41","modified_gmt":"2025-05-07T10:23:41","slug":"daga-de-empuje-de-acero-frio","status":"publish","type":"product","link":"https:\/\/www.moskito.cz\/es\/produkt\/daga-de-empuje-de-acero-frio\/","title":{"rendered":"Daga de empuje de acero fr\u00edo"},"content":{"rendered":"<p>Daga de empuje <strong>de acero fr\u00edo<\/strong> . El cuchillo de empuje forjado es probablemente el cuchillo de empuje m\u00e1s fuerte del mercado. El mayor de los cuchillos de empuje de nuestro cat\u00e1logo, es extremadamente robusto y tiene doble filo y una punta fuerte, ancha y robusta. Perfecto para profesionales t\u00e1cticos y policiales, puede ocultar con confianza la navaja forjada con su funda Secure-Ex. Longitud total: 17 cm Longitud de la hoja: 10 cm Grosor de la hoja: 9 mm Peso: 215 g Acero: 52100 High Carbon Caja: Secure-Ex Cold Steel es una empresa dedicada a la producci\u00f3n de los cuchillos m\u00e1s fuertes y afilados del mundo.     Durante las \u00faltimas tres d\u00e9cadas, Cold Steel ha estado a la vanguardia de muchas innovaciones que han ayudado a definir la industria de los cuchillos. Los \u00e9xitos sucesivos, incluida la introducci\u00f3n de mangos a cuadros Kraton\u00ae y estilos de hojas de punta tanto, han pasado de caracter\u00edsticas curiosas a caracter\u00edsticas industriales de calidad y sofisticaci\u00f3n. La nueva direcci\u00f3n tambi\u00e9n se rompi\u00f3 con la introducci\u00f3n de nuevas hojas de acero \u00fanicas como San Mai III\u00ae y Tri-Ad \u2122 Lock &amp; Locking Mecanismo para navajas plegables. Por ejemplo, el Tri-Ad \u2122 Lock nunca ha sido igualado por ninguno de los competidores de Cold Steel y no se ha demostrado que supere a nada de lo que han producido hasta la fecha. Por supuesto, Cold Steel siempre mirar\u00e1 hacia el futuro y se esforzar\u00e1 constantemente por producir los cuchillos m\u00e1s fuertes y afilados del mundo. Este objetivo, igualmente esquivo y dif\u00edcil de alcanzar, ha sido el mismo durante los \u00faltimos cuarenta a\u00f1os. Acero fr\u00edo Inc. es una empresa enfocada en producir los cuchillos, espadas, hachas de guerra, machetes, cubiertos y herramientas m\u00e1s fuertes y afilados para el uso diario: EDC. Adoptado r\u00e1pidamente por el ej\u00e9rcito, las fuerzas especiales del orden p\u00fablico, los servicios de emergencia, los profesionales de la autodefensa y los miembros de la comunidad de artes marciales, Cold Steel r\u00e1pidamente se hizo un nombre por su calidad, resistencia, confiabilidad y confiabilidad en el transporte diario (EDC). . Nuestra diversa y variada l\u00ednea creci\u00f3 r\u00e1pidamente hasta incluir no solo una enorme selecci\u00f3n de navajas plegables (desde hojas &#8216;EDC&#8217; m\u00e1s peque\u00f1as hasta nuestras ic\u00f3nicas &#8216;megacarpetas&#8217; gigantes), sino tambi\u00e9n hojas fijas, espadas, sables, bastones y alabardas, como \u00a1Adem\u00e1s de suministros de caza, lanzas, rifles, hachas, machetes, hachas de guerra y herramientas! A lo largo de las d\u00e9cadas, Cold Steel ha introducido nuevos materiales y dise\u00f1os pioneros que han ayudado a dar forma al mundo de los cuchillos, las armas blancas y las herramientas modernas. Desde la introducci\u00f3n de empu\u00f1aduras a cuadros Kraton\u00ae y la hoja Tanto \u201camericanizada\u201d, hasta la inclusi\u00f3n de nuevos e innovadores aceros para hojas como San Mai III\u00ae y mecanismos de bloqueo innovadores (como nuestro Tri-Ad \u2122 Lock). Mientras miramos hacia el futuro, Cold Steel contin\u00faa aportando nuevos niveles de resistencia, seguridad y rendimiento al mercado, brindando productos probados en los que puede confiar, \u00a1en cualquier momento y en cualquier lugar! El cuchillo de empuje forjado es posiblemente el cuchillo de empuje m\u00e1s fuerte del mercado. El m\u00e1s grande de los cuchillos de empuje de nuestro cat\u00e1logo, es extremadamente resistente y cuenta con bordes dobles afilados y una punta de lanza gruesa, ancha y resistente. Perfecto para profesionales t\u00e1cticos y encargados de hacer cumplir la ley, puede ocultar con confianza el cuchillo de empuje forjado, cortes\u00eda de su funda Secure-Ex con tensi\u00f3n ajustable y Ulti-Clip de fabricaci\u00f3n estadounidense. Peso: 7,9 oz Grosor de la hoja: 9 mm Longitud de la hoja: 4&#8243; Acero de la hoja: 52100 forjado con alto contenido de carbono Longitud\/material del mango: 2-3\/4&#8243; Longitud total: 6-3\/4&#8243; Caracter\u00edsticas adicionales: Cuchillo con funda Secure-Ex\u00ae Tipo: Hoja fija Rango de longitud: 3-5 pulgadas Familia de acero: Aceros con alto contenido de carbono Forma de la hoja: Punta de lanza Familia de productos: Forjada     &nbsp;<\/p>\n","protected":false},"excerpt":{"rendered":"<p>El cuchillo de empuje monol\u00edtico y polivalente forjado en estampa de COLD STEEL es uno de los cuchillos de empuje menos fiables de nuestra oferta. Est\u00e1 destinado a todos aquellos que no dejan su destino en manos de otros. <\/p>\n","protected":false},"featured_media":357394,"comment_status":"open","ping_status":"closed","template":"","meta":[],"pwb-brand":[3790],"product_brand":[],"product_cat":[3727,3726],"product_tag":[3756],"class_list":{"0":"post-357393","1":"product","2":"type-product","3":"status-publish","4":"has-post-thumbnail","6":"pwb-brand-arma-blanca","7":"product_cat-cuchillos-macizos","8":"product_cat-cuchillos","9":"product_tag-b2b-es","11":"first","12":"instock","13":"taxable","14":"shipping-taxable","15":"purchasable","16":"product-type-simple"},"brands":[{"id":3790,"name":"Arma blanca","slug":"arma-blanca"}],"_links":{"self":[{"href":"https:\/\/www.moskito.cz\/es\/wp-json\/wp\/v2\/product\/357393","targetHints":{"allow":["GET"]}}],"collection":[{"href":"https:\/\/www.moskito.cz\/es\/wp-json\/wp\/v2\/product"}],"about":[{"href":"https:\/\/www.moskito.cz\/es\/wp-json\/wp\/v2\/types\/product"}],"replies":[{"embeddable":true,"href":"https:\/\/www.moskito.cz\/es\/wp-json\/wp\/v2\/comments?post=357393"}],"wp:featuredmedia":[{"embeddable":true,"href":"https:\/\/www.moskito.cz\/es\/wp-json\/wp\/v2\/media\/357394"}],"wp:attachment":[{"href":"https:\/\/www.moskito.cz\/es\/wp-json\/wp\/v2\/media?parent=357393"}],"wp:term":[{"taxonomy":"pwb-brand","embeddable":true,"href":"https:\/\/www.moskito.cz\/es\/wp-json\/wp\/v2\/pwb-brand?post=357393"},{"taxonomy":"product_brand","embeddable":true,"href":"https:\/\/www.moskito.cz\/es\/wp-json\/wp\/v2\/product_brand?post=357393"},{"taxonomy":"product_cat","embeddable":true,"href":"https:\/\/www.moskito.cz\/es\/wp-json\/wp\/v2\/product_cat?post=357393"},{"taxonomy":"product_tag","embeddable":true,"href":"https:\/\/www.moskito.cz\/es\/wp-json\/wp\/v2\/product_tag?post=357393"}],"curies":[{"name":"wp","href":"https:\/\/api.w.org\/{rel}","templated":true}]}}