{"id":358299,"date":"2022-07-09T22:12:01","date_gmt":"2024-09-07T15:23:40","guid":{"rendered":"https:\/\/www.moskito.cz\/produkt\/cuchillo-fijo-extrema-ratio-arenque-no\/"},"modified":"2025-05-07T11:23:43","modified_gmt":"2025-05-07T10:23:43","slug":"cuchillo-fijo-extrema-ratio-arenque-no","status":"publish","type":"product","link":"https:\/\/www.moskito.cz\/es\/produkt\/cuchillo-fijo-extrema-ratio-arenque-no\/","title":{"rendered":"Cuchillo Fijo Extrema Ratio ARENQUE NO"},"content":{"rendered":"<p>Cuchillo Fijo <strong>Extrema Ratio<\/strong> HERRING NE HERRING NE: R\u00e9plica de simulacro con punta redondeada. La hoja sale de f\u00e1brica para consentir la libre venta y retenci\u00f3n seg\u00fan la legislaci\u00f3n italiana vigente. Tenga en cuenta que cualquier modificaci\u00f3n y afilado posterior de la hoja cambiar\u00e1 el estado del simulacro del Herring NE. En este caso, estar\u00e1 sujeto a la normativa vigente en los respectivos pa\u00edses. Dichos cambios tambi\u00e9n anular\u00e1n la garant\u00eda de Extrema Ratio. Dagger Herring es uno de los cuchillos militares m\u00e1s populares entre los aficionados. Su nombre original es Fairbairn-Sykes o Commando Dagger y fue presentado en la formaci\u00f3n de combate de los Comandos Brit\u00e1nicos. Un pu\u00f1al que pas\u00f3 a la historia de nuestro pa\u00eds en la Segunda Guerra Mundial gracias a las artima\u00f1as de los j\u00f3venes soldados del 1\u00ba Escuadr\u00f3n de Reconocimiento \u00abFolgore\u00bb, que fueron equipados con esta arma durante la Operaci\u00f3n Herring. Un pu\u00f1al que esconde detr\u00e1s una pieza heroica de la historia de la que poco se habla, a pesar de la dedicaci\u00f3n y el coraje de estos j\u00f3venes, escribi\u00f3 una p\u00e1gina importante de la historia italiana. Extrema Ratio ha querido rendir homenaje a esta daga manteniendo el dise\u00f1o original utilizando t\u00e9cnicas de fabricaci\u00f3n de \u00faltima generaci\u00f3n. El exclusivo tratamiento manual del mango imita el envejecimiento del lat\u00f3n y le da a la daga un aspecto antiguo, similar al original. La daga fue desarrollada en colaboraci\u00f3n con el 185\u00ba RRAO y adoptada como daga ceremonial conmemorativa del 20\u00ba aniversario de la formaci\u00f3n del regimiento y el 75\u00ba aniversario de la misi\u00f3n Herring. PESO G: 276 PESO OZ.: 9.74 LARGO DE LA HOJA (MM): 167 LARGO DE LA HOJA (PULG.): 6.57 LARGO TOTAL (MM): 289 LARGO TOTAL (H): 11.38 GROSOR DE LA HOJA (MM): 6 .3 GROSOR DE LA HOJA (PULG. ): 2.48 MATERIAL DE LA HOJA: ACERO B\u00d6HLER N690 (58HRC) ACABADO DE LA HOJA: COLOCACI\u00d3N MIL-C-13924 REJILLA PRINCIPAL: NO AFILADA MATERIAL DEL MANGO: LAT\u00d3N   &nbsp;<\/p>\n","protected":false},"excerpt":{"rendered":"<p>Con sede en Prato, Italia <strong>, Extrema Ratio<\/strong> ha estado dise\u00f1ando y fabricando cuchillos t\u00e1cticos, militares, de cocina, de cocina y de combate de alto rendimiento desde 1997 y tiene una reputaci\u00f3n de calidad superior insuperable en la industria de cuchillos militares y t\u00e1cticos. <strong>Env\u00edo gratis<\/strong> .<\/p>\n","protected":false},"featured_media":358300,"comment_status":"open","ping_status":"closed","template":"","meta":[],"pwb-brand":[3766],"product_brand":[],"product_cat":[3726,3727],"product_tag":[3756],"class_list":{"0":"post-358299","1":"product","2":"type-product","3":"status-publish","4":"has-post-thumbnail","6":"pwb-brand-relacion-extrema","7":"product_cat-cuchillos","8":"product_cat-cuchillos-macizos","9":"product_tag-b2b-es","11":"first","12":"instock","13":"taxable","14":"shipping-taxable","15":"purchasable","16":"product-type-simple"},"brands":[{"id":3766,"name":"Relaci\u00f3n extrema","slug":"relacion-extrema"}],"_links":{"self":[{"href":"https:\/\/www.moskito.cz\/es\/wp-json\/wp\/v2\/product\/358299","targetHints":{"allow":["GET"]}}],"collection":[{"href":"https:\/\/www.moskito.cz\/es\/wp-json\/wp\/v2\/product"}],"about":[{"href":"https:\/\/www.moskito.cz\/es\/wp-json\/wp\/v2\/types\/product"}],"replies":[{"embeddable":true,"href":"https:\/\/www.moskito.cz\/es\/wp-json\/wp\/v2\/comments?post=358299"}],"wp:featuredmedia":[{"embeddable":true,"href":"https:\/\/www.moskito.cz\/es\/wp-json\/wp\/v2\/media\/358300"}],"wp:attachment":[{"href":"https:\/\/www.moskito.cz\/es\/wp-json\/wp\/v2\/media?parent=358299"}],"wp:term":[{"taxonomy":"pwb-brand","embeddable":true,"href":"https:\/\/www.moskito.cz\/es\/wp-json\/wp\/v2\/pwb-brand?post=358299"},{"taxonomy":"product_brand","embeddable":true,"href":"https:\/\/www.moskito.cz\/es\/wp-json\/wp\/v2\/product_brand?post=358299"},{"taxonomy":"product_cat","embeddable":true,"href":"https:\/\/www.moskito.cz\/es\/wp-json\/wp\/v2\/product_cat?post=358299"},{"taxonomy":"product_tag","embeddable":true,"href":"https:\/\/www.moskito.cz\/es\/wp-json\/wp\/v2\/product_tag?post=358299"}],"curies":[{"name":"wp","href":"https:\/\/api.w.org\/{rel}","templated":true}]}}