{"id":358305,"date":"2021-04-28T21:17:03","date_gmt":"2024-09-07T15:28:21","guid":{"rendered":"https:\/\/www.moskito.cz\/produkt\/cuchillo-fijo-extrema-ratio-39-09-ordinanza-cofs\/"},"modified":"2025-05-07T11:23:44","modified_gmt":"2025-05-07T10:23:44","slug":"cuchillo-fijo-extrema-ratio-39-09-ordinanza-cofs","status":"publish","type":"product","link":"https:\/\/www.moskito.cz\/es\/produkt\/cuchillo-fijo-extrema-ratio-39-09-ordinanza-cofs\/","title":{"rendered":"Cuchillo Fijo Extrema Ratio 39-09 ORDINANZA COFS"},"content":{"rendered":"<p>Cuchillo Fijo <strong>Extrema Ratio<\/strong> 39-09 ORDINANZA COFS. Fruto de un proyecto patrocinado por el COFS (Comando de Operaciones entre las Fuerzas Especiales Italianas) y su ex Comandante en Jefe, el General Bertolini &#8211; por no hablar de defendido por los coleccionistas de cuchillos de todo el mundo &#8211; este cuchillo de combate 39-09 es un restyling de el cuchillo tipo \u00abparacadutista assaltatore\u00bb de 1939, una c\u00e9lebre pieza de la historia militar italiana. Manteniendo la forma, estructura y proporciones originales, logramos fortalecer, agregar mayor funcionalidad y fabricar este cuchillo de combate seg\u00fan las especificaciones militares actuales con los materiales m\u00e1s modernos. Peque\u00f1os cambios que la convierten en una daga muy efectiva y fiable. El estuche r\u00edgido incluido est\u00e1 dise\u00f1ado para usarse alrededor del tobillo, al estilo caracter\u00edstico de los paracaidistas italianos. La versi\u00f3n 39-09 ORDINANZA est\u00e1 recubierta de \u00f3xido negro con el logo y slogan de COFS. Viene en un estuche grabado en ABS con una funda para el tobillo y una funda para el cintur\u00f3n de desfile. HOJA DE DATOS Peso g.:338 Peso oz.: 11.9 Longitud de la hoja (mm): 195 Longitud de la hoja (in): 7.7 Longitud total (mm): 319 Longitud total (in): 12.6 Grosor de la hoja (mm): 6.3 Grosor de la hoja ( in): 0.25 Material de la hoja: ACERO B\u00f6HLER N690 (58HRC) Acabado de la hoja: CALEFACCI\u00d3N MIL-C-13924 Rejilla principal: PLANA Material del mango: FORPRENE <\/p>\n","protected":false},"excerpt":{"rendered":"<p>Con sede en Prato, Italia <strong>, Extrema Ratio<\/strong> ha estado dise\u00f1ando y fabricando cuchillos t\u00e1cticos, militares, de cocina, de cocina y de combate de alto rendimiento desde 1997 y tiene una reputaci\u00f3n de calidad superior insuperable en la industria de cuchillos militares y t\u00e1cticos. <strong>Transporte gratuito.<\/strong><\/p>\n","protected":false},"featured_media":358308,"comment_status":"open","ping_status":"closed","template":"","meta":[],"pwb-brand":[3766],"product_brand":[],"product_cat":[3726,3727],"product_tag":[3756],"class_list":{"0":"post-358305","1":"product","2":"type-product","3":"status-publish","4":"has-post-thumbnail","6":"pwb-brand-relacion-extrema","7":"product_cat-cuchillos","8":"product_cat-cuchillos-macizos","9":"product_tag-b2b-es","11":"first","12":"instock","13":"taxable","14":"shipping-taxable","15":"purchasable","16":"product-type-simple"},"brands":[{"id":3766,"name":"Relaci\u00f3n extrema","slug":"relacion-extrema"}],"_links":{"self":[{"href":"https:\/\/www.moskito.cz\/es\/wp-json\/wp\/v2\/product\/358305","targetHints":{"allow":["GET"]}}],"collection":[{"href":"https:\/\/www.moskito.cz\/es\/wp-json\/wp\/v2\/product"}],"about":[{"href":"https:\/\/www.moskito.cz\/es\/wp-json\/wp\/v2\/types\/product"}],"replies":[{"embeddable":true,"href":"https:\/\/www.moskito.cz\/es\/wp-json\/wp\/v2\/comments?post=358305"}],"wp:featuredmedia":[{"embeddable":true,"href":"https:\/\/www.moskito.cz\/es\/wp-json\/wp\/v2\/media\/358308"}],"wp:attachment":[{"href":"https:\/\/www.moskito.cz\/es\/wp-json\/wp\/v2\/media?parent=358305"}],"wp:term":[{"taxonomy":"pwb-brand","embeddable":true,"href":"https:\/\/www.moskito.cz\/es\/wp-json\/wp\/v2\/pwb-brand?post=358305"},{"taxonomy":"product_brand","embeddable":true,"href":"https:\/\/www.moskito.cz\/es\/wp-json\/wp\/v2\/product_brand?post=358305"},{"taxonomy":"product_cat","embeddable":true,"href":"https:\/\/www.moskito.cz\/es\/wp-json\/wp\/v2\/product_cat?post=358305"},{"taxonomy":"product_tag","embeddable":true,"href":"https:\/\/www.moskito.cz\/es\/wp-json\/wp\/v2\/product_tag?post=358305"}],"curies":[{"name":"wp","href":"https:\/\/api.w.org\/{rel}","templated":true}]}}