{"id":358339,"date":"2022-09-18T20:32:06","date_gmt":"2024-09-07T15:44:41","guid":{"rendered":"https:\/\/www.moskito.cz\/produkt\/cuchillo-fijo-extrema-ratio-fulcrum-s-desert-warfare\/"},"modified":"2025-05-07T11:23:46","modified_gmt":"2025-05-07T10:23:46","slug":"cuchillo-fijo-extrema-ratio-fulcrum-s-desert-warfare","status":"publish","type":"product","link":"https:\/\/www.moskito.cz\/es\/produkt\/cuchillo-fijo-extrema-ratio-fulcrum-s-desert-warfare\/","title":{"rendered":"Cuchillo Fijo Extrema Ratio FULCRUM S DESERT WARFARE"},"content":{"rendered":"<p>Cuchillo Fijo <strong>Extrema Ratio<\/strong> FULCRUM S DESERT WARFARE. FULCRUM es un hito entre los cuchillos multiusos. Se utiliza a gran escala en Afganist\u00e1n como equipamiento est\u00e1ndar del componente italiano \u00abNibbio\u00bb de la misi\u00f3n y forma parte de un proyecto experimental para renovar el equipamiento individual del Comando de Tropas Alpinas. En preparaci\u00f3n para esta importante misi\u00f3n, el Comando de Tropas Alpinas coordin\u00f3 un equipo de empresas para crear equipos experimentales individuales completos y restaurados. Extrema Ratio es la empresa seleccionada y contactada por el Mando Alpino para desarrollar una herramienta polivalente apta para infanter\u00eda de l\u00ednea, un cuchillo que pudiera utilizarse en todas las latitudes y que solucionara con \u00e9xito cualquier tipo de problema que equipos m\u00e1s especializados no pudieran solucionar. . Su \u00e9xito fue tal que esta funci\u00f3n polivalente impuls\u00f3 el desarrollo de una bayoneta Fulcrum con las mismas caracter\u00edsticas pero que pod\u00eda acoplarse a un rifle de servicio. El FULCRUM es un cuchillo extremadamente robusto y vers\u00e1til. La hoja resiste roturas superiores a los 150 kg, la punta es muy resistente y el perfil permite trabajar con el cuchillo durante mucho tiempo sin afectar el filo del \u00faltimo tramo. Gracias al avanzado centro de gravedad y al peso de la hoja, es adecuada para trabajos de campo pesados. Disponible en versiones FULCRUM EI, FULCRUM BLACK, FULCRUM DESERT WARFARE. la punta es muy fuerte y el perfil permite trabajar con el cuchillo durante mucho tiempo sin afectar el filo de la \u00faltima secci\u00f3n. Gracias al avanzado centro de gravedad y al peso de la hoja, es adecuada para trabajos de campo pesados. Disponible en versiones FULCRUM EI, FULCRUM BLACK, FULCRUM DESERT WARFARE. la punta es muy fuerte y el perfil permite trabajar con el cuchillo durante mucho tiempo sin afectar el filo de la \u00faltima secci\u00f3n. Gracias al avanzado centro de gravedad y al peso de la hoja, es adecuada para trabajos de campo pesados. Disponible en versiones FULCRUM EI, FULCRUM BLACK, FULCRUM DESERT WARFARE. Una versi\u00f3n m\u00e1s corta del FULCRUM con una hoja de 15 cm (5,91\u201d). Mismas caracter\u00edsticas que FULCRUM excepto una masa m\u00e1s ligera que se nota al realizar trabajos duros. Versiones disponibles: FULCRUM S BLACK, FULCRUM S DESERT WARFARE. G PESO: 304 ONZAS PESO: 10,7 LONGITUD DE LA HOJA (MM): 150 LARGO DE LA HOJA (PULG): 5,9 LARGO TOTAL (MM): 280 LARGO TOTAL (PULG): 11 GROSOR DE LA HOJA (MM): 6,3 GROSOR DE LA HOJA (PULG): 0,25 MATERIAL DE LA HOJA: ACERO B\u00d6HLER N690 (58HRC) ACABADO DE LA HOJA: DESERT WARFARE REJILLA PRINCIPAL: PLANA DIENTES PARCIALES (MM): 40 DIENTES PARCIALES (IN): 1.6 MATERIAL DEL MANGO: FORPRENE       &nbsp;<\/p>\n","protected":false},"excerpt":{"rendered":"<p>Con sede en Prato, Italia <strong>, Extrema Ratio<\/strong> ha estado dise\u00f1ando y fabricando cuchillos t\u00e1cticos, militares, de cocina, de cocina y de combate de alto rendimiento desde 1997 y tiene una reputaci\u00f3n de calidad superior insuperable en la industria de cuchillos militares y t\u00e1cticos. <strong>Env\u00edo gratis<\/strong> .<\/p>\n","protected":false},"featured_media":358341,"comment_status":"open","ping_status":"closed","template":"","meta":[],"pwb-brand":[3766],"product_brand":[],"product_cat":[3726,3727],"product_tag":[3756],"class_list":{"0":"post-358339","1":"product","2":"type-product","3":"status-publish","4":"has-post-thumbnail","6":"pwb-brand-relacion-extrema","7":"product_cat-cuchillos","8":"product_cat-cuchillos-macizos","9":"product_tag-b2b-es","11":"first","12":"instock","13":"taxable","14":"shipping-taxable","15":"purchasable","16":"product-type-simple"},"brands":[{"id":3766,"name":"Relaci\u00f3n extrema","slug":"relacion-extrema"}],"_links":{"self":[{"href":"https:\/\/www.moskito.cz\/es\/wp-json\/wp\/v2\/product\/358339","targetHints":{"allow":["GET"]}}],"collection":[{"href":"https:\/\/www.moskito.cz\/es\/wp-json\/wp\/v2\/product"}],"about":[{"href":"https:\/\/www.moskito.cz\/es\/wp-json\/wp\/v2\/types\/product"}],"replies":[{"embeddable":true,"href":"https:\/\/www.moskito.cz\/es\/wp-json\/wp\/v2\/comments?post=358339"}],"wp:featuredmedia":[{"embeddable":true,"href":"https:\/\/www.moskito.cz\/es\/wp-json\/wp\/v2\/media\/358341"}],"wp:attachment":[{"href":"https:\/\/www.moskito.cz\/es\/wp-json\/wp\/v2\/media?parent=358339"}],"wp:term":[{"taxonomy":"pwb-brand","embeddable":true,"href":"https:\/\/www.moskito.cz\/es\/wp-json\/wp\/v2\/pwb-brand?post=358339"},{"taxonomy":"product_brand","embeddable":true,"href":"https:\/\/www.moskito.cz\/es\/wp-json\/wp\/v2\/product_brand?post=358339"},{"taxonomy":"product_cat","embeddable":true,"href":"https:\/\/www.moskito.cz\/es\/wp-json\/wp\/v2\/product_cat?post=358339"},{"taxonomy":"product_tag","embeddable":true,"href":"https:\/\/www.moskito.cz\/es\/wp-json\/wp\/v2\/product_tag?post=358339"}],"curies":[{"name":"wp","href":"https:\/\/api.w.org\/{rel}","templated":true}]}}