{"id":358419,"date":"2022-07-10T10:29:05","date_gmt":"2024-09-07T15:55:31","guid":{"rendered":"https:\/\/www.moskito.cz\/produkt\/cuchillo-fijo-extrema-ratio-ontos-verde-sin-kit\/"},"modified":"2025-05-07T11:23:49","modified_gmt":"2025-05-07T10:23:49","slug":"cuchillo-fijo-extrema-ratio-ontos-verde-sin-kit","status":"publish","type":"product","link":"https:\/\/www.moskito.cz\/es\/produkt\/cuchillo-fijo-extrema-ratio-ontos-verde-sin-kit\/","title":{"rendered":"Cuchillo Fijo Extrema Ratio ONTOS VERDE SIN KIT"},"content":{"rendered":"<p>Cuchillo Fijo <strong>Extrema Ratio<\/strong> ONTOS VERDE SIN KIT La creciente demanda profesional entre nuestros clientes convenci\u00f3 a Extrema Ratio para dise\u00f1ar una herramienta de supervivencia para todas las estaciones. ONTOS (\u00abcosa\u00bb en griego) es un cuchillo de campa\u00f1a puro, resistente y pesado a pesar de su tama\u00f1o compacto. El segmento dentado en la parte posterior de la hoja est\u00e1 pensado como un elemento de soporte que nunca se enganchar\u00e1 sin un borde afilado listo para usar. Una funda de nailon para el muslo compatible con MOLLE permanecer\u00e1 puesta incluso en caso de una retirada, donde el soldado dejar\u00eda caer la mayor parte de su engorroso equipo esencial. Se puede comprar un kit de supervivencia por separado para colocarlo en la funda del cuchillo. Versiones disponibles: ONTOS NEGRO, ONTOS VERDE. G. PESO: 411 OZ PESO: 14.5 LONGITUD DE LA HOJA (MM): 168 LARGO DE LA HOJA (PULG.): 6.6 LARGO TOTAL (MM): 299 LARGO TOTAL (H): 11.8 GROSOR DE LA HOJA (MM): 6.3 GROSOR DE LA HOJA (PULG.) : 0.25 MATERIAL HOJA: ACERO B\u00d6HLER N690 (58HRC) ACABADO HOJA: COLOCACI\u00d3N MIL-C-13924 REJILLA PRINCIPAL: PLANA DIENTES PARCIALES (MM): 40 DIENTES PARCIALES (IN): 1, 6 MATERIAL MANGO: FORPRENE <\/p>\n","protected":false},"excerpt":{"rendered":"<p>Con sede en Prato, Italia <strong>, Extrema Ratio<\/strong> ha estado dise\u00f1ando y fabricando cuchillos t\u00e1cticos, militares, de cocina, de cocina y de combate de alto rendimiento desde 1997 y tiene una reputaci\u00f3n de calidad superior insuperable en la industria de cuchillos militares y t\u00e1cticos. <strong>Env\u00edo gratis<\/strong> .<\/p>\n","protected":false},"featured_media":358420,"comment_status":"open","ping_status":"closed","template":"","meta":[],"pwb-brand":[3766],"product_brand":[],"product_cat":[3726,3727],"product_tag":[3756],"class_list":{"0":"post-358419","1":"product","2":"type-product","3":"status-publish","4":"has-post-thumbnail","6":"pwb-brand-relacion-extrema","7":"product_cat-cuchillos","8":"product_cat-cuchillos-macizos","9":"product_tag-b2b-es","11":"first","12":"instock","13":"taxable","14":"shipping-taxable","15":"purchasable","16":"product-type-simple"},"brands":[{"id":3766,"name":"Relaci\u00f3n extrema","slug":"relacion-extrema"}],"_links":{"self":[{"href":"https:\/\/www.moskito.cz\/es\/wp-json\/wp\/v2\/product\/358419","targetHints":{"allow":["GET"]}}],"collection":[{"href":"https:\/\/www.moskito.cz\/es\/wp-json\/wp\/v2\/product"}],"about":[{"href":"https:\/\/www.moskito.cz\/es\/wp-json\/wp\/v2\/types\/product"}],"replies":[{"embeddable":true,"href":"https:\/\/www.moskito.cz\/es\/wp-json\/wp\/v2\/comments?post=358419"}],"wp:featuredmedia":[{"embeddable":true,"href":"https:\/\/www.moskito.cz\/es\/wp-json\/wp\/v2\/media\/358420"}],"wp:attachment":[{"href":"https:\/\/www.moskito.cz\/es\/wp-json\/wp\/v2\/media?parent=358419"}],"wp:term":[{"taxonomy":"pwb-brand","embeddable":true,"href":"https:\/\/www.moskito.cz\/es\/wp-json\/wp\/v2\/pwb-brand?post=358419"},{"taxonomy":"product_brand","embeddable":true,"href":"https:\/\/www.moskito.cz\/es\/wp-json\/wp\/v2\/product_brand?post=358419"},{"taxonomy":"product_cat","embeddable":true,"href":"https:\/\/www.moskito.cz\/es\/wp-json\/wp\/v2\/product_cat?post=358419"},{"taxonomy":"product_tag","embeddable":true,"href":"https:\/\/www.moskito.cz\/es\/wp-json\/wp\/v2\/product_tag?post=358419"}],"curies":[{"name":"wp","href":"https:\/\/api.w.org\/{rel}","templated":true}]}}