{"id":358511,"date":"2024-09-10T10:45:50","date_gmt":"2024-09-10T09:46:38","guid":{"rendered":"https:\/\/www.moskito.cz\/produkt\/multiherramienta-leatherman-sidekick\/"},"modified":"2025-05-07T11:23:52","modified_gmt":"2025-05-07T10:23:52","slug":"multiherramienta-leatherman-sidekick","status":"publish","type":"product","link":"https:\/\/www.moskito.cz\/es\/produkt\/multiherramienta-leatherman-sidekick\/","title":{"rendered":"Multiherramienta Leatherman SIDEKICK"},"content":{"rendered":"<p>Multiherramienta <strong>Leatherman<\/strong> SIDEKICK. <strong>Leatherman SIDEKICK<\/strong> es otro ejemplo de la combinaci\u00f3n de dise\u00f1o atractivo con alta funcionalidad de la marca Leatherman. La multiherramienta de catorce herramientas est\u00e1 equipada con unos alicates con un mango ergon\u00f3mico y un mecanismo de resorte que facilita el trabajo incluso en condiciones dif\u00edciles. Las herramientas externas (cuchillo y sierra) se pueden abrir f\u00e1cilmente con una mano. Un cuchillo con filo dentado, un abridor de limas y un juego de destornilladores completan la herramienta en el interior. La multiherramienta <strong>Leatherman SIDEKICK<\/strong> ser\u00e1 especialmente apreciada por los instaladores (pero tambi\u00e9n por los escaladores) que desean tener siempre a mano herramientas b\u00e1sicas incluso en condiciones dif\u00edciles. El paquete contiene: multiherramienta, estuche mediano de nailon negro, clip extra\u00edble para bolsillo o cintur\u00f3n, 100% original. pegatina, instrucciones. Par\u00e1metros: Longitud de la hoja: 6,6 cm Longitud de la herramienta cerrada: 9,7 cm Peso: 198,4 g https:\/\/www.youtube.com\/shorts\/E7JckCUsyps       &nbsp;<\/p>\n","protected":false},"excerpt":{"rendered":"<p><strong>Herramienta de bolsillo multifuncional con alicates con resorte, sierra, dos hojas de cuchillo, abridores y otras herramientas \u00fatiles.<\/strong><\/p>\n","protected":false},"featured_media":358479,"comment_status":"open","ping_status":"closed","template":"","meta":[],"pwb-brand":[3936],"product_brand":[],"product_cat":[3725],"product_tag":[],"class_list":{"0":"post-358511","1":"product","2":"type-product","3":"status-publish","4":"has-post-thumbnail","6":"pwb-brand-hombre-de-cuero","7":"product_cat-herramienta-multiple","9":"first","10":"instock","11":"taxable","12":"shipping-taxable","13":"purchasable","14":"product-type-simple"},"brands":[{"id":3936,"name":"hombre de cuero","slug":"hombre-de-cuero"}],"_links":{"self":[{"href":"https:\/\/www.moskito.cz\/es\/wp-json\/wp\/v2\/product\/358511","targetHints":{"allow":["GET"]}}],"collection":[{"href":"https:\/\/www.moskito.cz\/es\/wp-json\/wp\/v2\/product"}],"about":[{"href":"https:\/\/www.moskito.cz\/es\/wp-json\/wp\/v2\/types\/product"}],"replies":[{"embeddable":true,"href":"https:\/\/www.moskito.cz\/es\/wp-json\/wp\/v2\/comments?post=358511"}],"wp:featuredmedia":[{"embeddable":true,"href":"https:\/\/www.moskito.cz\/es\/wp-json\/wp\/v2\/media\/358479"}],"wp:attachment":[{"href":"https:\/\/www.moskito.cz\/es\/wp-json\/wp\/v2\/media?parent=358511"}],"wp:term":[{"taxonomy":"pwb-brand","embeddable":true,"href":"https:\/\/www.moskito.cz\/es\/wp-json\/wp\/v2\/pwb-brand?post=358511"},{"taxonomy":"product_brand","embeddable":true,"href":"https:\/\/www.moskito.cz\/es\/wp-json\/wp\/v2\/product_brand?post=358511"},{"taxonomy":"product_cat","embeddable":true,"href":"https:\/\/www.moskito.cz\/es\/wp-json\/wp\/v2\/product_cat?post=358511"},{"taxonomy":"product_tag","embeddable":true,"href":"https:\/\/www.moskito.cz\/es\/wp-json\/wp\/v2\/product_tag?post=358511"}],"curies":[{"name":"wp","href":"https:\/\/api.w.org\/{rel}","templated":true}]}}