{"id":358547,"date":"2024-09-10T13:55:27","date_gmt":"2024-09-10T12:55:27","guid":{"rendered":"https:\/\/www.moskito.cz\/produkt\/multiherramienta-leatherman-charge-plus-negro\/"},"modified":"2025-05-07T11:23:52","modified_gmt":"2025-05-07T10:23:52","slug":"multiherramienta-leatherman-charge-plus-negro","status":"publish","type":"product","link":"https:\/\/www.moskito.cz\/es\/produkt\/multiherramienta-leatherman-charge-plus-negro\/","title":{"rendered":"Multiherramienta Leatherman Charge Plus Negro"},"content":{"rendered":"<p>Multiherramienta <strong>Leatherman<\/strong> Charge Plus Negro. <strong>Leatherman Charge+ black<\/strong> tiene un acabado gris-negro mate y es una de las multiherramientas m\u00e1s populares no solo por las 19 herramientas funcionales (que incluyen cuchillos, una sierra, un gancho de corte, una lima, destornilladores o abridores), sino tambi\u00e9n por los materiales de primera calidad con los que est\u00e1 construido. La herramienta denominada Plus se ha enriquecido recientemente con hojas de alicates reemplazables, gracias a las cuales la multiherramienta permanece como nueva incluso despu\u00e9s de muchos a\u00f1os de uso intenso. Las tijeras cortar\u00e1n cualquier cosa, las cuchillas est\u00e1n hechas de un material duradero y son reemplazables, y la hoja del cuchillo est\u00e1 hecha de acero de 154 CM fuerte y resistente a la corrosi\u00f3n (154 CM es un tipo de acero inoxidable desarrollado y fabricado en los Estados Unidos por Crucible Materials). Corporaci\u00f3n.) \u00bfNecesita una mano extra? Ning\u00fan problema. Cada herramienta se puede abrir y bloquear con una sola mano. Incluye un clip de bolsillo extra\u00edble. PAR\u00c1METROS: Longitud de la hoja: 7,37 cm Longitud de la herramienta cerrada: 10 cm Peso: 235 g HERRAMIENTAS: 01 Alicates de punta fina 02 Alicates regulares 03 Cortador de alambre premium reemplazable 04 Cortador de alambre premium reemplazable 05 Alicates de engarce el\u00e9ctricos 06 Alicates pelacables 07 Cuchillo 154CM 08 Cuchillo dentado 420HC 09 Sierra 10 Tijeras de resorte 11 Gancho de corte 12 Regla (8 in | 19 cm) 13 Abrelatas 14 Abridor de botellas 15 Lima para madera\/metal 16 Lima de diamante para superficies 17 Taladro de punta grande 18 Taladro de punta peque\u00f1a 19 Destornillador mediano        &nbsp;  EL PAQUETE INCLUYE: estuche intermedio de nailon multiherramienta con 4 bolsillos clip de bolsillo desmontable anillo de mosquet\u00f3n juego de puntas adicionales: punta cruzada PZ1 y PZ2, punta allen de 1,5 mm, 2 mm, 2,5 mm, 3 mm, 4 mm, 5 mm torx 10, 15, 20, 25 punta plana Adhesivo 1\/8 y 3\/32 Instrucciones 100% originales<\/p>\n","protected":false},"excerpt":{"rendered":"<p><strong>La herramienta tiene una garant\u00eda de 25 a\u00f1os, por lo que su Leatherman le servir\u00e1 durante casi toda la vida. La herramienta viene con un estuche de nailon con cuatro compartimentos, un clip y ojal de acero para colgar y un cargador de pl\u00e1stico con siete puntas. <\/strong><\/p>\n<p><strong>Transporte gratuito.<\/strong><\/p>\n","protected":false},"featured_media":358529,"comment_status":"open","ping_status":"closed","template":"","meta":[],"pwb-brand":[3936],"product_brand":[],"product_cat":[3725],"product_tag":[],"class_list":{"0":"post-358547","1":"product","2":"type-product","3":"status-publish","4":"has-post-thumbnail","6":"pwb-brand-hombre-de-cuero","7":"product_cat-herramienta-multiple","9":"first","10":"instock","11":"taxable","12":"shipping-taxable","13":"purchasable","14":"product-type-simple"},"brands":[{"id":3936,"name":"hombre de cuero","slug":"hombre-de-cuero"}],"_links":{"self":[{"href":"https:\/\/www.moskito.cz\/es\/wp-json\/wp\/v2\/product\/358547","targetHints":{"allow":["GET"]}}],"collection":[{"href":"https:\/\/www.moskito.cz\/es\/wp-json\/wp\/v2\/product"}],"about":[{"href":"https:\/\/www.moskito.cz\/es\/wp-json\/wp\/v2\/types\/product"}],"replies":[{"embeddable":true,"href":"https:\/\/www.moskito.cz\/es\/wp-json\/wp\/v2\/comments?post=358547"}],"wp:featuredmedia":[{"embeddable":true,"href":"https:\/\/www.moskito.cz\/es\/wp-json\/wp\/v2\/media\/358529"}],"wp:attachment":[{"href":"https:\/\/www.moskito.cz\/es\/wp-json\/wp\/v2\/media?parent=358547"}],"wp:term":[{"taxonomy":"pwb-brand","embeddable":true,"href":"https:\/\/www.moskito.cz\/es\/wp-json\/wp\/v2\/pwb-brand?post=358547"},{"taxonomy":"product_brand","embeddable":true,"href":"https:\/\/www.moskito.cz\/es\/wp-json\/wp\/v2\/product_brand?post=358547"},{"taxonomy":"product_cat","embeddable":true,"href":"https:\/\/www.moskito.cz\/es\/wp-json\/wp\/v2\/product_cat?post=358547"},{"taxonomy":"product_tag","embeddable":true,"href":"https:\/\/www.moskito.cz\/es\/wp-json\/wp\/v2\/product_tag?post=358547"}],"curies":[{"name":"wp","href":"https:\/\/api.w.org\/{rel}","templated":true}]}}