{"id":358619,"date":"2023-04-22T12:56:03","date_gmt":"2023-04-22T11:56:03","guid":{"rendered":"https:\/\/www.moskito.cz\/produkt\/multiherramienta-leatherman-surge-negro\/"},"modified":"2025-05-07T11:23:54","modified_gmt":"2025-05-07T10:23:54","slug":"multiherramienta-leatherman-surge-negro","status":"publish","type":"product","link":"https:\/\/www.moskito.cz\/es\/produkt\/multiherramienta-leatherman-surge-negro\/","title":{"rendered":"Multiherramienta Leatherman Surge Negro"},"content":{"rendered":"<p>Multiherramienta <strong>Leatherman<\/strong> Surge Black Los alicates Leatherman Surge Black son una ayuda \u00fatil para todo manitas, cuyo duradero cuerpo de acero esconde un total de 21 herramientas. Gracias a sus discretas dimensiones podr\u00e1s tenerlo siempre en el bolsillo o en el coche, en el maletero de la moto, en el taller o, por \u00faltimo, tambi\u00e9n en la naturaleza. En esta multiherramienta, adem\u00e1s de los cl\u00e1sicos alicates multifunci\u00f3n, tambi\u00e9n encontrar\u00e1s un abrebotellas y un abrelatas, un juego de destornilladores, un punz\u00f3n con agujero, dos cuchillos fabricados en acero premium 420HC, una sierra de doble diente, que Se puede cambiar por una lima con revestimiento de diamante. Seguramente tambi\u00e9n encontrar\u00e1 a mano unas tijeras afiladas con mecanismo de resorte. En definitiva, aqu\u00ed encontrar\u00e1s todo lo necesario para realizar diversas actividades. Leatherman ofrece una garant\u00eda de 25 a\u00f1os en sus productos, lo que demuestra la calidad de los productos de esta marca. Herramientas: Alicates de punta fina Alicates combinados Alicates para engarzar cables blandos &#8211; Alicates para engarzar cables duros reemplazables &#8211; Alicates para engarzar reemplazables Alicates para engarzar &#8211; Pelacables Hoja en el abridor Cuchillo recto de acero 420HC Cuchillo dentado de acero 420HC Sierra Tijeras de resorte Punz\u00f3n Regla (8 pulgadas\/19 cm) Abridor Abridor de botellas Lima para madera y metal Lima recubierta de diamante Sierra intercambiable &#8211; Bosch Adaptador de punta grande Destornillador plano grande Destornillador plano peque\u00f1o      <\/p>\n","protected":false},"excerpt":{"rendered":"<p>La Leatherman Surge es una de nuestras dos multiherramientas m\u00e1s grandes. El dise\u00f1o incluye los alicates m\u00e1s grandes de Leatherman, las hojas m\u00e1s largas y cierres de herramientas f\u00e1ciles de usar. <\/p>\n","protected":false},"featured_media":358621,"comment_status":"open","ping_status":"closed","template":"","meta":[],"pwb-brand":[3936],"product_brand":[],"product_cat":[3725],"product_tag":[],"class_list":{"0":"post-358619","1":"product","2":"type-product","3":"status-publish","4":"has-post-thumbnail","6":"pwb-brand-hombre-de-cuero","7":"product_cat-herramienta-multiple","9":"first","10":"instock","11":"taxable","12":"shipping-taxable","13":"purchasable","14":"product-type-simple"},"brands":[{"id":3936,"name":"hombre de cuero","slug":"hombre-de-cuero"}],"_links":{"self":[{"href":"https:\/\/www.moskito.cz\/es\/wp-json\/wp\/v2\/product\/358619","targetHints":{"allow":["GET"]}}],"collection":[{"href":"https:\/\/www.moskito.cz\/es\/wp-json\/wp\/v2\/product"}],"about":[{"href":"https:\/\/www.moskito.cz\/es\/wp-json\/wp\/v2\/types\/product"}],"replies":[{"embeddable":true,"href":"https:\/\/www.moskito.cz\/es\/wp-json\/wp\/v2\/comments?post=358619"}],"wp:featuredmedia":[{"embeddable":true,"href":"https:\/\/www.moskito.cz\/es\/wp-json\/wp\/v2\/media\/358621"}],"wp:attachment":[{"href":"https:\/\/www.moskito.cz\/es\/wp-json\/wp\/v2\/media?parent=358619"}],"wp:term":[{"taxonomy":"pwb-brand","embeddable":true,"href":"https:\/\/www.moskito.cz\/es\/wp-json\/wp\/v2\/pwb-brand?post=358619"},{"taxonomy":"product_brand","embeddable":true,"href":"https:\/\/www.moskito.cz\/es\/wp-json\/wp\/v2\/product_brand?post=358619"},{"taxonomy":"product_cat","embeddable":true,"href":"https:\/\/www.moskito.cz\/es\/wp-json\/wp\/v2\/product_cat?post=358619"},{"taxonomy":"product_tag","embeddable":true,"href":"https:\/\/www.moskito.cz\/es\/wp-json\/wp\/v2\/product_tag?post=358619"}],"curies":[{"name":"wp","href":"https:\/\/api.w.org\/{rel}","templated":true}]}}