{"id":358691,"date":"2024-09-10T14:38:58","date_gmt":"2024-09-10T14:40:35","guid":{"rendered":"https:\/\/www.moskito.cz\/produkt\/multiherramienta-leatherman-curl\/"},"modified":"2025-05-07T11:23:55","modified_gmt":"2025-05-07T10:23:55","slug":"multiherramienta-leatherman-curl","status":"publish","type":"product","link":"https:\/\/www.moskito.cz\/es\/produkt\/multiherramienta-leatherman-curl\/","title":{"rendered":"Multiherramienta Leatherman CURL"},"content":{"rendered":"<p>Multiherramienta <strong>Leatherman<\/strong> CURL. Compacto y pr\u00e1ctico. As\u00ed es la nueva multiherramienta <strong>Leatherman CURL<\/strong> . Cuenta con quince herramientas de vanguardia (incluida una hoja de cuchillo ultraafilada a la que se puede acceder con una mano, tijeras con resorte y un accesorio para broca). A\u00fan as\u00ed, <strong>CURL<\/strong> es muy asequible. Con un clip de bolsillo desmontable o una funda de nailon, siempre lo tendr\u00e1s a mano. Contenido del paquete: funda de nailon, clip extra\u00edble. Par\u00e1metros: Longitud de la hoja: 7,37 cm Longitud de la herramienta cerrada: 10 cm Contenido del paquete: estuche multiherramienta de nailon adhesivo con clip extra\u00edble 100% original e instrucciones Herramientas: Alicates con punta de aguja Alicates Alicates para cortar alambre Alicates para alambre duro Hoja pelacables Cuchillo con hoja recta de acero 420 HC Adaptador de punta grande Tijeras de resorte Lima de diamante Abrelatas Abridor de botellas Punz\u00f3n y ojal Regla (10 cm) Lima para madera y metal Destornillador mediano       <\/p>\n","protected":false},"excerpt":{"rendered":"<p><strong>La multiherramienta Leatherman Curl cuenta con quince herramientas de vanguardia (incluida una hoja de cuchillo ultraafilada a la que se puede acceder con una mano, tijeras con resorte y un accesorio para broca).<\/strong><\/p>\n","protected":false},"featured_media":358594,"comment_status":"open","ping_status":"closed","template":"","meta":[],"pwb-brand":[3936],"product_brand":[],"product_cat":[3725],"product_tag":[],"class_list":{"0":"post-358691","1":"product","2":"type-product","3":"status-publish","4":"has-post-thumbnail","6":"pwb-brand-hombre-de-cuero","7":"product_cat-herramienta-multiple","9":"first","10":"instock","11":"taxable","12":"shipping-taxable","13":"purchasable","14":"product-type-simple"},"brands":[{"id":3936,"name":"hombre de cuero","slug":"hombre-de-cuero"}],"_links":{"self":[{"href":"https:\/\/www.moskito.cz\/es\/wp-json\/wp\/v2\/product\/358691","targetHints":{"allow":["GET"]}}],"collection":[{"href":"https:\/\/www.moskito.cz\/es\/wp-json\/wp\/v2\/product"}],"about":[{"href":"https:\/\/www.moskito.cz\/es\/wp-json\/wp\/v2\/types\/product"}],"replies":[{"embeddable":true,"href":"https:\/\/www.moskito.cz\/es\/wp-json\/wp\/v2\/comments?post=358691"}],"wp:featuredmedia":[{"embeddable":true,"href":"https:\/\/www.moskito.cz\/es\/wp-json\/wp\/v2\/media\/358594"}],"wp:attachment":[{"href":"https:\/\/www.moskito.cz\/es\/wp-json\/wp\/v2\/media?parent=358691"}],"wp:term":[{"taxonomy":"pwb-brand","embeddable":true,"href":"https:\/\/www.moskito.cz\/es\/wp-json\/wp\/v2\/pwb-brand?post=358691"},{"taxonomy":"product_brand","embeddable":true,"href":"https:\/\/www.moskito.cz\/es\/wp-json\/wp\/v2\/product_brand?post=358691"},{"taxonomy":"product_cat","embeddable":true,"href":"https:\/\/www.moskito.cz\/es\/wp-json\/wp\/v2\/product_cat?post=358691"},{"taxonomy":"product_tag","embeddable":true,"href":"https:\/\/www.moskito.cz\/es\/wp-json\/wp\/v2\/product_tag?post=358691"}],"curies":[{"name":"wp","href":"https:\/\/api.w.org\/{rel}","templated":true}]}}