{"id":359016,"date":"2024-09-11T10:56:10","date_gmt":"2024-09-11T12:15:20","guid":{"rendered":"https:\/\/www.moskito.cz\/produkt\/multiherramienta-leatherman-mut-eod\/"},"modified":"2025-05-07T11:24:01","modified_gmt":"2025-05-07T10:24:01","slug":"multiherramienta-leatherman-mut-eod","status":"publish","type":"product","link":"https:\/\/www.moskito.cz\/es\/produkt\/multiherramienta-leatherman-mut-eod\/","title":{"rendered":"Multiherramienta Leatherman MUT EOD"},"content":{"rendered":"<p>Multiherramienta <strong>Leatherman<\/strong> MUT EOD. <strong>La multiherramienta militar t\u00e1ctica Leatherman MUT EOD<\/strong> est\u00e1 dise\u00f1ada no solo para soldados profesionales, sino tambi\u00e9n para polic\u00edas, tiradores y cazadores. Gracias al mango de acero de forma especial, es fant\u00e1stico usarlo con guantes y algunas herramientas se pueden abrir f\u00e1cilmente con el dedo de una mano. La punta del cuchillo combinado est\u00e1 biselada para cortar f\u00e1cilmente carne o desollar. La sierra tiene dientes afilados en dos filas y corta perfectamente madera, pl\u00e1stico, caucho y otros materiales. Los alicates tienen mand\u00edbulas especialmente estrechas para trabajos delicados con explosivos y contienen un cabezal especial para activar las mechas. Las cuchillas reemplazables cortan cuerdas de acero y alambre de p\u00faas. El mango incluye un pr\u00e1ctico martillo. Todo tirador apreciar\u00e1 una herramienta para liberar cartuchos atascados y un raspador de carb\u00f3n. Los especialistas del ej\u00e9rcito utilizar\u00e1n entonces el punz\u00f3n como explosivo pl\u00e1stico. Los adaptadores para diferentes tipos de destornilladores son algo natural. Para que las armas (no s\u00f3lo las de fuego) se conviertan en nuestras ayudas fiables, debemos cuidarlas bien. Por ello, la Leatherman MUT EOD no deber\u00eda faltar en el equipamiento de ning\u00fan tirador. El paquete incluye: multiherramienta, funda de nailon MOLLE XL NEGRO, LLAVE MUT, puntas: punta Phillips n.\u00b0 1-2 y plana de 3\/16&#8243;, punta Phillips n.\u00b0 2 y plana de \u00bc\u00bb, Torx n.\u00b0 15 y hexagonal de 7\/64&#8243;, titanio extra\u00edble clip para bolsillo o cintur\u00f3n, llave para ajustar y ajustar la mira frontal del arma 3\/8&#8243;, pegatina 100% original, instrucciones Par\u00e1metros: Largo de la hoja: 7,6 cm Largo de la herramienta cerrada: 12,7 cm Peso: 317,5 g https:\/\/www .youtube.com\/watch?v=5W_v3GoNiL8 https:\/\/www.youtube.com\/watch?v=ytNrMeNaRL8.               &nbsp;<\/p>\n","protected":false},"excerpt":{"rendered":"<p><strong>Estamos orgullosos de respaldar cada producto que sale de nuestra f\u00e1brica en Portland, Oreg\u00f3n. Por eso ofrecemos nuestra garant\u00eda de 25 a\u00f1os, para que pueda estar seguro de que su Leatherman durar\u00e1 toda la vida. <\/strong><\/p>\n<p><strong>Transporte gratuito.<\/strong><\/p>\n","protected":false},"featured_media":358820,"comment_status":"open","ping_status":"closed","template":"","meta":[],"pwb-brand":[3936],"product_brand":[],"product_cat":[3725],"product_tag":[],"class_list":{"0":"post-359016","1":"product","2":"type-product","3":"status-publish","4":"has-post-thumbnail","6":"pwb-brand-hombre-de-cuero","7":"product_cat-herramienta-multiple","9":"first","10":"outofstock","11":"taxable","12":"shipping-taxable","13":"purchasable","14":"product-type-simple"},"brands":[{"id":3936,"name":"hombre de cuero","slug":"hombre-de-cuero"}],"_links":{"self":[{"href":"https:\/\/www.moskito.cz\/es\/wp-json\/wp\/v2\/product\/359016","targetHints":{"allow":["GET"]}}],"collection":[{"href":"https:\/\/www.moskito.cz\/es\/wp-json\/wp\/v2\/product"}],"about":[{"href":"https:\/\/www.moskito.cz\/es\/wp-json\/wp\/v2\/types\/product"}],"replies":[{"embeddable":true,"href":"https:\/\/www.moskito.cz\/es\/wp-json\/wp\/v2\/comments?post=359016"}],"wp:featuredmedia":[{"embeddable":true,"href":"https:\/\/www.moskito.cz\/es\/wp-json\/wp\/v2\/media\/358820"}],"wp:attachment":[{"href":"https:\/\/www.moskito.cz\/es\/wp-json\/wp\/v2\/media?parent=359016"}],"wp:term":[{"taxonomy":"pwb-brand","embeddable":true,"href":"https:\/\/www.moskito.cz\/es\/wp-json\/wp\/v2\/pwb-brand?post=359016"},{"taxonomy":"product_brand","embeddable":true,"href":"https:\/\/www.moskito.cz\/es\/wp-json\/wp\/v2\/product_brand?post=359016"},{"taxonomy":"product_cat","embeddable":true,"href":"https:\/\/www.moskito.cz\/es\/wp-json\/wp\/v2\/product_cat?post=359016"},{"taxonomy":"product_tag","embeddable":true,"href":"https:\/\/www.moskito.cz\/es\/wp-json\/wp\/v2\/product_tag?post=359016"}],"curies":[{"name":"wp","href":"https:\/\/api.w.org\/{rel}","templated":true}]}}