{"id":359122,"date":"2024-09-11T12:28:17","date_gmt":"2024-09-11T12:40:14","guid":{"rendered":"https:\/\/www.moskito.cz\/produkt\/senal-multiherramienta-leatherman\/"},"modified":"2025-05-07T11:24:02","modified_gmt":"2025-05-07T10:24:02","slug":"senal-multiherramienta-leatherman","status":"publish","type":"product","link":"https:\/\/www.moskito.cz\/es\/produkt\/senal-multiherramienta-leatherman\/","title":{"rendered":"Se\u00f1al multiherramienta Leatherman"},"content":{"rendered":"<p>Se\u00f1al multiherramienta <strong>Leatherman<\/strong> . No es dif\u00edcil encontrarse en una situaci\u00f3n en la que la vida est\u00e1 literalmente en juego. Simplemente pi\u00e9rdete en el bosque, pi\u00e9rdete en cualquier lugar de la naturaleza. Cualquier ayuda ser\u00e1 apreciada en ese momento. <strong>Leatherman SIGNAL<\/strong> trae exactamente diecinueve de ellos. Las diecinueve herramientas del nuevo especial para exteriores <strong>SIGNAL<\/strong> , que te ayudar\u00e1n no solo en momentos de emergencia, incluyen un pedernal con gatillo de diamante, con el que podr\u00e1s iniciar un incendio muy f\u00e1cilmente, un silbato de se\u00f1al para comunicarte con el entorno, un mosquet\u00f3n para colgar, pero tambi\u00e9n un cuchillo de hoja combinada, un martillo, un punz\u00f3n, un juego de abridores y destornilladores y, por supuesto, los tradicionales alicates multifunci\u00f3n. El atractivo cuerpo negro y plateado esconde un posible salvavidas con el que nada deber\u00eda sorprenderte. El paquete contiene: multiherramienta, estuche grande de NYLON negro, pegatina 100% original, instrucciones&nbsp; https:\/\/www.youtube.com\/watch?v=WwJdQJJPVmU        &nbsp;<\/p>\n","protected":false},"excerpt":{"rendered":"<div class=\"elementor-element elementor-element-bbb542b elementor-widget elementor-widget-woocommerce-product-short-description\" data-id=\"bbb542b\" data-element_type=\"widget\" data-widget_type=\"woocommerce-product-short-description.default\">\n<div class=\"elementor-widget-container\">\n<div class=\"woocommerce-product-details__short-description\">\n<div class=\"elementor-element elementor-element-bbb542b elementor-widget elementor-widget-woocommerce-product-short-description\" data-id=\"bbb542b\" data-element_type=\"widget\" data-widget_type=\"woocommerce-product-short-description.default\">\n<div class=\"elementor-widget-container\">\n<div class=\"woocommerce-product-details__short-description\">\n<div class=\"elementor-element elementor-element-bbb542b elementor-widget elementor-widget-woocommerce-product-short-description\" data-id=\"bbb542b\" data-element_type=\"widget\" data-widget_type=\"woocommerce-product-short-description.default\">\n<div class=\"elementor-widget-container\">\n<div class=\"woocommerce-product-details__short-description\">\n<p><strong>La multiherramienta Signal de Leatherman es la opci\u00f3n ideal para cualquier situaci\u00f3n, ya sea que est\u00e9s perdido en el bosque o te adentres en la monta\u00f1a. Hay un total de 19 herramientas en un cuerpo compacto de acero inoxidable que te facilitar\u00e1 cualquier situaci\u00f3n. <\/strong><\/p>\n<p><strong>Transporte gratuito.<\/strong><\/p>\n<\/div>\n<\/div>\n<\/div>\n<\/div>\n<\/div>\n<\/div>\n<\/div>\n<\/div>\n<\/div>\n","protected":false},"featured_media":358941,"comment_status":"open","ping_status":"closed","template":"","meta":[],"pwb-brand":[3936],"product_brand":[],"product_cat":[3725],"product_tag":[],"class_list":{"0":"post-359122","1":"product","2":"type-product","3":"status-publish","4":"has-post-thumbnail","6":"pwb-brand-hombre-de-cuero","7":"product_cat-herramienta-multiple","9":"first","10":"instock","11":"taxable","12":"shipping-taxable","13":"purchasable","14":"product-type-simple"},"brands":[{"id":3936,"name":"hombre de cuero","slug":"hombre-de-cuero"}],"_links":{"self":[{"href":"https:\/\/www.moskito.cz\/es\/wp-json\/wp\/v2\/product\/359122","targetHints":{"allow":["GET"]}}],"collection":[{"href":"https:\/\/www.moskito.cz\/es\/wp-json\/wp\/v2\/product"}],"about":[{"href":"https:\/\/www.moskito.cz\/es\/wp-json\/wp\/v2\/types\/product"}],"replies":[{"embeddable":true,"href":"https:\/\/www.moskito.cz\/es\/wp-json\/wp\/v2\/comments?post=359122"}],"wp:featuredmedia":[{"embeddable":true,"href":"https:\/\/www.moskito.cz\/es\/wp-json\/wp\/v2\/media\/358941"}],"wp:attachment":[{"href":"https:\/\/www.moskito.cz\/es\/wp-json\/wp\/v2\/media?parent=359122"}],"wp:term":[{"taxonomy":"pwb-brand","embeddable":true,"href":"https:\/\/www.moskito.cz\/es\/wp-json\/wp\/v2\/pwb-brand?post=359122"},{"taxonomy":"product_brand","embeddable":true,"href":"https:\/\/www.moskito.cz\/es\/wp-json\/wp\/v2\/product_brand?post=359122"},{"taxonomy":"product_cat","embeddable":true,"href":"https:\/\/www.moskito.cz\/es\/wp-json\/wp\/v2\/product_cat?post=359122"},{"taxonomy":"product_tag","embeddable":true,"href":"https:\/\/www.moskito.cz\/es\/wp-json\/wp\/v2\/product_tag?post=359122"}],"curies":[{"name":"wp","href":"https:\/\/api.w.org\/{rel}","templated":true}]}}