{"id":359131,"date":"2024-09-11T13:39:25","date_gmt":"2024-09-11T12:40:36","guid":{"rendered":"https:\/\/www.moskito.cz\/produkt\/multiherramienta-leatherman-mut-negro\/"},"modified":"2025-05-07T11:24:03","modified_gmt":"2025-05-07T10:24:03","slug":"multiherramienta-leatherman-mut-negro","status":"publish","type":"product","link":"https:\/\/www.moskito.cz\/es\/produkt\/multiherramienta-leatherman-mut-negro\/","title":{"rendered":"Multiherramienta Leatherman MUT NEGRO"},"content":{"rendered":"<p>Multiherramienta <strong>Leatherman<\/strong> MUT NEGRO. El compa\u00f1ero de todo francotirador. Esta variante, denominada civil, de multiherramientas militares es un equipo inestimable para tiradores civiles, pero tambi\u00e9n para profesionales del ej\u00e9rcito. En m\u00e1s de 317 gramos de acero, la multiherramienta lleva 16 herramientas. Adem\u00e1s de los tradicionales alicates multifuncionales, tambi\u00e9n ofrece alicates para cables de acero con hojas reemplazables y alicates de electricista para engarzar. Un cuchillo con hoja combinada de acero 420HC y una sierra son algo natural. Tambi\u00e9n oculto debajo del enorme martillo al final de la herramienta hay un gancho de corte en forma de V para cortar f\u00e1cilmente las correas. Las principales ventajas de la multiherramienta Leatherman MUT son las herramientas ya mencionadas para el mantenimiento de armas de fuego: una herramienta para cartuchos atascados, un raspador de carb\u00f3n (fabricado en bronce, por lo que no hay riesgo de rayar los componentes del arma), un adaptador para limpieza. cepillo, una herramienta para desmontar armas y un adaptador grande para brocas. Todas las herramientas est\u00e1n dimensionadas para materiales militares y civiles est\u00e1ndar, por lo que no deber\u00edan tener problemas para desmontar y limpiar pr\u00e1cticamente cualquier arma de fuego. La herramienta se puede mejorar a\u00fan m\u00e1s con componentes adicionales, como puntas de repuesto. El pr\u00e1ctico malet\u00edn est\u00e1 adaptado a ello y tambi\u00e9n contiene piezas de repuesto o una llave para cambiar herramientas. El paquete incluye: multiherramienta, funda NYLON MOLLE XL BROWN, llave inglesa, punta cruzada #1-2 y punta plana 3\/16, punta cruzada #2 y plana \u00bc\u00bb, torx #15 y hexagonal 7\/64&#8243;, pegatina 100% original, HERRAMIENTAS manuales Alicates de punta fina Alicates combinados especiales del ej\u00e9rcito Cortador de alambre de acero blando 154CM con cuchillas reemplazables Cortador de cable de acero duro Cortador de cables Alicates para engarzar de electricista Cuchillo con hoja combinada de acero 420HC Sierra Gancho de corte Martillo Herramienta de cartucho atascado Rascador de carb\u00f3n Adaptador para cepillo de limpieza M\/ Herramienta de desmontaje de armas F: mosquet\u00f3n\/abridor intercambiable, adaptador de punta grande https:\/\/www.youtube.com\/watch?v=5W_v3GoNiL8             &nbsp;<\/p>\n","protected":false},"excerpt":{"rendered":"<p><strong>Estamos orgullosos de respaldar cada producto que sale de nuestra f\u00e1brica en Portland, Oreg\u00f3n. Por eso ofrecemos nuestra garant\u00eda de 25 a\u00f1os, para que pueda estar seguro de que su Leatherman durar\u00e1 toda la vida. <\/strong><\/p>\n<p><strong>Transporte gratuito.<\/strong><\/p>\n","protected":false},"featured_media":359072,"comment_status":"open","ping_status":"closed","template":"","meta":[],"pwb-brand":[3936],"product_brand":[],"product_cat":[3725],"product_tag":[],"class_list":{"0":"post-359131","1":"product","2":"type-product","3":"status-publish","4":"has-post-thumbnail","6":"pwb-brand-hombre-de-cuero","7":"product_cat-herramienta-multiple","9":"first","10":"outofstock","11":"taxable","12":"shipping-taxable","13":"purchasable","14":"product-type-simple"},"brands":[{"id":3936,"name":"hombre de cuero","slug":"hombre-de-cuero"}],"_links":{"self":[{"href":"https:\/\/www.moskito.cz\/es\/wp-json\/wp\/v2\/product\/359131","targetHints":{"allow":["GET"]}}],"collection":[{"href":"https:\/\/www.moskito.cz\/es\/wp-json\/wp\/v2\/product"}],"about":[{"href":"https:\/\/www.moskito.cz\/es\/wp-json\/wp\/v2\/types\/product"}],"replies":[{"embeddable":true,"href":"https:\/\/www.moskito.cz\/es\/wp-json\/wp\/v2\/comments?post=359131"}],"wp:featuredmedia":[{"embeddable":true,"href":"https:\/\/www.moskito.cz\/es\/wp-json\/wp\/v2\/media\/359072"}],"wp:attachment":[{"href":"https:\/\/www.moskito.cz\/es\/wp-json\/wp\/v2\/media?parent=359131"}],"wp:term":[{"taxonomy":"pwb-brand","embeddable":true,"href":"https:\/\/www.moskito.cz\/es\/wp-json\/wp\/v2\/pwb-brand?post=359131"},{"taxonomy":"product_brand","embeddable":true,"href":"https:\/\/www.moskito.cz\/es\/wp-json\/wp\/v2\/product_brand?post=359131"},{"taxonomy":"product_cat","embeddable":true,"href":"https:\/\/www.moskito.cz\/es\/wp-json\/wp\/v2\/product_cat?post=359131"},{"taxonomy":"product_tag","embeddable":true,"href":"https:\/\/www.moskito.cz\/es\/wp-json\/wp\/v2\/product_tag?post=359131"}],"curies":[{"name":"wp","href":"https:\/\/api.w.org\/{rel}","templated":true}]}}