{"id":359148,"date":"2024-09-11T12:42:41","date_gmt":"2024-09-11T11:42:41","guid":{"rendered":"https:\/\/www.moskito.cz\/produkt\/multiherramienta-leatherman-verde-topo\/"},"modified":"2025-05-07T11:24:05","modified_gmt":"2025-05-07T10:24:05","slug":"multiherramienta-leatherman-verde-topo","status":"publish","type":"product","link":"https:\/\/www.moskito.cz\/es\/produkt\/multiherramienta-leatherman-verde-topo\/","title":{"rendered":"Multiherramienta Leatherman VERDE TOPO"},"content":{"rendered":"<p>Multiherramienta <strong>Leatherman<\/strong> TOPO VERDE. No es dif\u00edcil encontrarse en una situaci\u00f3n en la que la vida est\u00e1 literalmente en juego. Simplemente pi\u00e9rdete en el bosque, pi\u00e9rdete en cualquier lugar de la naturaleza. Cualquier ayuda ser\u00e1 apreciada en ese momento. <strong>Leatherman SIGNAL<\/strong> trae exactamente diecinueve de ellos. Las diecinueve herramientas del nuevo especial para exteriores <strong>SIGNAL<\/strong> , que te ayudar\u00e1n no solo en momentos de emergencia, incluyen un pedernal con gatillo de diamante, con el que podr\u00e1s iniciar un incendio muy f\u00e1cilmente, un silbato de se\u00f1al para comunicarte con el entorno, un mosquet\u00f3n para colgar, pero tambi\u00e9n un cuchillo de hoja combinada, un martillo, un punz\u00f3n, un juego de abridores y destornilladores y, por supuesto, los tradicionales alicates multifunci\u00f3n. El atractivo cuerpo verde-negro con l\u00edneas de contorno en la hoja esconde un posible salvavidas que ya no deber\u00eda sorprenderte. El paquete contiene: multiherramienta, estuche NYLON LARGE, pegatina 100% original, instrucciones. https:\/\/www.youtube.com\/watch?v=WwJdQJJPVmU         &nbsp;<\/p>\n","protected":false},"excerpt":{"rendered":"<div id=\"tw-target-text-container\" class=\"tw-ta-container F0azHf tw-nfl\" tabindex=\"0\">\n<p><strong>Estamos orgullosos de respaldar cada producto que sale de nuestra f\u00e1brica en Portland, Oreg\u00f3n. Por eso ofrecemos nuestra garant\u00eda de 25 a\u00f1os, para que pueda estar seguro de que su Leatherman durar\u00e1 toda la vida. <\/strong><\/p>\n<p><strong>Transporte gratuito.<\/strong><\/p>\n<pre id=\"tw-target-text\" class=\"tw-data-text tw-text-large tw-ta\" dir=\"ltr\" data-placeholder=\"P\u0159eklad\" aria-label=\"P\u0159elo\u017een\u00fd text\" data-ved=\"2ahUKEwjohPmwyLqIAxXLgv0HHQnQCWQQ3ewLegQICBAT\"><span class=\"Y2IQFc\" lang=\"cs\"> <\/span><\/pre>\n<\/div>\n<div id=\"tw-target-rmn-container\" class=\"tw-target-rmn tw-ta-container F0azHf tw-nfl\">\n<pre id=\"tw-target-rmn\" class=\"tw-data-placeholder tw-text-small tw-ta\" dir=\"ltr\" data-placeholder=\"\"><\/pre>\n<\/div>\n","protected":false},"featured_media":358990,"comment_status":"open","ping_status":"closed","template":"","meta":[],"pwb-brand":[3936],"product_brand":[],"product_cat":[3725],"product_tag":[],"class_list":{"0":"post-359148","1":"product","2":"type-product","3":"status-publish","4":"has-post-thumbnail","6":"pwb-brand-hombre-de-cuero","7":"product_cat-herramienta-multiple","9":"first","10":"instock","11":"taxable","12":"shipping-taxable","13":"purchasable","14":"product-type-simple"},"brands":[{"id":3936,"name":"hombre de cuero","slug":"hombre-de-cuero"}],"_links":{"self":[{"href":"https:\/\/www.moskito.cz\/es\/wp-json\/wp\/v2\/product\/359148","targetHints":{"allow":["GET"]}}],"collection":[{"href":"https:\/\/www.moskito.cz\/es\/wp-json\/wp\/v2\/product"}],"about":[{"href":"https:\/\/www.moskito.cz\/es\/wp-json\/wp\/v2\/types\/product"}],"replies":[{"embeddable":true,"href":"https:\/\/www.moskito.cz\/es\/wp-json\/wp\/v2\/comments?post=359148"}],"wp:featuredmedia":[{"embeddable":true,"href":"https:\/\/www.moskito.cz\/es\/wp-json\/wp\/v2\/media\/358990"}],"wp:attachment":[{"href":"https:\/\/www.moskito.cz\/es\/wp-json\/wp\/v2\/media?parent=359148"}],"wp:term":[{"taxonomy":"pwb-brand","embeddable":true,"href":"https:\/\/www.moskito.cz\/es\/wp-json\/wp\/v2\/pwb-brand?post=359148"},{"taxonomy":"product_brand","embeddable":true,"href":"https:\/\/www.moskito.cz\/es\/wp-json\/wp\/v2\/product_brand?post=359148"},{"taxonomy":"product_cat","embeddable":true,"href":"https:\/\/www.moskito.cz\/es\/wp-json\/wp\/v2\/product_cat?post=359148"},{"taxonomy":"product_tag","embeddable":true,"href":"https:\/\/www.moskito.cz\/es\/wp-json\/wp\/v2\/product_tag?post=359148"}],"curies":[{"name":"wp","href":"https:\/\/api.w.org\/{rel}","templated":true}]}}