{"id":359226,"date":"2024-09-11T14:15:48","date_gmt":"2024-09-11T13:15:48","guid":{"rendered":"https:\/\/www.moskito.cz\/?post_type=product&#038;p=359226"},"modified":"2025-05-07T11:24:05","modified_gmt":"2025-05-07T10:24:05","slug":"multitool-leatherman-signal-black","status":"publish","type":"product","link":"https:\/\/www.moskito.cz\/es\/produkt\/multitool-leatherman-signal-black\/","title":{"rendered":"Multitool Leatherman Signal Black"},"content":{"rendered":"<p>Multitool <strong>Leatherman<\/strong> Signal Black.<\/p>\n<p>Dostat se do situace, kdy jde doslova o \u017eivot, nen\u00ed nic slo\u017eit\u00e9ho. Sta\u010d\u00ed zabloudit v lese, ztratit se kdekoli v p\u0159\u00edrod\u011b. V tu chv\u00edli budete r\u00e1di za jakoukoli pomoc. <strong>Leatherman SIGNAL<\/strong> jich p\u0159in\u00e1\u0161\u00ed rovnou devaten\u00e1ct. Mezi devaten\u00e1ct n\u00e1stroj\u016f nov\u00e9ho outdoorov\u00e9ho speci\u00e1lu SIGNAL, kter\u00e9 v\u00e1m pomohou nejen ve chv\u00edli nouze, pat\u0159\u00ed k\u0159esadlo s diamantov\u00fdm \u0161krt\u00e1tkem, s jeho\u017e pomoc\u00ed si velmi snadno rozd\u011bl\u00e1te ohe\u0148, sign\u00e1ln\u00ed p\u00ed\u0161\u0165alka pro komunikaci s okol\u00edm, karabina na zav\u011b\u0161en\u00ed, ale tak\u00e9 n\u016f\u017e s kombinovanou \u010depel\u00ed, kladivo, \u0161\u00eddlo, sada otv\u00edr\u00e1k\u016f a \u0161roubov\u00e1k\u016f a samoz\u0159ejm\u011b tradi\u010dn\u00ed multifunk\u010dn\u00ed kle\u0161t\u011b. V \u010dern\u00e9m t\u011ble se skr\u00fdv\u00e1 mo\u017en\u00e1 z\u00e1chrana va\u0161eho \u017eivota, se kterou by v\u00e1s nem\u011blo u\u017e nic p\u0159ekvapit.<\/p>\n<p>Balen\u00ed obsahuje: multitool, pouzdro NYLON black large, samolepku 100% origin\u00e1l, n\u00e1vod.<\/p>\n<p><iframe title=\"Leatherman Signal\" width=\"800\" height=\"450\" src=\"https:\/\/www.youtube.com\/embed\/WwJdQJJPVmU?feature=oembed\" frameborder=\"0\" allow=\"accelerometer; autoplay; clipboard-write; encrypted-media; gyroscope; picture-in-picture; web-share\" referrerpolicy=\"strict-origin-when-cross-origin\" allowfullscreen><\/iframe><\/p>\n<p>&nbsp;<\/p>\n","protected":false},"excerpt":{"rendered":"<div class=\"elementor-element elementor-element-bbb542b elementor-widget elementor-widget-woocommerce-product-short-description\" data-id=\"bbb542b\" data-element_type=\"widget\" data-widget_type=\"woocommerce-product-short-description.default\">\n<div class=\"elementor-widget-container\">\n<div class=\"woocommerce-product-details__short-description\">\n<div class=\"elementor-element elementor-element-bbb542b elementor-widget elementor-widget-woocommerce-product-short-description\" data-id=\"bbb542b\" data-element_type=\"widget\" data-widget_type=\"woocommerce-product-short-description.default\">\n<div class=\"elementor-widget-container\">\n<div class=\"woocommerce-product-details__short-description\">\n<div class=\"elementor-element elementor-element-bbb542b elementor-widget elementor-widget-woocommerce-product-short-description\" data-id=\"bbb542b\" data-element_type=\"widget\" data-widget_type=\"woocommerce-product-short-description.default\">\n<div class=\"elementor-widget-container\">\n<div class=\"woocommerce-product-details__short-description\">\n<p><strong>Multifunk\u010dn\u00ed n\u00e1stroj Signal od zna\u010dky Leatherman je ide\u00e1ln\u00ed volbou pro ka\u017edou situaci, a\u0165 u\u017e zabloud\u00edte v lese nebo vyr\u00e1\u017e\u00edte do hor. V kompaktn\u00edm t\u011ble z nerezov\u00e9 oceli se nach\u00e1z\u00ed celkem 19 n\u00e1stroj\u016f, kter\u00e9 v\u00e1m uleh\u010d\u00ed jakoukoli situaci.<\/strong><\/p>\n<p><strong>Doprava zdarma.<\/strong><\/p>\n<\/div>\n<\/div>\n<\/div>\n<\/div>\n<\/div>\n<\/div>\n<\/div>\n<\/div>\n<\/div>\n","protected":false},"featured_media":359227,"comment_status":"open","ping_status":"closed","template":"","meta":[],"pwb-brand":[404],"product_brand":[],"product_cat":[50],"product_tag":[],"class_list":{"0":"post-359226","1":"product","2":"type-product","3":"status-publish","4":"has-post-thumbnail","6":"pwb-brand-leatherman","7":"product_cat-multi-tool","9":"first","10":"outofstock","11":"taxable","12":"shipping-taxable","13":"purchasable","14":"product-type-simple"},"brands":[{"id":404,"name":"Leatherman","slug":"leatherman"}],"_links":{"self":[{"href":"https:\/\/www.moskito.cz\/es\/wp-json\/wp\/v2\/product\/359226","targetHints":{"allow":["GET"]}}],"collection":[{"href":"https:\/\/www.moskito.cz\/es\/wp-json\/wp\/v2\/product"}],"about":[{"href":"https:\/\/www.moskito.cz\/es\/wp-json\/wp\/v2\/types\/product"}],"replies":[{"embeddable":true,"href":"https:\/\/www.moskito.cz\/es\/wp-json\/wp\/v2\/comments?post=359226"}],"wp:featuredmedia":[{"embeddable":true,"href":"https:\/\/www.moskito.cz\/es\/wp-json\/wp\/v2\/media\/359227"}],"wp:attachment":[{"href":"https:\/\/www.moskito.cz\/es\/wp-json\/wp\/v2\/media?parent=359226"}],"wp:term":[{"taxonomy":"pwb-brand","embeddable":true,"href":"https:\/\/www.moskito.cz\/es\/wp-json\/wp\/v2\/pwb-brand?post=359226"},{"taxonomy":"product_brand","embeddable":true,"href":"https:\/\/www.moskito.cz\/es\/wp-json\/wp\/v2\/product_brand?post=359226"},{"taxonomy":"product_cat","embeddable":true,"href":"https:\/\/www.moskito.cz\/es\/wp-json\/wp\/v2\/product_cat?post=359226"},{"taxonomy":"product_tag","embeddable":true,"href":"https:\/\/www.moskito.cz\/es\/wp-json\/wp\/v2\/product_tag?post=359226"}],"curies":[{"name":"wp","href":"https:\/\/api.w.org\/{rel}","templated":true}]}}