{"id":359318,"date":"2024-09-11T14:55:47","date_gmt":"2024-09-11T13:55:47","guid":{"rendered":"https:\/\/www.moskito.cz\/?post_type=product&#038;p=359318"},"modified":"2025-09-12T14:07:53","modified_gmt":"2025-09-12T13:07:53","slug":"multitool-leatherman-skeletool-cx-verdant","status":"publish","type":"product","link":"https:\/\/www.moskito.cz\/es\/produkt\/multitool-leatherman-skeletool-cx-verdant\/","title":{"rendered":"Multitool Leatherman SKELETOOL CX VERDANT 833123"},"content":{"rendered":"<p data-start=\"0\" data-end=\"396\">Kdy\u017e vezme\u0161 do ruky <strong data-start=\"20\" data-end=\"62\">Leatherman Skeletool CX Verdant 833123<\/strong>, hned pozn\u00e1\u0161, \u017ee jde o stylov\u00fd a minimalistick\u00fd multitool, kter\u00fd kombinuje funk\u010dnost s elegantn\u00ed vizu\u00e1ln\u00ed identitou. Limitovan\u00e1 edice <strong data-start=\"197\" data-end=\"214\">Verdant Green<\/strong> na hlin\u00edkov\u00fdch st\u0159enk\u00e1ch p\u0159id\u00e1v\u00e1 sv\u011b\u017e\u00ed, v\u00fdraznou barvu, zat\u00edmco pr\u00e9miov\u00e1 \u010depel z nerezov\u00e9 oceli <strong data-start=\"311\" data-end=\"320\">154CM<\/strong> zaji\u0161\u0165uje dlouhou \u017eivotnost ost\u0159\u00ed a spolehlivost p\u0159i ka\u017edodenn\u00edm pou\u017eit\u00ed.<\/p>\n<p data-start=\"398\" data-end=\"613\">Skeletool CX Verdant je ide\u00e1ln\u00ed pro ty, kdo hledaj\u00ed <strong data-start=\"450\" data-end=\"499\">lehk\u00fd, kompaktn\u00ed a z\u00e1rove\u0148 pr\u00e9miov\u00fd multitool<\/strong> pro EDC, outdoor i nen\u00e1ro\u010dn\u00e9 pracovn\u00ed nasazen\u00ed \u2013 s n\u00e1stroji, kter\u00e9 opravdu vyu\u017eije\u0161, a bez zbyte\u010dn\u00e9 v\u00e1hy nav\u00edc.<\/p>\n<hr data-start=\"615\" data-end=\"618\" \/>\n<p data-start=\"620\" data-end=\"691\">\ud83d\udd27 <strong data-start=\"623\" data-end=\"689\">Technick\u00e9 specifikace (Leatherman Skeletool CX Verdant 833123)<\/strong><\/p>\n<ul data-start=\"693\" data-end=\"1347\">\n<li data-start=\"693\" data-end=\"731\">\n<p data-start=\"695\" data-end=\"731\">Celkov\u00e1 d\u00e9lka (otev\u0159en\u00fd): 15,24 cm<\/p>\n<\/li>\n<li data-start=\"732\" data-end=\"769\">\n<p data-start=\"734\" data-end=\"769\">D\u00e9lka zav\u0159en\u00e9ho multitoolu: 10 cm<\/p>\n<\/li>\n<li data-start=\"770\" data-end=\"794\">\n<p data-start=\"772\" data-end=\"794\">D\u00e9lka \u010depele: 6,6 cm<\/p>\n<\/li>\n<li data-start=\"795\" data-end=\"818\">\n<p data-start=\"797\" data-end=\"818\">Hmotnost: cca 142 g<\/p>\n<\/li>\n<li data-start=\"819\" data-end=\"926\">\n<p data-start=\"821\" data-end=\"926\">Materi\u00e1l \u010depele: <strong data-start=\"838\" data-end=\"861\">154CM nerezov\u00e1 ocel<\/strong> \u2013 pr\u00e9miov\u00e1 ocel s vysokou odolnost\u00ed a dlouhou \u017eivotnost\u00ed ost\u0159\u00ed<\/p>\n<\/li>\n<li data-start=\"927\" data-end=\"1003\">\n<p data-start=\"929\" data-end=\"1003\">Materi\u00e1l rukojeti: <strong data-start=\"948\" data-end=\"1001\">uhl\u00edkov\u00e1 vl\u00e1kna + hlin\u00edkov\u00e9 st\u0159enky Verdant Green<\/strong><\/p>\n<\/li>\n<li data-start=\"1004\" data-end=\"1083\">\n<p data-start=\"1006\" data-end=\"1083\">Typ \u010depele: <strong data-start=\"1018\" data-end=\"1045\">hladk\u00e9 ost\u0159\u00ed drop point<\/strong> \u2013 univerz\u00e1ln\u00ed a snadno udr\u017eovateln\u00e9<\/p>\n<\/li>\n<li data-start=\"1084\" data-end=\"1105\">\n<p data-start=\"1086\" data-end=\"1105\">Po\u010det n\u00e1stroj\u016f: 7<\/p>\n<\/li>\n<li data-start=\"1106\" data-end=\"1266\">\n<p data-start=\"1108\" data-end=\"1266\">N\u00e1stroje: \u0161pi\u010dat\u00e9 kle\u0161t\u011b, standardn\u00ed kle\u0161t\u011b, \u0161t\u00edpac\u00ed kle\u0161t\u011b, \u010depel z 154CM, karabina\/otv\u00edr\u00e1k na lahve, bit driver s mo\u017enost\u00ed v\u00fdm\u011bny bit\u016f, kombinovan\u00e9 kle\u0161t\u011b<\/p>\n<\/li>\n<li data-start=\"1267\" data-end=\"1289\">\n<p data-start=\"1269\" data-end=\"1289\">Klip na kapsu: ano<\/p>\n<\/li>\n<li data-start=\"1290\" data-end=\"1347\">\n<p data-start=\"1292\" data-end=\"1347\">Ovl\u00e1d\u00e1n\u00ed jednou rukou: ano \u2013 \u010depel lze otev\u0159\u00edt palcem<\/p>\n<\/li>\n<\/ul>\n<hr data-start=\"1349\" data-end=\"1352\" \/>\n<p data-start=\"1354\" data-end=\"1375\">\u2705 <strong data-start=\"1356\" data-end=\"1373\">Hlavn\u00ed v\u00fdhody<\/strong><\/p>\n<ul data-start=\"1377\" data-end=\"1792\">\n<li data-start=\"1377\" data-end=\"1449\">\n<p data-start=\"1379\" data-end=\"1449\"><strong data-start=\"1379\" data-end=\"1405\">Pr\u00e9miov\u00e1 \u010depel z 154CM<\/strong> \u2013 dlouh\u00e1 \u017eivotnost ost\u0159\u00ed a snadn\u00e1 \u00fadr\u017eba.<\/p>\n<\/li>\n<li data-start=\"1450\" data-end=\"1517\">\n<p data-start=\"1452\" data-end=\"1517\"><strong data-start=\"1452\" data-end=\"1480\">Lehk\u00e1 konstrukce (142 g)<\/strong> \u2013 perfektn\u00ed pro ka\u017edodenn\u00ed no\u0161en\u00ed.<\/p>\n<\/li>\n<li data-start=\"1518\" data-end=\"1585\">\n<p data-start=\"1520\" data-end=\"1585\"><strong data-start=\"1520\" data-end=\"1553\">Elegantn\u00ed barva Verdant Green<\/strong> \u2013 v\u00fdrazn\u00e1, modern\u00ed a osobit\u00e1.<\/p>\n<\/li>\n<li data-start=\"1586\" data-end=\"1658\">\n<p data-start=\"1588\" data-end=\"1658\"><strong data-start=\"1588\" data-end=\"1613\">Minimalistick\u00fd design<\/strong> \u2013 pouze 7 n\u00e1stroj\u016f, \u017e\u00e1dn\u00e9 zbyte\u010dn\u00e9 funkce.<\/p>\n<\/li>\n<li data-start=\"1659\" data-end=\"1728\">\n<p data-start=\"1661\" data-end=\"1728\"><strong data-start=\"1661\" data-end=\"1685\">Karabina s otv\u00edr\u00e1kem<\/strong> \u2013 praktick\u00e9 p\u0159ipnut\u00ed na batoh \u010di opasek.<\/p>\n<\/li>\n<li data-start=\"1729\" data-end=\"1792\">\n<p data-start=\"1731\" data-end=\"1792\"><strong data-start=\"1731\" data-end=\"1761\">Jednoru\u010dn\u00ed ovl\u00e1d\u00e1n\u00ed \u010depele<\/strong> \u2013 rychl\u00e9 a pohodln\u00e9 pou\u017eit\u00ed.<\/p>\n<\/li>\n<\/ul>\n<hr data-start=\"1794\" data-end=\"1797\" \/>\n<p data-start=\"1799\" data-end=\"1821\">\u26a0\ufe0f <strong data-start=\"1802\" data-end=\"1819\">Mo\u017en\u00e1 omezen\u00ed<\/strong><\/p>\n<ul data-start=\"1823\" data-end=\"2025\">\n<li data-start=\"1823\" data-end=\"1897\">\n<p data-start=\"1825\" data-end=\"1897\"><strong data-start=\"1825\" data-end=\"1843\">Jen 7 n\u00e1stroj\u016f<\/strong> \u2013 m\u00e9n\u011b univerz\u00e1ln\u00ed ne\u017e Wave, Surge nebo Super Tool.<\/p>\n<\/li>\n<li data-start=\"1898\" data-end=\"1958\">\n<p data-start=\"1900\" data-end=\"1958\"><strong data-start=\"1900\" data-end=\"1917\">Pr\u00e9miov\u00e1 cena<\/strong> \u2013 plat\u00ed\u0161 hlavn\u011b za materi\u00e1ly a design.<\/p>\n<\/li>\n<li data-start=\"1959\" data-end=\"2025\">\n<p data-start=\"1961\" data-end=\"2025\"><strong data-start=\"1961\" data-end=\"1986\">Limitovan\u00e1 dostupnost<\/strong> \u2013 edice Verdant nen\u00ed b\u011b\u017en\u011b dostupn\u00e1.<\/p>\n<\/li>\n<\/ul>\n<hr data-start=\"2027\" data-end=\"2030\" \/>\n<p data-start=\"2032\" data-end=\"2055\">\ud83d\udee0\ufe0f <strong data-start=\"2036\" data-end=\"2053\">\u00dadr\u017eba a p\u00e9\u010de<\/strong><\/p>\n<ul data-start=\"2057\" data-end=\"2466\">\n<li data-start=\"2057\" data-end=\"2104\">\n<p data-start=\"2059\" data-end=\"2104\">Po pou\u017eit\u00ed multitool ot\u0159i a udr\u017euj v suchu.<\/p>\n<\/li>\n<li data-start=\"2105\" data-end=\"2160\">\n<p data-start=\"2107\" data-end=\"2160\">Pohybliv\u00e9 \u010d\u00e1sti pravideln\u011b proma\u017e kvalitn\u00edm olejem.<\/p>\n<\/li>\n<li data-start=\"2161\" data-end=\"2236\">\n<p data-start=\"2163\" data-end=\"2236\">\u010cepel z 154CM udr\u017euj ostrou \u2013 vydr\u017e\u00ed dlouho, ale ocen\u00ed pe\u010dlivou \u00fadr\u017ebu.<\/p>\n<\/li>\n<li data-start=\"2237\" data-end=\"2466\">\n<p data-start=\"2239\" data-end=\"2466\"><strong data-start=\"2239\" data-end=\"2464\">Pro dokonal\u00e9 ost\u0159\u00ed doporu\u010dujeme <a class=\"decorated-link cursor-pointer\" target=\"_new\" rel=\"noopener\" data-start=\"2273\" data-end=\"2362\">Spyderco Tri-Angle Sharpmaker Complete Sharpening System 204MF<\/a><\/strong><\/p>\n<\/li>\n<li data-start=\"2237\" data-end=\"2466\">\n<p data-start=\"2473\" data-end=\"2496\">\ud83c\udfaf <strong data-start=\"2476\" data-end=\"2494\">Doporu\u010deno pro<\/strong><\/p>\n<ul data-start=\"2498\" data-end=\"2804\">\n<li data-start=\"2498\" data-end=\"2577\">\n<p data-start=\"2500\" data-end=\"2577\">EDC nad\u0161ence, kte\u0159\u00ed cht\u011bj\u00ed minimalistick\u00fd multitool s pr\u00e9miov\u00fdmi materi\u00e1ly.<\/p>\n<\/li>\n<li data-start=\"2578\" data-end=\"2650\">\n<p data-start=\"2580\" data-end=\"2650\">Ty, kdo hledaj\u00ed <strong data-start=\"2596\" data-end=\"2625\">stylov\u00fd a v\u00fdrazn\u00fd n\u00e1stroj<\/strong> pro ka\u017edodenn\u00ed no\u0161en\u00ed.<\/p>\n<\/li>\n<li data-start=\"2651\" data-end=\"2723\">\n<p data-start=\"2653\" data-end=\"2723\">Outdoorov\u00e9 dobrodruhy a turisty, kte\u0159\u00ed ocen\u00ed lehkost a spolehlivost.<\/p>\n<\/li>\n<li data-start=\"2724\" data-end=\"2804\">\n<p data-start=\"2726\" data-end=\"2804\">Profesion\u00e1ly i laiky, kte\u0159\u00ed cht\u011bj\u00ed spolehliv\u00fd multitool bez zbyte\u010dn\u00e9 z\u00e1t\u011b\u017ee.<\/p>\n<\/li>\n<\/ul>\n<hr data-start=\"2806\" data-end=\"2809\" \/>\n<p data-start=\"2811\" data-end=\"2838\">\u2b50 <strong data-start=\"2813\" data-end=\"2836\">Z\u00e1v\u011bre\u010dn\u00e9 hodnocen\u00ed<\/strong><\/p>\n<p data-start=\"2840\" data-end=\"3233\"><strong data-start=\"2840\" data-end=\"2882\">Leatherman Skeletool CX Verdant 833123<\/strong> je modern\u00ed, lehk\u00fd a elegantn\u00ed multitool, kter\u00fd stav\u00ed na minimalistick\u00e9m designu a pr\u00e9miov\u00fdch materi\u00e1lech. V\u00fdrazn\u00e1 zelen\u00e1 barva, uhl\u00edkov\u00e1 vl\u00e1kna a \u010depel z 154CM d\u011blaj\u00ed z tohoto modelu perfektn\u00ed volbu pro ka\u017edodenn\u00ed no\u0161en\u00ed i lehk\u00e9 outdoorov\u00e9 vyu\u017eit\u00ed. Pokud hled\u00e1\u0161 kombinaci stylu, funk\u010dnosti a spolehlivosti, Skeletool CX Verdant je trefa do \u010dern\u00e9ho.<\/p>\n<\/li>\n<\/ul>\n<p>&nbsp;<\/p>\n<p><iframe title=\"Leatherman Skeletool CX\" width=\"800\" height=\"450\" src=\"https:\/\/www.youtube.com\/embed\/VUQu0ERufz8?feature=oembed\" frameborder=\"0\" allow=\"accelerometer; autoplay; clipboard-write; encrypted-media; gyroscope; picture-in-picture; web-share\" referrerpolicy=\"strict-origin-when-cross-origin\" allowfullscreen><\/iframe><\/p>\n<p>&nbsp;<\/p>\n<p>&nbsp;<\/p>\n<p>&nbsp;<\/p>\n","protected":false},"excerpt":{"rendered":"<p><strong>Leatherman Skeletool CX Verdant 833123 je modern\u00ed, lehk\u00fd a elegantn\u00ed multitool, kter\u00fd stav\u00ed na minimalistick\u00e9m designu a pr\u00e9miov\u00fdch materi\u00e1lech. V\u00fdrazn\u00e1 zelen\u00e1 barva, uhl\u00edkov\u00e1 vl\u00e1kna a \u010depel z 154CM d\u011blaj\u00ed z tohoto modelu perfektn\u00ed volbu pro ka\u017edodenn\u00ed no\u0161en\u00ed i lehk\u00e9 outdoorov\u00e9 vyu\u017eit\u00ed.<\/strong><\/p>\n","protected":false},"featured_media":359319,"comment_status":"open","ping_status":"closed","template":"","meta":[],"pwb-brand":[404],"product_brand":[],"product_cat":[50],"product_tag":[],"class_list":{"0":"post-359318","1":"product","2":"type-product","3":"status-publish","4":"has-post-thumbnail","6":"pwb-brand-leatherman","7":"product_cat-multi-tool","9":"first","10":"instock","11":"taxable","12":"shipping-taxable","13":"purchasable","14":"product-type-simple"},"brands":[{"id":404,"name":"Leatherman","slug":"leatherman"}],"_links":{"self":[{"href":"https:\/\/www.moskito.cz\/es\/wp-json\/wp\/v2\/product\/359318","targetHints":{"allow":["GET"]}}],"collection":[{"href":"https:\/\/www.moskito.cz\/es\/wp-json\/wp\/v2\/product"}],"about":[{"href":"https:\/\/www.moskito.cz\/es\/wp-json\/wp\/v2\/types\/product"}],"replies":[{"embeddable":true,"href":"https:\/\/www.moskito.cz\/es\/wp-json\/wp\/v2\/comments?post=359318"}],"wp:featuredmedia":[{"embeddable":true,"href":"https:\/\/www.moskito.cz\/es\/wp-json\/wp\/v2\/media\/359319"}],"wp:attachment":[{"href":"https:\/\/www.moskito.cz\/es\/wp-json\/wp\/v2\/media?parent=359318"}],"wp:term":[{"taxonomy":"pwb-brand","embeddable":true,"href":"https:\/\/www.moskito.cz\/es\/wp-json\/wp\/v2\/pwb-brand?post=359318"},{"taxonomy":"product_brand","embeddable":true,"href":"https:\/\/www.moskito.cz\/es\/wp-json\/wp\/v2\/product_brand?post=359318"},{"taxonomy":"product_cat","embeddable":true,"href":"https:\/\/www.moskito.cz\/es\/wp-json\/wp\/v2\/product_cat?post=359318"},{"taxonomy":"product_tag","embeddable":true,"href":"https:\/\/www.moskito.cz\/es\/wp-json\/wp\/v2\/product_tag?post=359318"}],"curies":[{"name":"wp","href":"https:\/\/api.w.org\/{rel}","templated":true}]}}