{"id":359401,"date":"2024-09-11T14:01:05","date_gmt":"2024-09-11T14:14:52","guid":{"rendered":"https:\/\/www.moskito.cz\/produkt\/multiherramienta-leatherman-skeletool-cx-paradise\/"},"modified":"2025-05-07T11:24:06","modified_gmt":"2025-05-07T10:24:06","slug":"multiherramienta-leatherman-skeletool-cx-paradise","status":"publish","type":"product","link":"https:\/\/www.moskito.cz\/es\/produkt\/multiherramienta-leatherman-skeletool-cx-paradise\/","title":{"rendered":"Multiherramienta Leatherman Skeletool CX Paradise"},"content":{"rendered":"<p>Multiherramienta <strong>Leatherman<\/strong> SKELETOOL CX PARADISE. <strong>La Leatherman SKELETOOL CX<\/strong> hered\u00f3 todos sus atributos b\u00e1sicos de su hermano mayor: dise\u00f1o atractivo, durabilidad extrema y un cuerpo elegante con orificios en relieve. Con s\u00f3lo 142 gramos, lo convierten en uno de los instrumentos m\u00e1s ligeros de su clase. Adem\u00e1s de todo esto, <strong>SKELETOOL CX<\/strong> ha perfeccionado la hoja del cuchillo con un filo liso, que est\u00e1 fabricado en acero 154CM de a\u00fan mejor calidad. En esta aparentemente sencilla multiherramienta encontrar\u00e1s todo lo que necesitas para tus viajes al campo o a la ciudad: adem\u00e1s del cuchillo, tambi\u00e9n encontrar\u00e1s unos alicates, un abrelatas, un mosquet\u00f3n y un juego de destornilladores de punta. Un total de siete herramientas funcionales en un compacto liviano con un dise\u00f1o negro plateado a\u00fan m\u00e1s atractivo estar\u00e1n siempre a mano y ni siquiera sentir\u00e1 su peso en su cintur\u00f3n o mochila. Se convertir\u00e1 as\u00ed en su compa\u00f1ero indispensable en cada viaje. El paquete incluye: multiherramienta, puntas: cruzadas #1 y #2, planas 1.4 y 3\/16, clip para cintur\u00f3n removible, pegatina 100% original, instrucciones. Par\u00e1metros: Longitud de la hoja: 6,6 cm Longitud de la herramienta cerrada: 10 cm Peso: 142 g https:\/\/www.youtube.com\/watch?v=VUQu0ERufz8         &nbsp;<\/p>\n","protected":false},"excerpt":{"rendered":"<div id=\"tw-target-text-container\" class=\"tw-ta-container F0azHf tw-nfl\" tabindex=\"0\">\n<p><strong>Estamos orgullosos de respaldar cada producto que sale de nuestra f\u00e1brica en Portland, Oreg\u00f3n. Por eso ofrecemos nuestra garant\u00eda de 25 a\u00f1os, para que pueda estar seguro de que su Leatherman durar\u00e1 toda la vida. <\/strong><\/p>\n<p>&nbsp;<\/p>\n<pre id=\"tw-target-text\" class=\"tw-data-text tw-text-large tw-ta\" dir=\"ltr\" data-placeholder=\"P\u0159eklad\" aria-label=\"P\u0159elo\u017een\u00fd text\" data-ved=\"2ahUKEwjohPmwyLqIAxXLgv0HHQnQCWQQ3ewLegQICBAT\"><span class=\"Y2IQFc\" lang=\"cs\"> <\/span><\/pre>\n<\/div>\n<div id=\"tw-target-rmn-container\" class=\"tw-target-rmn tw-ta-container F0azHf tw-nfl\">\n<pre id=\"tw-target-rmn\" class=\"tw-data-placeholder tw-text-small tw-ta\" dir=\"ltr\" data-placeholder=\"\"><\/pre>\n<\/div>\n","protected":false},"featured_media":359191,"comment_status":"open","ping_status":"closed","template":"","meta":[],"pwb-brand":[3936],"product_brand":[],"product_cat":[3725],"product_tag":[],"class_list":{"0":"post-359401","1":"product","2":"type-product","3":"status-publish","4":"has-post-thumbnail","6":"pwb-brand-hombre-de-cuero","7":"product_cat-herramienta-multiple","9":"first","10":"instock","11":"taxable","12":"shipping-taxable","13":"purchasable","14":"product-type-simple"},"brands":[{"id":3936,"name":"hombre de cuero","slug":"hombre-de-cuero"}],"_links":{"self":[{"href":"https:\/\/www.moskito.cz\/es\/wp-json\/wp\/v2\/product\/359401","targetHints":{"allow":["GET"]}}],"collection":[{"href":"https:\/\/www.moskito.cz\/es\/wp-json\/wp\/v2\/product"}],"about":[{"href":"https:\/\/www.moskito.cz\/es\/wp-json\/wp\/v2\/types\/product"}],"replies":[{"embeddable":true,"href":"https:\/\/www.moskito.cz\/es\/wp-json\/wp\/v2\/comments?post=359401"}],"wp:featuredmedia":[{"embeddable":true,"href":"https:\/\/www.moskito.cz\/es\/wp-json\/wp\/v2\/media\/359191"}],"wp:attachment":[{"href":"https:\/\/www.moskito.cz\/es\/wp-json\/wp\/v2\/media?parent=359401"}],"wp:term":[{"taxonomy":"pwb-brand","embeddable":true,"href":"https:\/\/www.moskito.cz\/es\/wp-json\/wp\/v2\/pwb-brand?post=359401"},{"taxonomy":"product_brand","embeddable":true,"href":"https:\/\/www.moskito.cz\/es\/wp-json\/wp\/v2\/product_brand?post=359401"},{"taxonomy":"product_cat","embeddable":true,"href":"https:\/\/www.moskito.cz\/es\/wp-json\/wp\/v2\/product_cat?post=359401"},{"taxonomy":"product_tag","embeddable":true,"href":"https:\/\/www.moskito.cz\/es\/wp-json\/wp\/v2\/product_tag?post=359401"}],"curies":[{"name":"wp","href":"https:\/\/api.w.org\/{rel}","templated":true}]}}