{"id":359598,"date":"2022-01-20T21:01:06","date_gmt":"2024-09-17T13:31:48","guid":{"rendered":"https:\/\/www.moskito.cz\/produkt\/cuchillo-de-tiro-microtech-hera-stonewashed-702-12\/"},"modified":"2025-05-07T11:24:09","modified_gmt":"2025-05-07T10:24:09","slug":"cuchillo-de-tiro-microtech-hera-stonewashed-702-12","status":"publish","type":"product","link":"https:\/\/www.moskito.cz\/es\/produkt\/cuchillo-de-tiro-microtech-hera-stonewashed-702-12\/","title":{"rendered":"Cuchillo de tiro Microtech Hera Stonewashed 702-12"},"content":{"rendered":"<p><strong>El Hera<\/strong> es un hermoso auto delantero de doble acci\u00f3n con una forma de marco basada libremente en el dise\u00f1o de Troodon. Sin embargo, es m\u00e1s ergon\u00f3mico, con parches mecanizados cerca de los extremos para una mejor compra y, en nuestra opini\u00f3n, una apariencia mejorada. Todo en este dise\u00f1o grita sofisticaci\u00f3n y funcionalidad. Es uno de los mejores dise\u00f1os OTF autom\u00e1ticos y vers\u00e1tiles en un campo extremadamente concurrido y con el tama\u00f1o perfecto para llevarlo todos los d\u00edas. Especificaciones del cuchillo de tiro <strong>Microtech<\/strong> Hera Stonewashed 702-12 Longitud de la hoja: 8 cm Longitud total: 19 cm Acero: M390 Estilo de la hoja: Daga de doble filo Afilado de la hoja: Plano Acabado de la hoja: Lavado a la piedra Material del mango: Aluminio aeron\u00e1utico anodizado negro Mecanismo de bloqueo: Deslizador para el pulgar Cierre de bolsillo: titanio (plegable, derecha) Dise\u00f1adores: Tony y Sean Marfione Hecho en EE. UU. https:\/\/youtu.be\/xE9TeOFYEjg?si=_cD7H1ukVfrw59MV  &nbsp;<\/p>\n","protected":false},"excerpt":{"rendered":"<p>A lo largo de los a\u00f1os, <strong>Microtech\u00ae<\/strong> Knives ha llenado los cuchillos con pasi\u00f3n y habilidad para crear casi obras de arte que son el pin\u00e1culo de la funcionalidad. Todas las piezas se fabrican en los EE. UU. <strong>Todos los cuchillos Microtech tienen garant\u00eda de por vida (m\u00edn. 80.000 ciclos, apertura y cierre)<\/strong> <strong>Env\u00edo gratuito.<\/strong><\/p>\n","protected":false},"featured_media":359599,"comment_status":"open","ping_status":"closed","template":"","meta":[],"pwb-brand":[3752],"product_brand":[],"product_cat":[3726,3729],"product_tag":[3756],"class_list":{"0":"post-359598","1":"product","2":"type-product","3":"status-publish","4":"has-post-thumbnail","6":"pwb-brand-microtecnologia","7":"product_cat-cuchillos","8":"product_cat-cuchillos-de-tiro","9":"product_tag-b2b-es","11":"first","12":"instock","13":"taxable","14":"shipping-taxable","15":"purchasable","16":"product-type-simple"},"brands":[{"id":3752,"name":"microtecnolog\u00eda","slug":"microtecnologia"}],"_links":{"self":[{"href":"https:\/\/www.moskito.cz\/es\/wp-json\/wp\/v2\/product\/359598","targetHints":{"allow":["GET"]}}],"collection":[{"href":"https:\/\/www.moskito.cz\/es\/wp-json\/wp\/v2\/product"}],"about":[{"href":"https:\/\/www.moskito.cz\/es\/wp-json\/wp\/v2\/types\/product"}],"replies":[{"embeddable":true,"href":"https:\/\/www.moskito.cz\/es\/wp-json\/wp\/v2\/comments?post=359598"}],"wp:featuredmedia":[{"embeddable":true,"href":"https:\/\/www.moskito.cz\/es\/wp-json\/wp\/v2\/media\/359599"}],"wp:attachment":[{"href":"https:\/\/www.moskito.cz\/es\/wp-json\/wp\/v2\/media?parent=359598"}],"wp:term":[{"taxonomy":"pwb-brand","embeddable":true,"href":"https:\/\/www.moskito.cz\/es\/wp-json\/wp\/v2\/pwb-brand?post=359598"},{"taxonomy":"product_brand","embeddable":true,"href":"https:\/\/www.moskito.cz\/es\/wp-json\/wp\/v2\/product_brand?post=359598"},{"taxonomy":"product_cat","embeddable":true,"href":"https:\/\/www.moskito.cz\/es\/wp-json\/wp\/v2\/product_cat?post=359598"},{"taxonomy":"product_tag","embeddable":true,"href":"https:\/\/www.moskito.cz\/es\/wp-json\/wp\/v2\/product_tag?post=359598"}],"curies":[{"name":"wp","href":"https:\/\/api.w.org\/{rel}","templated":true}]}}