{"id":359616,"date":"2023-03-18T12:04:03","date_gmt":"2024-09-17T13:32:15","guid":{"rendered":"https:\/\/www.moskito.cz\/produkt\/cuchillo-de-tiro-microtech-hera-mango-rojo-hoja-apocaliptica-702-12aprd\/"},"modified":"2025-05-07T11:24:10","modified_gmt":"2025-05-07T10:24:10","slug":"cuchillo-de-tiro-microtech-hera-mango-rojo-hoja-apocaliptica-702-12aprd","status":"publish","type":"product","link":"https:\/\/www.moskito.cz\/es\/produkt\/cuchillo-de-tiro-microtech-hera-mango-rojo-hoja-apocaliptica-702-12aprd\/","title":{"rendered":"Cuchillo de Tiro Microtech Hera Mango Rojo Hoja Apocal\u00edptica 702-12APRD"},"content":{"rendered":"<p>Cuchillo de tiro <strong>Microtech<\/strong> Hera con mango rojo y hoja apocal\u00edptica 702-12APRD <strong>El Hera<\/strong> es una hermosa autom\u00e1tica frontal de doble acci\u00f3n con una forma de marco basada libremente en el dise\u00f1o de Troodon. Sin embargo, es m\u00e1s ergon\u00f3mico, con parches mecanizados cerca de los extremos para una mejor compra y, en nuestra opini\u00f3n, una apariencia mejorada. Todo en este dise\u00f1o grita sofisticaci\u00f3n y funcionalidad. Es uno de los mejores dise\u00f1os OTF autom\u00e1ticos y vers\u00e1tiles en un campo extremadamente concurrido y con el tama\u00f1o perfecto para llevarlo todos los d\u00edas. Largo total: 19 cm Largo cerrado: 11.43 cm Largo de la hoja: 7.62 cm Grosor de la hoja: 0.2 cm Acero: 204P Acabado de la hoja: Apocal\u00edptico Estilo del filo: Dentado Material del mango: Aluminio rojo Clip de bolsillo: Tip-Down Ref. Fabricante #: 702-12APRD Pa\u00eds de origen: EE. UU. https:\/\/youtu.be\/xE9TeOFYEjg?si=_cD7H1ukVfrw59MV   &nbsp;<\/p>\n","protected":false},"excerpt":{"rendered":"<p>A lo largo de los a\u00f1os, <strong>Microtech\u00ae Knives<\/strong> ha llenado los cuchillos con pasi\u00f3n y habilidad para crear casi obras de arte que son el pin\u00e1culo de la funcionalidad. Todas las piezas se fabrican en los EE. UU. <strong>Todos los cuchillos Microtech vienen con una garant\u00eda de por vida.<\/strong> <strong>Env\u00edo gratis.<\/strong><\/p>\n","protected":false},"featured_media":359617,"comment_status":"open","ping_status":"closed","template":"","meta":[],"pwb-brand":[3752],"product_brand":[],"product_cat":[3726,3729],"product_tag":[3756],"class_list":{"0":"post-359616","1":"product","2":"type-product","3":"status-publish","4":"has-post-thumbnail","6":"pwb-brand-microtecnologia","7":"product_cat-cuchillos","8":"product_cat-cuchillos-de-tiro","9":"product_tag-b2b-es","11":"first","12":"instock","13":"taxable","14":"shipping-taxable","15":"purchasable","16":"product-type-simple"},"brands":[{"id":3752,"name":"microtecnolog\u00eda","slug":"microtecnologia"}],"_links":{"self":[{"href":"https:\/\/www.moskito.cz\/es\/wp-json\/wp\/v2\/product\/359616","targetHints":{"allow":["GET"]}}],"collection":[{"href":"https:\/\/www.moskito.cz\/es\/wp-json\/wp\/v2\/product"}],"about":[{"href":"https:\/\/www.moskito.cz\/es\/wp-json\/wp\/v2\/types\/product"}],"replies":[{"embeddable":true,"href":"https:\/\/www.moskito.cz\/es\/wp-json\/wp\/v2\/comments?post=359616"}],"wp:featuredmedia":[{"embeddable":true,"href":"https:\/\/www.moskito.cz\/es\/wp-json\/wp\/v2\/media\/359617"}],"wp:attachment":[{"href":"https:\/\/www.moskito.cz\/es\/wp-json\/wp\/v2\/media?parent=359616"}],"wp:term":[{"taxonomy":"pwb-brand","embeddable":true,"href":"https:\/\/www.moskito.cz\/es\/wp-json\/wp\/v2\/pwb-brand?post=359616"},{"taxonomy":"product_brand","embeddable":true,"href":"https:\/\/www.moskito.cz\/es\/wp-json\/wp\/v2\/product_brand?post=359616"},{"taxonomy":"product_cat","embeddable":true,"href":"https:\/\/www.moskito.cz\/es\/wp-json\/wp\/v2\/product_cat?post=359616"},{"taxonomy":"product_tag","embeddable":true,"href":"https:\/\/www.moskito.cz\/es\/wp-json\/wp\/v2\/product_tag?post=359616"}],"curies":[{"name":"wp","href":"https:\/\/api.w.org\/{rel}","templated":true}]}}