{"id":359635,"date":"2023-07-03T22:15:35","date_gmt":"2024-09-17T18:35:55","guid":{"rendered":"https:\/\/www.moskito.cz\/produkt\/cuchillo-de-tiro-microtech-socom-elite-lavado-a-la-piedra-tanto-161a-11\/"},"modified":"2025-05-07T11:24:10","modified_gmt":"2025-05-07T10:24:10","slug":"cuchillo-de-tiro-microtech-socom-elite-lavado-a-la-piedra-tanto-161a-11","status":"publish","type":"product","link":"https:\/\/www.moskito.cz\/es\/produkt\/cuchillo-de-tiro-microtech-socom-elite-lavado-a-la-piedra-tanto-161a-11\/","title":{"rendered":"Cuchillo de tiro Microtech Socom Elite lavado a la piedra Tanto 161A-11"},"content":{"rendered":"<p>Cuchillo de tiro <strong>Microtech<\/strong> Socom Elite Stonewashed Tanto 161A-11 <strong>El Socom Elite<\/strong> establece el est\u00e1ndar m\u00e1s alto para cuchillos t\u00e1cticos\/utilitarios. Desde la creaci\u00f3n del Socom original en 1996, ha sido el pionero de toda la gama <strong>de navajas Microtech<\/strong> . A lo largo de los a\u00f1os se han realizado una serie de mejoras para que Socom se adapte mejor a diferentes entornos. Tanto el <strong>Socom<\/strong> autom\u00e1tico como el manual tienen una forma de mango \u00fanica que se adapta a su mano. Sabes que est\u00e1s comprando la mejor herramienta del mercado sin importar qu\u00e9 hoja elijas: punta de clip o tanto. Un rompecristales integrado en la base del mango y un gran pasador que permite una f\u00e1cil apertura con un guante le dan un aspecto impresionante. La robusta confiabilidad de Socom lo convierte en la primera opci\u00f3n para la comunidad de operaciones especiales. Especificaciones Longitud de la hoja: 10,12 cm Longitud cerrada: 12,65 cm Longitud total: 22,77 cm Acero: M390 Estilo de la hoja: Tanto Afilado de la hoja: Plano Acabado de la hoja: Lavado a la piedra Material del mango: Aluminio con inserciones texturizadas Mecanismo de bloqueo: Bot\u00f3n Clip de bolsillo: Acero inoxidable (plegable, uso en la mano derecha) Peso: 5,6 oz. Dise\u00f1ador: Tony Marfione Hecho en los EE.UU. <\/p>\n","protected":false},"excerpt":{"rendered":"<p>A lo largo de los a\u00f1os, M <strong>icrotech\u00ae Knives<\/strong> ha llenado los cuchillos con pasi\u00f3n y habilidad para crear casi obras de arte que son el pin\u00e1culo de la funcionalidad. Todas las piezas se fabrican en los EE. UU. <strong>Todos los cuchillos Microtech vienen con una garant\u00eda de por vida.<\/strong> <strong>Env\u00edo gratis.<\/strong><\/p>\n<p>&nbsp;<\/p>\n","protected":false},"featured_media":359636,"comment_status":"open","ping_status":"closed","template":"","meta":[],"pwb-brand":[3752],"product_brand":[],"product_cat":[3726,3729],"product_tag":[3756],"class_list":{"0":"post-359635","1":"product","2":"type-product","3":"status-publish","4":"has-post-thumbnail","6":"pwb-brand-microtecnologia","7":"product_cat-cuchillos","8":"product_cat-cuchillos-de-tiro","9":"product_tag-b2b-es","11":"first","12":"outofstock","13":"taxable","14":"shipping-taxable","15":"purchasable","16":"product-type-simple"},"brands":[{"id":3752,"name":"microtecnolog\u00eda","slug":"microtecnologia"}],"_links":{"self":[{"href":"https:\/\/www.moskito.cz\/es\/wp-json\/wp\/v2\/product\/359635","targetHints":{"allow":["GET"]}}],"collection":[{"href":"https:\/\/www.moskito.cz\/es\/wp-json\/wp\/v2\/product"}],"about":[{"href":"https:\/\/www.moskito.cz\/es\/wp-json\/wp\/v2\/types\/product"}],"replies":[{"embeddable":true,"href":"https:\/\/www.moskito.cz\/es\/wp-json\/wp\/v2\/comments?post=359635"}],"wp:featuredmedia":[{"embeddable":true,"href":"https:\/\/www.moskito.cz\/es\/wp-json\/wp\/v2\/media\/359636"}],"wp:attachment":[{"href":"https:\/\/www.moskito.cz\/es\/wp-json\/wp\/v2\/media?parent=359635"}],"wp:term":[{"taxonomy":"pwb-brand","embeddable":true,"href":"https:\/\/www.moskito.cz\/es\/wp-json\/wp\/v2\/pwb-brand?post=359635"},{"taxonomy":"product_brand","embeddable":true,"href":"https:\/\/www.moskito.cz\/es\/wp-json\/wp\/v2\/product_brand?post=359635"},{"taxonomy":"product_cat","embeddable":true,"href":"https:\/\/www.moskito.cz\/es\/wp-json\/wp\/v2\/product_cat?post=359635"},{"taxonomy":"product_tag","embeddable":true,"href":"https:\/\/www.moskito.cz\/es\/wp-json\/wp\/v2\/product_tag?post=359635"}],"curies":[{"name":"wp","href":"https:\/\/api.w.org\/{rel}","templated":true}]}}