{"id":359668,"date":"2020-02-11T11:40:08","date_gmt":"2024-09-17T18:36:33","guid":{"rendered":"https:\/\/www.moskito.cz\/produkt\/cuchillo-de-tiro-microtech-socom-elite-160a-10-mr\/"},"modified":"2025-07-11T07:50:49","modified_gmt":"2025-07-11T06:50:49","slug":"cuchillo-de-tiro-microtech-socom-elite-160a-10-mr","status":"publish","type":"product","link":"https:\/\/www.moskito.cz\/es\/produkt\/cuchillo-de-tiro-microtech-socom-elite-160a-10-mr\/","title":{"rendered":"Cuchillo de Tiro Microtech Socom Elite 160A-10 MR"},"content":{"rendered":"<p>Cuchillo de Tiro <strong>Microtech Socom Elite<\/strong> 160A-10 MR.  <span lang=\"cs\">A lo largo de los a\u00f1os, <strong>Microtech\u00ae Knives<\/strong> ha llenado los cuchillos con pasi\u00f3n y habilidad para crear casi obras de arte que son el pin\u00e1culo de la funcionalidad. Contin\u00faa superando los l\u00edmites y mejorando lo que ya sabe que funciona. En 2020, Microtech\u00ae Knives se ha convertido en una marca de cuchillos l\u00edder que evoluciona y avanza constantemente utilizando la \u00faltima tecnolog\u00eda, principios antiguos de fabricaci\u00f3n de cuchillas y m\u00e1ximas pruebas de campo para no comprometer la calidad.  <\/span>  Esta navaja autom\u00e1tica <strong>Microtech Socom Elite<\/strong> 161A-10 MR Shooting Knife tiene un mango de aluminio y una hoja tanto mate. Desde el inicio del <strong>Microtech\u00ae original, Socom<\/strong> ha establecido el est\u00e1ndar para cuchillos t\u00e1cticos. Sokom Elite se basa en este dise\u00f1o para adaptarse a diferentes entornos. Su mango tiene un agarre deportivo y una forma \u00fanica, para un agarre c\u00f3modo y seguro en todo momento. Longitud total: 22,5 cm Longitud de la hoja: 10 cm Filo de corte: 9,37 cm Ancho de la hoja: 2,8 cm Grosor de la hoja: 0,47 cm Material de la hoja: Bohler M390 Insertos: Plano Longitud del mango: 12,5 cm Ancho del mango: 3,42 Grosor del mango: 1,37 Material de los mangos: aluminio Peso: 4,58 onzas. Usuario: Clip de bolsillo derecho: Punta hacia abajo Tipo de cuchillo: Abridor autom\u00e1tico: Tipo de bloqueo de bot\u00f3n: Bloqueo de bloqueo Marca: Microtech Modelo: Socom Elite N\u00famero de modelo: 161A-10 MR Pa\u00eds de origen: EE. UU. Mejor uso: T\u00e1ctico a trav\u00e9s de los a\u00f1os, <strong>Microtech \u00ae Knives<\/strong> ha infundido pasi\u00f3n y habilidad en la creaci\u00f3n de obras de arte que son la c\u00faspide de funcionalidad y forma.  Seguimos superando los l\u00edmites y mejorando lo que ya sabemos que funciona. En 2020, <strong>Microtech\u00ae Knives<\/strong> se ha convertido en una marca l\u00edder de cubiertos, siempre evolucionando y avanzando utilizando la \u00faltima tecnolog\u00eda, principios antiguos de cuchillas y m\u00e1ximas pruebas de campo para garantizar que nunca hagamos concesiones.  <\/p>\n<div class=\"description\">  Socom Elite establece el est\u00e1ndar m\u00e1s alto para cubiertos t\u00e1cticos\/utilitarios. Desde el inicio del Socom original en 1996, ha sido el pionero de toda la l\u00ednea de navajas plegables <strong>Microtech<\/strong> . A lo largo de los a\u00f1os, se han realizado numerosas mejoras para que Socom sea m\u00e1s adaptable a diferentes entornos. Tanto el Socom autom\u00e1tico como el manual tienen una forma de mango \u00fanica que se adapta a su mano. Sabes que est\u00e1s comprando la mejor herramienta del mercado, sin importar qu\u00e9 hoja \u00fanica elijas: la punta de clip o la tanto. Un rompecristales integrado en la base del mango y un perno grande que permite una f\u00e1cil apertura con un guante aumentan su impresionante estatura. La robusta confiabilidad del Socom lo convierte en la primera opci\u00f3n para la comunidad de operaciones especiales.        <\/p>\n<div class=\"clearfix\"><\/div>\n<\/div>\n<div class=\"specifications\">\n<div class=\"features\"><\/div>\n<div class=\"specs\">\n<p><strong>Especificaciones<\/strong><\/p>\n<ul>\n<li>Longitud de la hoja: 4.05&#8243;<\/li>\n<li>Filo de corte: 3,75&#8243;<\/li>\n<li>Longitud cerrada: 5,06&#8243;<\/li>\n<li>Longitud total: 9,11&#8243;<\/li>\n<li><strong>Tenga en cuenta que el acero de la hoja no se puede especificar ya que puede cambiar seg\u00fan la disponibilidad (informaci\u00f3n de Microtech)<\/strong><\/li>\n<li>Estilo de hoja: Tanto<\/li>\n<li>Rectificado de la hoja: Plano<\/li>\n<li>Acabado de la hoja: Lavado a la piedra<\/li>\n<li>Material del mango: Aluminio con inserciones texturizadas<\/li>\n<li>Mecanismo de bloqueo: Pulsador<\/li>\n<li>Clip de bolsillo: acero inoxidable (punta hacia abajo, transporte hacia la derecha)<\/li>\n<li>Peso: 5,6 onzas.<\/li>\n<li>Dise\u00f1ador: Tony Marfione<\/li>\n<li>Hecho en los EE.UU.<\/li>\n<\/ul>\n<\/div>\n<\/div>\n","protected":false},"excerpt":{"rendered":"<p>A lo largo de los a\u00f1os, <strong>Microtech\u00ae Knives<\/strong> ha llenado los cuchillos con pasi\u00f3n y habilidad para crear casi obras de arte que son el pin\u00e1culo de la funcionalidad. Todas las piezas se fabrican en los EE. UU.  <strong>Todos los cuchillos Microtech vienen con una garant\u00eda de por vida.<\/strong><\/p>\n","protected":false},"featured_media":177561,"comment_status":"open","ping_status":"closed","template":"","meta":[],"pwb-brand":[3752],"product_brand":[],"product_cat":[3726,3729],"product_tag":[],"class_list":{"0":"post-359668","1":"product","2":"type-product","3":"status-publish","4":"has-post-thumbnail","6":"pwb-brand-microtecnologia","7":"product_cat-cuchillos","8":"product_cat-cuchillos-de-tiro","10":"first","11":"outofstock","12":"taxable","13":"shipping-taxable","14":"purchasable","15":"product-type-simple"},"brands":[{"id":3752,"name":"microtecnolog\u00eda","slug":"microtecnologia"}],"_links":{"self":[{"href":"https:\/\/www.moskito.cz\/es\/wp-json\/wp\/v2\/product\/359668","targetHints":{"allow":["GET"]}}],"collection":[{"href":"https:\/\/www.moskito.cz\/es\/wp-json\/wp\/v2\/product"}],"about":[{"href":"https:\/\/www.moskito.cz\/es\/wp-json\/wp\/v2\/types\/product"}],"replies":[{"embeddable":true,"href":"https:\/\/www.moskito.cz\/es\/wp-json\/wp\/v2\/comments?post=359668"}],"wp:featuredmedia":[{"embeddable":true,"href":"https:\/\/www.moskito.cz\/es\/wp-json\/wp\/v2\/media\/177561"}],"wp:attachment":[{"href":"https:\/\/www.moskito.cz\/es\/wp-json\/wp\/v2\/media?parent=359668"}],"wp:term":[{"taxonomy":"pwb-brand","embeddable":true,"href":"https:\/\/www.moskito.cz\/es\/wp-json\/wp\/v2\/pwb-brand?post=359668"},{"taxonomy":"product_brand","embeddable":true,"href":"https:\/\/www.moskito.cz\/es\/wp-json\/wp\/v2\/product_brand?post=359668"},{"taxonomy":"product_cat","embeddable":true,"href":"https:\/\/www.moskito.cz\/es\/wp-json\/wp\/v2\/product_cat?post=359668"},{"taxonomy":"product_tag","embeddable":true,"href":"https:\/\/www.moskito.cz\/es\/wp-json\/wp\/v2\/product_tag?post=359668"}],"curies":[{"name":"wp","href":"https:\/\/api.w.org\/{rel}","templated":true}]}}