{"id":359712,"date":"2022-10-07T20:17:18","date_gmt":"2024-09-17T18:48:44","guid":{"rendered":"https:\/\/www.moskito.cz\/produkt\/cuchillo-de-tiro-microtech-utx-85-lavado-a-la-piedra-233-10-tq\/"},"modified":"2025-05-07T11:24:13","modified_gmt":"2025-05-07T10:24:13","slug":"cuchillo-de-tiro-microtech-utx-85-lavado-a-la-piedra-233-10-tq","status":"publish","type":"product","link":"https:\/\/www.moskito.cz\/es\/produkt\/cuchillo-de-tiro-microtech-utx-85-lavado-a-la-piedra-233-10-tq\/","title":{"rendered":"Cuchillo de tiro Microtech UTX-85 Lavado a la piedra 233-10 TQ"},"content":{"rendered":"<p>Cuchillo de tiro <strong>Microtech<\/strong> UTX-85 Lavado a la piedra 233-10 TQ. El cuchillo UTX-85 sigue el modelo del Ultratech, pero su tama\u00f1o se ha reducido en un 85%, lo que lo convierte en el tama\u00f1o ideal para llevar. El mango tiene forma y crea un agarre que se adapta bien a la mano. Longitud total: 18,75 cm Longitud de la hoja: 7,81 cm Filo: 7,17 cm Grosor de la hoja: 0,32 cm Material de la hoja: Bohler M390 Insertos: Plano Tipo de filo: liso Longitud del mango: 10,92 cm Grosor del mango: 1,17 cm Material del mango: aluminio Peso: 3 . 06 onzas Usuario: Clip de bolsillo derecho: Cuchillo con punta hacia abajo Tipo: OTF de doble acci\u00f3n Abridor autom\u00e1tico: Deslizante para pulgar Marca: Microtech Modelo: UTX-85 Pa\u00eds de origen: EE. UU. Mejor uso: T\u00e1ctico      &nbsp;<\/p>\n","protected":false},"excerpt":{"rendered":"<p>A lo largo de los a\u00f1os, <strong>Microtech\u00ae Knives<\/strong> ha llenado los cuchillos con pasi\u00f3n y habilidad para crear casi obras de arte que son el pin\u00e1culo de la funcionalidad. Todas las piezas se fabrican en los EE. UU.  <strong>Todos los cuchillos Microtech vienen con una garant\u00eda de por vida.<\/strong><\/p>\n<p><strong>Transporte gratuito.<\/strong><\/p>\n","protected":false},"featured_media":379968,"comment_status":"open","ping_status":"closed","template":"","meta":[],"pwb-brand":[3752],"product_brand":[],"product_cat":[3726,3729],"product_tag":[3756],"class_list":{"0":"post-359712","1":"product","2":"type-product","3":"status-publish","4":"has-post-thumbnail","6":"pwb-brand-microtecnologia","7":"product_cat-cuchillos","8":"product_cat-cuchillos-de-tiro","9":"product_tag-b2b-es","11":"first","12":"instock","13":"taxable","14":"shipping-taxable","15":"purchasable","16":"product-type-simple"},"brands":[{"id":3752,"name":"microtecnolog\u00eda","slug":"microtecnologia"}],"_links":{"self":[{"href":"https:\/\/www.moskito.cz\/es\/wp-json\/wp\/v2\/product\/359712","targetHints":{"allow":["GET"]}}],"collection":[{"href":"https:\/\/www.moskito.cz\/es\/wp-json\/wp\/v2\/product"}],"about":[{"href":"https:\/\/www.moskito.cz\/es\/wp-json\/wp\/v2\/types\/product"}],"replies":[{"embeddable":true,"href":"https:\/\/www.moskito.cz\/es\/wp-json\/wp\/v2\/comments?post=359712"}],"wp:featuredmedia":[{"embeddable":true,"href":"https:\/\/www.moskito.cz\/es\/wp-json\/wp\/v2\/media\/379968"}],"wp:attachment":[{"href":"https:\/\/www.moskito.cz\/es\/wp-json\/wp\/v2\/media?parent=359712"}],"wp:term":[{"taxonomy":"pwb-brand","embeddable":true,"href":"https:\/\/www.moskito.cz\/es\/wp-json\/wp\/v2\/pwb-brand?post=359712"},{"taxonomy":"product_brand","embeddable":true,"href":"https:\/\/www.moskito.cz\/es\/wp-json\/wp\/v2\/product_brand?post=359712"},{"taxonomy":"product_cat","embeddable":true,"href":"https:\/\/www.moskito.cz\/es\/wp-json\/wp\/v2\/product_cat?post=359712"},{"taxonomy":"product_tag","embeddable":true,"href":"https:\/\/www.moskito.cz\/es\/wp-json\/wp\/v2\/product_tag?post=359712"}],"curies":[{"name":"wp","href":"https:\/\/api.w.org\/{rel}","templated":true}]}}