{"id":359736,"date":"2022-07-15T10:09:34","date_gmt":"2024-09-17T18:51:06","guid":{"rendered":"https:\/\/www.moskito.cz\/produkt\/cuchillo-de-tiro-microtech-utx-85-turquesa-233-4tq\/"},"modified":"2025-05-07T11:24:16","modified_gmt":"2025-05-07T10:24:16","slug":"cuchillo-de-tiro-microtech-utx-85-turquesa-233-4tq","status":"publish","type":"product","link":"https:\/\/www.moskito.cz\/es\/produkt\/cuchillo-de-tiro-microtech-utx-85-turquesa-233-4tq\/","title":{"rendered":"Cuchillo de Tiro Microtech UTX-85 Turquesa 233-4TQ"},"content":{"rendered":"<p>Cuchillo de Tiro <strong>Microtech<\/strong> UTX-85 Turquesa 233-4TQ Microtech ha actualizado y mejorado el modelo UTX-85. Presenta una ergonom\u00eda mejorada, superficies de mango redondeadas y parches ranurados en los laterales para garantizar un agarre excelente. El bot\u00f3n disparador ha sido redise\u00f1ado para aumentar el contacto con la superficie para un compromiso efectivo, y el rompevidrios tiene una punta de bola colocada en una base con patr\u00f3n triangular para mejorar sus patrones de uso diario. El UTX-85 est\u00e1 basado en la plataforma Ultratech y est\u00e1 reducida al 85% de su longitud. El UTX-85 es una opci\u00f3n atractiva para aquellos que prefieren una navaja EDC m\u00e1s peque\u00f1a y aprecian la acci\u00f3n frontal de alto rendimiento y la excepcional calidad de construcci\u00f3n de Microtech. Este modelo cuenta con un mango de aluminio anodizado 6061-T6 con el logotipo de Claw en el frente. Clip de bolsillo y punta rompecristales a juego.  La hoja tiene informaci\u00f3n del modelo. El clip de bolsillo tiene el logotipo de Microtech, el n\u00famero de serie y la fecha de fabricaci\u00f3n. Viene nuevo en caja. Longitud total: 18,75 cm Longitud de la hoja: 7,81 cm Filo de corte: 7,17 cm Grosor de la hoja: 0,32 cm Material de la hoja: Bohler M390 Inserciones: Planas Longitud del mango: 10,92 cm Grosor del mango: 1,17 cm Material del mango: Aluminio Peso: 3,06 oz. Usuario: Clip de bolsillo derecho: Cuchillo con punta hacia abajo Tipo: OTF de doble acci\u00f3n Abridor autom\u00e1tico: Deslizante para pulgar Marca: Microtech Modelo: UTX-85 Pa\u00eds de origen: EE. UU. <\/p>\n","protected":false},"excerpt":{"rendered":"<div class=\"elementor-element elementor-element-bbb542b elementor-widget elementor-widget-woocommerce-product-short-description\" data-id=\"bbb542b\" data-element_type=\"widget\" data-widget_type=\"woocommerce-product-short-description.default\">\n<div class=\"elementor-widget-container\">\n<div class=\"woocommerce-product-details__short-description\">  A lo largo de los a\u00f1os, <strong>Microtech\u00ae Knives<\/strong> ha llenado los cuchillos con pasi\u00f3n y habilidad para crear casi obras de arte que son el pin\u00e1culo de la funcionalidad. Todas las piezas se fabrican en los EE. UU. <strong>Todos los cuchillos Microtech vienen con una garant\u00eda de por vida.<\/strong> <strong>Env\u00edo gratis.<\/strong><\/p>\n<\/div>\n<\/div>\n<\/div>\n","protected":false},"featured_media":386661,"comment_status":"open","ping_status":"closed","template":"","meta":[],"pwb-brand":[3752],"product_brand":[],"product_cat":[3726,3729],"product_tag":[3756],"class_list":{"0":"post-359736","1":"product","2":"type-product","3":"status-publish","4":"has-post-thumbnail","6":"pwb-brand-microtecnologia","7":"product_cat-cuchillos","8":"product_cat-cuchillos-de-tiro","9":"product_tag-b2b-es","11":"first","12":"outofstock","13":"taxable","14":"shipping-taxable","15":"purchasable","16":"product-type-simple"},"brands":[{"id":3752,"name":"microtecnolog\u00eda","slug":"microtecnologia"}],"_links":{"self":[{"href":"https:\/\/www.moskito.cz\/es\/wp-json\/wp\/v2\/product\/359736","targetHints":{"allow":["GET"]}}],"collection":[{"href":"https:\/\/www.moskito.cz\/es\/wp-json\/wp\/v2\/product"}],"about":[{"href":"https:\/\/www.moskito.cz\/es\/wp-json\/wp\/v2\/types\/product"}],"replies":[{"embeddable":true,"href":"https:\/\/www.moskito.cz\/es\/wp-json\/wp\/v2\/comments?post=359736"}],"wp:featuredmedia":[{"embeddable":true,"href":"https:\/\/www.moskito.cz\/es\/wp-json\/wp\/v2\/media\/386661"}],"wp:attachment":[{"href":"https:\/\/www.moskito.cz\/es\/wp-json\/wp\/v2\/media?parent=359736"}],"wp:term":[{"taxonomy":"pwb-brand","embeddable":true,"href":"https:\/\/www.moskito.cz\/es\/wp-json\/wp\/v2\/pwb-brand?post=359736"},{"taxonomy":"product_brand","embeddable":true,"href":"https:\/\/www.moskito.cz\/es\/wp-json\/wp\/v2\/product_brand?post=359736"},{"taxonomy":"product_cat","embeddable":true,"href":"https:\/\/www.moskito.cz\/es\/wp-json\/wp\/v2\/product_cat?post=359736"},{"taxonomy":"product_tag","embeddable":true,"href":"https:\/\/www.moskito.cz\/es\/wp-json\/wp\/v2\/product_tag?post=359736"}],"curies":[{"name":"wp","href":"https:\/\/api.w.org\/{rel}","templated":true}]}}