{"id":359762,"date":"2023-07-03T21:30:54","date_gmt":"2024-09-17T18:52:57","guid":{"rendered":"https:\/\/www.moskito.cz\/produkt\/microtech-bastinelli-creations-braquial-268a-3t-cuchillo-de-tiro\/"},"modified":"2025-05-07T11:24:17","modified_gmt":"2025-05-07T10:24:17","slug":"microtech-bastinelli-creations-braquial-268a-3t-cuchillo-de-tiro","status":"publish","type":"product","link":"https:\/\/www.moskito.cz\/es\/produkt\/microtech-bastinelli-creations-braquial-268a-3t-cuchillo-de-tiro\/","title":{"rendered":"Microtech\/Bastinelli Creations Braquial 268A-3T Cuchillo de tiro"},"content":{"rendered":"<p><strong>Microtech\/Bastinelli<\/strong> Creations Brachial 268A-3T Cuchillo de tiro El Brachial es una colaboraci\u00f3n de dise\u00f1o de estilo persa con Bastinelli Knives que aporta una pieza de estilo \u00fanica a la gama Microtech. Nos encanta todo sobre este cuchillo. Desde su apariencia hasta su ergonom\u00eda, acci\u00f3n y materiales superiores; le servir\u00e1 durante muchos a\u00f1os. Tambi\u00e9n es adecuado para una gran variedad de aplicaciones, desde EDC hasta t\u00e1cticas y, literalmente, todo lo dem\u00e1s. Incluye un acabado mecanizado con un patr\u00f3n de fragmentos para un mejor agarre, un clip de bolsillo bellamente dise\u00f1ado y un orificio para cord\u00f3n oculto que puede contener 550 paracord. Este es un gran cuchillo, \u00a1cons\u00edguelo mientras puedas! Especificaciones Longitud de la hoja: 9 cm Longitud cerrada: 12 cm Longitud total: 21 cm OCel: M390 Grosor de la hoja: 0,40 cm Estilo de la hoja: Punta de arrastre Afilado de la hoja: Plano Acabado de la hoja: negro Material del mango: Aluminio negro fresado 6061-T6 Grosor de las empu\u00f1aduras: 0,545 \u00bb Mecanismo de bloqueo: Bot\u00f3n Clip de bolsillo: Acero inoxidable (desplegable, para llevar en la mano derecha) Peso: 4.37 oz. Dise\u00f1adores: Bastien Coves y Tony Marfione Hecho en los EE. UU. https:\/\/youtu.be\/xE9TeOFYEjg?si=_cD7H1ukVfrw59MV   &nbsp;<\/p>\n","protected":false},"excerpt":{"rendered":"<p>A lo largo de los a\u00f1os, <strong>Microtech\u00ae<\/strong> Knives ha llenado los cuchillos con pasi\u00f3n y habilidad para crear casi obras de arte que son el pin\u00e1culo de la funcionalidad. Todas las piezas se fabrican en los EE. UU. <strong>Todos los cuchillos Microtech tienen garant\u00eda de por vida (m\u00edn. 80.000 ciclos, apertura y cierre)<\/strong> <strong>Env\u00edo gratuito.<\/strong><\/p>\n","protected":false},"featured_media":359763,"comment_status":"open","ping_status":"closed","template":"","meta":[],"pwb-brand":[3752],"product_brand":[],"product_cat":[3726,3729],"product_tag":[3756],"class_list":{"0":"post-359762","1":"product","2":"type-product","3":"status-publish","4":"has-post-thumbnail","6":"pwb-brand-microtecnologia","7":"product_cat-cuchillos","8":"product_cat-cuchillos-de-tiro","9":"product_tag-b2b-es","11":"first","12":"instock","13":"taxable","14":"shipping-taxable","15":"purchasable","16":"product-type-simple"},"brands":[{"id":3752,"name":"microtecnolog\u00eda","slug":"microtecnologia"}],"_links":{"self":[{"href":"https:\/\/www.moskito.cz\/es\/wp-json\/wp\/v2\/product\/359762","targetHints":{"allow":["GET"]}}],"collection":[{"href":"https:\/\/www.moskito.cz\/es\/wp-json\/wp\/v2\/product"}],"about":[{"href":"https:\/\/www.moskito.cz\/es\/wp-json\/wp\/v2\/types\/product"}],"replies":[{"embeddable":true,"href":"https:\/\/www.moskito.cz\/es\/wp-json\/wp\/v2\/comments?post=359762"}],"wp:featuredmedia":[{"embeddable":true,"href":"https:\/\/www.moskito.cz\/es\/wp-json\/wp\/v2\/media\/359763"}],"wp:attachment":[{"href":"https:\/\/www.moskito.cz\/es\/wp-json\/wp\/v2\/media?parent=359762"}],"wp:term":[{"taxonomy":"pwb-brand","embeddable":true,"href":"https:\/\/www.moskito.cz\/es\/wp-json\/wp\/v2\/pwb-brand?post=359762"},{"taxonomy":"product_brand","embeddable":true,"href":"https:\/\/www.moskito.cz\/es\/wp-json\/wp\/v2\/product_brand?post=359762"},{"taxonomy":"product_cat","embeddable":true,"href":"https:\/\/www.moskito.cz\/es\/wp-json\/wp\/v2\/product_cat?post=359762"},{"taxonomy":"product_tag","embeddable":true,"href":"https:\/\/www.moskito.cz\/es\/wp-json\/wp\/v2\/product_tag?post=359762"}],"curies":[{"name":"wp","href":"https:\/\/api.w.org\/{rel}","templated":true}]}}