{"id":359825,"date":"2022-12-15T22:08:26","date_gmt":"2024-09-20T12:32:35","guid":{"rendered":"https:\/\/www.moskito.cz\/produkt\/cuchillo-de-tiro-cobratec-grande-fs-3-army-digi-camo\/"},"modified":"2025-05-07T11:24:18","modified_gmt":"2025-05-07T10:24:18","slug":"cuchillo-de-tiro-cobratec-grande-fs-3-army-digi-camo","status":"publish","type":"product","link":"https:\/\/www.moskito.cz\/es\/produkt\/cuchillo-de-tiro-cobratec-grande-fs-3-army-digi-camo\/","title":{"rendered":"Cuchillo de tiro CobraTec GRANDE FS-3 ARMY DIGI CAMO"},"content":{"rendered":"<p>Cuchillo de Tiro <strong>CobraTec<\/strong> LARGE FS-3 ARMY DIGI CAMO. Nuestro gran FS-3 Army Digi Camo comienza con un mango de aleaci\u00f3n de aluminio de alta calidad y tiene una hoja de acero D2 de alta calidad. Todas las cuchillas son de doble acci\u00f3n (la extensi\u00f3n y retracci\u00f3n de la hoja se controla presionando o tirando del mismo interruptor de control). El cuchillo es ambidiestro ya que el clip de bolsillo se puede cambiar hacia cualquier lado, lo que permite su uso hacia la derecha y hacia la izquierda. Esta navaja tiene un clip de bolsillo, rompevidrios de emergencia e incluye una funda de nailon. Todos los cuchillos CobraTec est\u00e1n cubiertos por nuestra GARANT\u00cdA DE POR VIDA. Marca: CobraTec Longitud total: 22,90 cm Longitud de la hoja: 8,90 cm Peso: 226,00 g Material de la hoja: D2 Material del mango: Aluminio Abridor: Pulsador Apertura: Autom\u00e1tica Tipo de bloqueo: OTF Color: Camo Color de la hoja: Sin recubrimiento        &nbsp;<\/p>\n","protected":false},"excerpt":{"rendered":"<p>Cada cuchillo <strong>CobraTec\u00ae<\/strong> viene con una garant\u00eda de por vida. <strong>Env\u00edo gratis.<\/strong><\/p>\n","protected":false},"featured_media":359826,"comment_status":"open","ping_status":"closed","template":"","meta":[],"pwb-brand":[3943],"product_brand":[],"product_cat":[3726,3729],"product_tag":[],"class_list":{"0":"post-359825","1":"product","2":"type-product","3":"status-publish","4":"has-post-thumbnail","6":"pwb-brand-cobratec-es","7":"product_cat-cuchillos","8":"product_cat-cuchillos-de-tiro","10":"first","11":"outofstock","12":"taxable","13":"shipping-taxable","14":"purchasable","15":"product-type-simple"},"brands":[{"id":3943,"name":"cobratec","slug":"cobratec-es"}],"_links":{"self":[{"href":"https:\/\/www.moskito.cz\/es\/wp-json\/wp\/v2\/product\/359825","targetHints":{"allow":["GET"]}}],"collection":[{"href":"https:\/\/www.moskito.cz\/es\/wp-json\/wp\/v2\/product"}],"about":[{"href":"https:\/\/www.moskito.cz\/es\/wp-json\/wp\/v2\/types\/product"}],"replies":[{"embeddable":true,"href":"https:\/\/www.moskito.cz\/es\/wp-json\/wp\/v2\/comments?post=359825"}],"wp:featuredmedia":[{"embeddable":true,"href":"https:\/\/www.moskito.cz\/es\/wp-json\/wp\/v2\/media\/359826"}],"wp:attachment":[{"href":"https:\/\/www.moskito.cz\/es\/wp-json\/wp\/v2\/media?parent=359825"}],"wp:term":[{"taxonomy":"pwb-brand","embeddable":true,"href":"https:\/\/www.moskito.cz\/es\/wp-json\/wp\/v2\/pwb-brand?post=359825"},{"taxonomy":"product_brand","embeddable":true,"href":"https:\/\/www.moskito.cz\/es\/wp-json\/wp\/v2\/product_brand?post=359825"},{"taxonomy":"product_cat","embeddable":true,"href":"https:\/\/www.moskito.cz\/es\/wp-json\/wp\/v2\/product_cat?post=359825"},{"taxonomy":"product_tag","embeddable":true,"href":"https:\/\/www.moskito.cz\/es\/wp-json\/wp\/v2\/product_tag?post=359825"}],"curies":[{"name":"wp","href":"https:\/\/api.w.org\/{rel}","templated":true}]}}