{"id":359975,"date":"2024-09-26T12:55:05","date_gmt":"2024-09-26T11:55:05","guid":{"rendered":"https:\/\/www.moskito.cz\/produkt\/nuz-magnum-relack-trainer\/"},"modified":"2025-05-07T11:24:20","modified_gmt":"2025-05-07T10:24:20","slug":"nuz-magnum-relack-trainer","status":"publish","type":"product","link":"https:\/\/www.moskito.cz\/es\/produkt\/nuz-magnum-relack-trainer\/","title":{"rendered":"Zav\u00edrac\u00ed N\u016f\u017e Mot\u00fdlek Magnum Relack Trainer 01RY325"},"content":{"rendered":"<p>Zav\u00edrac\u00ed N\u016f\u017e Mot\u00fdlek <strong>Magnum<\/strong> Relack Trainer 01RY325.<\/p>\n<p>Spr\u00e1vn\u00e9 pou\u017e\u00edv\u00e1n\u00ed no\u017ee balisong, zn\u00e1m\u00e9ho tak\u00e9 jako mot\u00fdlek, je \u010dasto ve filmech zesm\u011b\u0161\u0148ov\u00e1no jako \u00ab\u0161matl\u00e1n\u00ed\u00bb a vy\u017eaduje pravideln\u00fd tr\u00e9nink.\u00a0 <strong>B\u00f6ker Magnum Balisong Relack Trainer<\/strong> je ide\u00e1ln\u00ed tr\u00e9ninkovou platformou pro zdokonalen\u00ed va\u0161ich dovednost\u00ed a vytvo\u0159en\u00ed dobr\u00e9ho dojmu p\u0159ed publikem. Tr\u00e9ninkov\u00fd n\u016f\u017e s tupou \u010depel\u00ed 420 a zaoblenou \u0161pi\u010dkou a hranami chr\u00e1n\u00ed p\u0159ed zran\u011bn\u00edm a vyzna\u010duje se typick\u00fdmi vlastnostmi skute\u010dn\u00e9ho no\u017ee butterfly, pokud jde o mechanismus a rozlo\u017een\u00ed hmotnosti. \u010cerven\u011b pota\u017een\u00e1 \u010depel tr\u00e9ninkov\u00e9ho no\u017ee m\u00e1 velkorys\u00e9 prohlubn\u011b, kter\u00e9 ji odli\u0161uj\u00ed od ostr\u00fdch no\u017e\u016f. Texturovan\u00e9 rukojeti z vysoce odoln\u00e9ho hlin\u00edku zaru\u010duj\u00ed dokonal\u00fd \u00fachop. Dod\u00e1v\u00e1 se s kvalitn\u00edm nylonov\u00fdm pouzdrem.<\/p>\n<p>Celkov\u00e1 d\u00e9lka: 23,0 cm<br \/>\nD\u00e9lka \u010depele: 10,1 cm<br \/>\nHmotnost: 134 g<br \/>\nTlou\u0161\u0165ka \u010depele: 3,2 mm<br \/>\nMateri\u00e1l \u010depele: 420<br \/>\nMateri\u00e1l rukojeti: hlin\u00edk<br \/>\nv kvalitn\u00edm nylonov\u00e9m pouzd\u0159e<\/p>\n","protected":false},"excerpt":{"rendered":"<p>Spr\u00e1vn\u00e9 pou\u017e\u00edv\u00e1n\u00ed no\u017ee balisong, zn\u00e1m\u00e9ho tak\u00e9 jako mot\u00fdlek, je \u010dasto ve filmech zesm\u011b\u0161\u0148ov\u00e1no jako \u00ab\u0161matl\u00e1n\u00ed\u00bb a vy\u017eaduje pravideln\u00fd tr\u00e9nink. Trena\u017e\u00e9r B\u00f6ker Magnum Balisong Relack Trainer je ide\u00e1ln\u00ed tr\u00e9ninkovou platformou pro zdokonalen\u00ed va\u0161ich dovednost\u00ed a vytvo\u0159en\u00ed dobr\u00e9ho dojmu p\u0159ed publikem. Tr\u00e9ninkov\u00fd n\u016f\u017e s tupou \u010depel\u00ed 420 a zaoblenou \u0161pi\u010dkou a hranami chr\u00e1n\u00ed p\u0159ed zran\u011bn\u00edm a vyzna\u010duje se typick\u00fdmi vlastnostmi skute\u010dn\u00e9ho no\u017ee butterfly, pokud jde o mechanismus a rozlo\u017een\u00ed hmotnosti. \u010cerven\u011b pota\u017een\u00e1 \u010depel tr\u00e9ninkov\u00e9ho no\u017ee m\u00e1 velkorys\u00e9 prohlubn\u011b, kter\u00e9 ji odli\u0161uj\u00ed od ostr\u00fdch no\u017e\u016f. Texturovan\u00e9 rukojeti z vysoce odoln\u00e9ho hlin\u00edku zaru\u010duj\u00ed dokonal\u00fd \u00fachop. Dod\u00e1v\u00e1 se s kvalitn\u00edm nylonov\u00fdm pouzdrem.<\/p>\n","protected":false},"featured_media":361816,"comment_status":"closed","ping_status":"closed","template":"","meta":[],"pwb-brand":[140],"product_brand":[],"product_cat":[22,2030,17],"product_tag":[],"class_list":{"0":"post-359975","1":"product","2":"type-product","3":"status-publish","4":"has-post-thumbnail","6":"pwb-brand-boker","7":"product_cat-zaviraci-noze","8":"product_cat-motylky","9":"product_cat-noze","11":"first","12":"outofstock","13":"taxable","14":"shipping-taxable","15":"purchasable","16":"product-type-simple"},"brands":[{"id":140,"name":"Boker","slug":"boker"}],"_links":{"self":[{"href":"https:\/\/www.moskito.cz\/es\/wp-json\/wp\/v2\/product\/359975","targetHints":{"allow":["GET"]}}],"collection":[{"href":"https:\/\/www.moskito.cz\/es\/wp-json\/wp\/v2\/product"}],"about":[{"href":"https:\/\/www.moskito.cz\/es\/wp-json\/wp\/v2\/types\/product"}],"replies":[{"embeddable":true,"href":"https:\/\/www.moskito.cz\/es\/wp-json\/wp\/v2\/comments?post=359975"}],"wp:featuredmedia":[{"embeddable":true,"href":"https:\/\/www.moskito.cz\/es\/wp-json\/wp\/v2\/media\/361816"}],"wp:attachment":[{"href":"https:\/\/www.moskito.cz\/es\/wp-json\/wp\/v2\/media?parent=359975"}],"wp:term":[{"taxonomy":"pwb-brand","embeddable":true,"href":"https:\/\/www.moskito.cz\/es\/wp-json\/wp\/v2\/pwb-brand?post=359975"},{"taxonomy":"product_brand","embeddable":true,"href":"https:\/\/www.moskito.cz\/es\/wp-json\/wp\/v2\/product_brand?post=359975"},{"taxonomy":"product_cat","embeddable":true,"href":"https:\/\/www.moskito.cz\/es\/wp-json\/wp\/v2\/product_cat?post=359975"},{"taxonomy":"product_tag","embeddable":true,"href":"https:\/\/www.moskito.cz\/es\/wp-json\/wp\/v2\/product_tag?post=359975"}],"curies":[{"name":"wp","href":"https:\/\/api.w.org\/{rel}","templated":true}]}}