{"id":360010,"date":"2024-09-26T12:55:05","date_gmt":"2024-09-26T11:55:05","guid":{"rendered":"https:\/\/www.moskito.cz\/produkt\/kapesni-nuz-max\/"},"modified":"2025-05-07T11:24:22","modified_gmt":"2025-05-07T10:24:22","slug":"kapesni-nuz-max","status":"publish","type":"product","link":"https:\/\/www.moskito.cz\/es\/produkt\/kapesni-nuz-max\/","title":{"rendered":"Zav\u00edrac\u00ed N\u016f\u017e Boker Plus Max 01BO974"},"content":{"rendered":"<p>Zav\u00edrac\u00ed N\u016f\u017e Boker Plus Max 01BO974.<\/p>\n<p>Sharpness to Max &#8211; tvrzen\u00ed, kter\u00e9 Matthew Wehrwein z Wehr Knives pln\u011b spl\u0148uje s B\u00f6ker Plus Max. \u017d\u00e1dn\u00e1 n\u00e1hoda, proto\u017ee jeho hnac\u00ed silou je vize; dokon\u010den\u00ed jeho mise. N\u00e1vrhy zak\u00e1zkov\u00e9ho no\u017e\u00ed\u0159e z americk\u00e9ho st\u00e1tu Alabama jsou p\u0159ednostn\u011b pojmenov\u00e1ny po jeho psech, v\u010detn\u011b jejich p\u0159ezd\u00edvek.<\/p>\n<p>Je to dostate\u010dn\u00fd d\u016fvod vybavit B\u00f6ker Plus Max elegantn\u00edm, sat\u00e9nov\u00fdm ost\u0159\u00edm vyroben\u00fdm pr\u00e1\u0161kovou metalurgi\u00ed CPM-S-35VN , kter\u00fd s protiskluzov\u00fdmi dr\u00e1\u017ekami na op\u011brce palce zvl\u00e1dne i ty nejn\u00e1ro\u010dn\u011bj\u0161\u00ed \u0159ez\u00e1n\u00ed. D\u00edky palcov\u00e9mu kol\u00edku na obou stran\u00e1ch pro otev\u00edr\u00e1n\u00ed slo\u017eky EDC poslouch\u00e1 B\u00f6ker Plus Max ka\u017ed\u00e9 slovo a instinktivn\u011b ukazuje sv\u00e9 zuby krabic\u00edm, obal\u016fm nebo provaz\u016fm. Rukoje\u0165 z tmav\u011b \u0161ed\u00e9ho titanu TC4 , vyfr\u00e9zovan\u00e9ho z masivn\u00edho materi\u00e1lu, dob\u0159e padne do ruky a tvo\u0159\u00ed pohledov\u00fd celek s pevn\u00fdm r\u00e1mov\u00fdm z\u00e1mkem pro odji\u0161t\u011bn\u00ed \u010depele. Skl\u00e1p\u011bc\u00ed<\/p>\n<p>spona (r), kter\u00e1 je rovn\u011b\u017e fr\u00e9zov\u00e1na, vede n\u016f\u017e na kr\u00e1tk\u00e9m vod\u00edtku pro bezpe\u010dn\u00fd transport. Maximum, lep\u0161\u00ed \u2013 B\u00f6ker Plus Max! Dod\u00e1v\u00e1no s vysoce kvalitn\u00edm nylonov\u00fdm pouzdrem.<\/p>\n<p>Zna\u010dka: Boker Plus<br \/>\nCelkov\u00e1 d\u00e9lka: 19,30 cm<br \/>\nD\u00e9lka \u010depele: 8,40 cm<br \/>\nHmotnost: 111,00 g<br \/>\nN\u00e1vrh\u00e1\u0159: Matthew Wehrwein<br \/>\nMateri\u00e1l \u010depele: S35VN<br \/>\nMateri\u00e1l rukojeti: TC4<br \/>\nPom\u016fcka pro otev\u00edr\u00e1n\u00ed: P\u0159ip\u00edn\u00e1\u010dek na palec<br \/>\nOtev\u00edrac\u00ed: Ru\u010dn\u011b<br \/>\nUzav\u0159en\u00ed: Z\u00e1mek r\u00e1mu<br \/>\n\u010c\u00edslo polo\u017eky: 01BO974<\/p>\n","protected":false},"excerpt":{"rendered":"<p>Ostrost na maximum &#8211; toto ozna\u010den\u00ed Matthew Wehrwein ze spole\u010dnosti Wehr Knives u no\u017ee B\u00f6ker Plus Max pln\u011b spl\u0148uje.<\/p>\n<p>Doprava zdarma.<\/p>\n","protected":false},"featured_media":367123,"comment_status":"closed","ping_status":"closed","template":"","meta":[],"pwb-brand":[140],"product_brand":[],"product_cat":[17,22],"product_tag":[],"class_list":{"0":"post-360010","1":"product","2":"type-product","3":"status-publish","4":"has-post-thumbnail","6":"pwb-brand-boker","7":"product_cat-noze","8":"product_cat-zaviraci-noze","10":"first","11":"instock","12":"taxable","13":"shipping-taxable","14":"purchasable","15":"product-type-simple"},"brands":[{"id":140,"name":"Boker","slug":"boker"}],"_links":{"self":[{"href":"https:\/\/www.moskito.cz\/es\/wp-json\/wp\/v2\/product\/360010","targetHints":{"allow":["GET"]}}],"collection":[{"href":"https:\/\/www.moskito.cz\/es\/wp-json\/wp\/v2\/product"}],"about":[{"href":"https:\/\/www.moskito.cz\/es\/wp-json\/wp\/v2\/types\/product"}],"replies":[{"embeddable":true,"href":"https:\/\/www.moskito.cz\/es\/wp-json\/wp\/v2\/comments?post=360010"}],"wp:featuredmedia":[{"embeddable":true,"href":"https:\/\/www.moskito.cz\/es\/wp-json\/wp\/v2\/media\/367123"}],"wp:attachment":[{"href":"https:\/\/www.moskito.cz\/es\/wp-json\/wp\/v2\/media?parent=360010"}],"wp:term":[{"taxonomy":"pwb-brand","embeddable":true,"href":"https:\/\/www.moskito.cz\/es\/wp-json\/wp\/v2\/pwb-brand?post=360010"},{"taxonomy":"product_brand","embeddable":true,"href":"https:\/\/www.moskito.cz\/es\/wp-json\/wp\/v2\/product_brand?post=360010"},{"taxonomy":"product_cat","embeddable":true,"href":"https:\/\/www.moskito.cz\/es\/wp-json\/wp\/v2\/product_cat?post=360010"},{"taxonomy":"product_tag","embeddable":true,"href":"https:\/\/www.moskito.cz\/es\/wp-json\/wp\/v2\/product_tag?post=360010"}],"curies":[{"name":"wp","href":"https:\/\/api.w.org\/{rel}","templated":true}]}}