{"id":360050,"date":"2024-09-26T12:55:27","date_gmt":"2024-09-26T11:55:27","guid":{"rendered":"https:\/\/www.moskito.cz\/produkt\/hermod-folder\/"},"modified":"2025-05-13T22:48:40","modified_gmt":"2025-05-13T21:48:40","slug":"hermod-folder","status":"publish","type":"product","link":"https:\/\/www.moskito.cz\/es\/produkt\/hermod-folder\/","title":{"rendered":"Zav\u00edrac\u00ed N\u016f\u017e B\u00f6ker Plus Hermod Folder 01BO914"},"content":{"rendered":"<p>Zav\u00edrac\u00ed N\u016f\u017e <strong>B\u00f6ker Plus<\/strong> Hermod Folder 01BO914.<\/p>\n<p>Velk\u00fd, v\u011bt\u0161\u00ed, Midgardi! Pokud hled\u00e1te pevn\u00fd n\u016f\u017e s nezam\u011bniteln\u00fdm podpisem, nem\u016f\u017eete ignorovat Dirka Hofmeistera z Midgard&#8217;s Knife. Poznali to i sever\u0161t\u00ed bohov\u00e9 a ned\u00e1vno trvali na skl\u00e1dac\u00ed verzi osv\u011bd\u010den\u00e9ho B\u00f6ker Plus Hermod. Design\u00e9r z Bodamsk\u00e9ho jezera splnil n\u00e1ro\u010dn\u00e1 p\u0159\u00e1n\u00ed z Asgardu a p\u0159edstavuje kapesn\u00ed n\u016f\u017e v pln\u00e9 velikosti, kter\u00fd rozhoduje o osudu i t\u011bch nejt\u011b\u017e\u0161\u00edch \u0159ezac\u00edch prac\u00ed. V\u00fdkonn\u00fd, neboj\u00e1cn\u00fd a p\u0159edev\u0161\u00edm praktick\u00fd \u2013 Hermod Folder je p\u016fsobiv\u00fd v ka\u017ed\u00e9m ohledu.<\/p>\n<p>V\u00fdkonn\u00e1 \u010depel s kuli\u010dkov\u00fdm lo\u017eiskem vyroben\u00e1 z D2 s povrchovou \u00fapravou Stonewash. Epic, ergonomick\u00e1 rukoje\u0165 vyroben\u00e1 z CNC fr\u00e9zovan\u00e9ho G10 s protiskluzovou, diagon\u00e1ln\u00ed mozaikovou texturou, kterou Tip-Up Clip (r) d\u016fsledn\u011b dodr\u017euje. M\u00fdtick\u00e9 je za\u0159\u00edznut\u00ed h\u0159eb\u00edku pro jeho otev\u0159en\u00ed a p\u016fsobiv\u00fd z\u00e1mek vlo\u017eky pro uzam\u010den\u00ed \u010depele. Pro zv\u00fd\u0161en\u00ed bezpe\u010dnosti pr\u00e1ce a p\u0159epravy je do p\u0159edn\u00ed \u010d\u00e1sti rukojeti na\u0161roubov\u00e1na p\u0159\u00eddavn\u00e1 z\u00e1vla\u010dka podobn\u00e1 z\u00e1vla\u010dce ru\u010dn\u00edho gran\u00e1tu, aby se zabr\u00e1nilo n\u00e1hodn\u00e9mu zav\u0159en\u00ed nebo otev\u0159en\u00ed. Jimpingy na h\u0159betu \u010depele, kter\u00e9 se t\u00e1hnou po cel\u00e9 horn\u00ed \u010d\u00e1sti rukojeti v\u010detn\u011b vlo\u017eek, zaji\u0161\u0165uj\u00ed maxim\u00e1ln\u00ed cit.<\/p>\n<p>Smy\u010dka na \u0161\u0148\u016frku, ve kter\u00e9 je integrov\u00e1n \u017eivot zachra\u0148uj\u00edc\u00ed rozb\u00edje\u010d skla, otev\u00edr\u00e1 dal\u0161\u00ed mo\u017enosti no\u0161en\u00ed. Dod\u00e1v\u00e1no s vysoce kvalitn\u00edm nylonov\u00fdm pouzdrem a duchem seversk\u00e9ho kov\u00e1\u0159stv\u00ed.<\/p>\n<p>Zna\u010dka: Boker Plus<br \/>\nCelkov\u00e1 d\u00e9lka: 22,20 cm<br \/>\nD\u00e9lka \u010depele: 9,20 cm<br \/>\nTlou\u0161\u0165ka \u010depele: 4,80 mm<br \/>\nHmotnost: 240,00 g<br \/>\nN\u00e1vrh\u00e1\u0159: Midgard\u016fv n\u016f\u017e<br \/>\nMateri\u00e1l \u010depele: D2<br \/>\nMateri\u00e1l rukojeti: G10<br \/>\nUzav\u0159en\u00ed: Z\u00e1mek vlo\u017eky<br \/>\n\u010c\u00edslo polo\u017eky: 01BO914<\/p>\n<p>&nbsp;<\/p>\n","protected":false},"excerpt":{"rendered":"<p><strong>Velk\u00fd, v\u011bt\u0161\u00ed, Midgardi! Pokud hled\u00e1te pevn\u00fd n\u016f\u017e s nezam\u011bniteln\u00fdm podpisem, nem\u016f\u017eete ignorovat Dirka Hofmeistera z Midgard&#8217;s Knife. Poznali to i sever\u0161t\u00ed bohov\u00e9 a ned\u00e1vno trvali na skl\u00e1dac\u00ed verzi osv\u011bd\u010den\u00e9ho B\u00f6ker Plus Hermod.<\/strong><\/p>\n","protected":false},"featured_media":364984,"comment_status":"closed","ping_status":"closed","template":"","meta":[],"pwb-brand":[140],"product_brand":[],"product_cat":[22,17],"product_tag":[],"class_list":{"0":"post-360050","1":"product","2":"type-product","3":"status-publish","4":"has-post-thumbnail","6":"pwb-brand-boker","7":"product_cat-zaviraci-noze","8":"product_cat-noze","10":"first","11":"outofstock","12":"taxable","13":"shipping-taxable","14":"purchasable","15":"product-type-simple"},"brands":[{"id":140,"name":"Boker","slug":"boker"}],"_links":{"self":[{"href":"https:\/\/www.moskito.cz\/es\/wp-json\/wp\/v2\/product\/360050","targetHints":{"allow":["GET"]}}],"collection":[{"href":"https:\/\/www.moskito.cz\/es\/wp-json\/wp\/v2\/product"}],"about":[{"href":"https:\/\/www.moskito.cz\/es\/wp-json\/wp\/v2\/types\/product"}],"replies":[{"embeddable":true,"href":"https:\/\/www.moskito.cz\/es\/wp-json\/wp\/v2\/comments?post=360050"}],"wp:featuredmedia":[{"embeddable":true,"href":"https:\/\/www.moskito.cz\/es\/wp-json\/wp\/v2\/media\/364984"}],"wp:attachment":[{"href":"https:\/\/www.moskito.cz\/es\/wp-json\/wp\/v2\/media?parent=360050"}],"wp:term":[{"taxonomy":"pwb-brand","embeddable":true,"href":"https:\/\/www.moskito.cz\/es\/wp-json\/wp\/v2\/pwb-brand?post=360050"},{"taxonomy":"product_brand","embeddable":true,"href":"https:\/\/www.moskito.cz\/es\/wp-json\/wp\/v2\/product_brand?post=360050"},{"taxonomy":"product_cat","embeddable":true,"href":"https:\/\/www.moskito.cz\/es\/wp-json\/wp\/v2\/product_cat?post=360050"},{"taxonomy":"product_tag","embeddable":true,"href":"https:\/\/www.moskito.cz\/es\/wp-json\/wp\/v2\/product_tag?post=360050"}],"curies":[{"name":"wp","href":"https:\/\/api.w.org\/{rel}","templated":true}]}}