{"id":360205,"date":"2024-09-26T12:56:15","date_gmt":"2024-09-26T11:56:15","guid":{"rendered":"https:\/\/www.moskito.cz\/produkt\/boker-plus-lrf-carbon\/"},"modified":"2025-10-21T13:58:28","modified_gmt":"2025-10-21T12:58:28","slug":"boker-plus-lrf-carbon","status":"publish","type":"product","link":"https:\/\/www.moskito.cz\/es\/produkt\/boker-plus-lrf-carbon\/","title":{"rendered":"Zav\u00edrac\u00ed N\u016f\u017e B\u00f6ker Plus LRF Carbon 01BO079"},"content":{"rendered":"<p>Zav\u00edrac\u00ed N\u016f\u017e <strong>B\u00f6ker Plus<\/strong> LRF Carbon 01BO079.<\/p>\n<p>Japonsk\u00fd zak\u00e1zkov\u00fd v\u00fdrobce no\u017e\u016f Kansei Matsuno si okam\u017eit\u011b zajistil velkou fanou\u0161kovskou z\u00e1kladnu s Wasabi, jeho prvn\u00edm projektem pro B\u00f6ker Plus. S B\u00f6ker Plus LRF p\u0159edstavuje dal\u0161\u00ed design, kter\u00fd tak\u00e9 jasn\u011b zt\u011bles\u0148uje japonsky inspirovan\u00fd gentlemansk\u00fd n\u016f\u017e. \u010cepel LRF se otev\u00edr\u00e1 p\u0159edn\u00ed flipperem a nab\u00edz\u00ed hedv\u00e1bn\u011b hladk\u00fd chod d\u00edky kuli\u010dkov\u00e9mu lo\u017eisku.<\/p>\n<p>Tenk\u00fd design je zalo\u017een na nerezov\u00fdch desk\u00e1ch, ve kter\u00fdch je um\u00edst\u011bn z\u00e1mek vlo\u017eky . Velk\u00e9 poutko na \u0161\u0148\u016frku a spona (sklopn\u00e1\/r) umo\u017e\u0148uj\u00ed pohodln\u00e9 no\u0161en\u00ed lehk\u00e9ho p\u0159edm\u011btu. \u010cepel z VG-10 m\u00e1 extr\u00e9mn\u011b jemn\u00fd pod\u00e9ln\u00fd sat\u00e9nov\u00fd povrch, kter\u00fd dokonale lad\u00ed se \u0161upinami rukojeti z uhl\u00edkov\u00fdch vl\u00e1ken . S vysoce kvalitn\u00edm nylonov\u00fdm pouzdrem.<\/p>\n<p>Zna\u010dka: Boker Plus<br \/>\nCelkov\u00e1 d\u00e9lka: 18,00 cm<br \/>\nD\u00e9lka \u010depele: 7,80 cm<br \/>\nTlou\u0161\u0165ka \u010depele: 1,90 mm<br \/>\nHmotnost: 53,00 g<br \/>\nN\u00e1vrh\u00e1\u0159: Kansei Matsuno<br \/>\nMateri\u00e1l \u010depele: VG-10<br \/>\nMateri\u00e1l rukojeti: Uhl\u00edkov\u00e9 vl\u00e1kno<br \/>\nOtev\u00edrac\u00ed: Ru\u010dn\u011b<br \/>\nUzav\u0159en\u00ed: Z\u00e1mek vlo\u017eky<br \/>\n\u010c\u00edslo polo\u017eky: 01BO079<\/p>\n","protected":false},"excerpt":{"rendered":"<p><strong>Japonsk\u00fd zak\u00e1zkov\u00fd v\u00fdrobce no\u017e\u016f Kansei Matsuno si okam\u017eit\u011b zajistil velkou fanou\u0161kovskou z\u00e1kladnu s Wasabi, jeho prvn\u00edm projektem pro B\u00f6ker Plus.<\/strong><\/p>\n","protected":false},"featured_media":366648,"comment_status":"closed","ping_status":"closed","template":"","meta":[],"pwb-brand":[140],"product_brand":[],"product_cat":[17,22],"product_tag":[],"class_list":{"0":"post-360205","1":"product","2":"type-product","3":"status-publish","4":"has-post-thumbnail","6":"pwb-brand-boker","7":"product_cat-noze","8":"product_cat-zaviraci-noze","10":"first","11":"outofstock","12":"taxable","13":"shipping-taxable","14":"purchasable","15":"product-type-simple"},"brands":[{"id":140,"name":"Boker","slug":"boker"}],"_links":{"self":[{"href":"https:\/\/www.moskito.cz\/es\/wp-json\/wp\/v2\/product\/360205","targetHints":{"allow":["GET"]}}],"collection":[{"href":"https:\/\/www.moskito.cz\/es\/wp-json\/wp\/v2\/product"}],"about":[{"href":"https:\/\/www.moskito.cz\/es\/wp-json\/wp\/v2\/types\/product"}],"replies":[{"embeddable":true,"href":"https:\/\/www.moskito.cz\/es\/wp-json\/wp\/v2\/comments?post=360205"}],"wp:featuredmedia":[{"embeddable":true,"href":"https:\/\/www.moskito.cz\/es\/wp-json\/wp\/v2\/media\/366648"}],"wp:attachment":[{"href":"https:\/\/www.moskito.cz\/es\/wp-json\/wp\/v2\/media?parent=360205"}],"wp:term":[{"taxonomy":"pwb-brand","embeddable":true,"href":"https:\/\/www.moskito.cz\/es\/wp-json\/wp\/v2\/pwb-brand?post=360205"},{"taxonomy":"product_brand","embeddable":true,"href":"https:\/\/www.moskito.cz\/es\/wp-json\/wp\/v2\/product_brand?post=360205"},{"taxonomy":"product_cat","embeddable":true,"href":"https:\/\/www.moskito.cz\/es\/wp-json\/wp\/v2\/product_cat?post=360205"},{"taxonomy":"product_tag","embeddable":true,"href":"https:\/\/www.moskito.cz\/es\/wp-json\/wp\/v2\/product_tag?post=360205"}],"curies":[{"name":"wp","href":"https:\/\/api.w.org\/{rel}","templated":true}]}}