{"id":360267,"date":"2024-09-26T12:56:32","date_gmt":"2024-09-26T11:56:32","guid":{"rendered":"https:\/\/www.moskito.cz\/produkt\/holici-shavetta-pro-barberette-black\/"},"modified":"2025-05-07T11:24:31","modified_gmt":"2025-05-07T10:24:31","slug":"holici-shavetta-pro-barberette-black","status":"publish","type":"product","link":"https:\/\/www.moskito.cz\/es\/produkt\/holici-shavetta-pro-barberette-black\/","title":{"rendered":"Holic\u00ed shavetta Pro Barberette Black"},"content":{"rendered":"<p><UL><\/p>\n<p><LI>na klasick\u00e9 v\u00fdm\u011bnn\u00e9 \u017eiletky o standardn\u00ed \u0161\u00ed\u0159ce 43 mm<\/p>\n<p><LI>materi\u00e1l \u010depele: nerezov\u00e1 ocel<\/p>\n<p><LI>materi\u00e1l rukojeti: plast<\/p>\n<p><LI>rukoje\u0165 ozdobena stromem B\u00f6ker<\/LI><br \/>\n<\/UL><\/p>\n","protected":false},"excerpt":{"rendered":"<p><P>Shavetta Pro Barberetteje je navr\u017eena tak, aby pojala polovinu \u017eiletky s oboustrann\u00fdm ost\u0159\u00edm o standardn\u00ed \u0161\u00ed\u0159ce 43 cm a bezpe\u010dn\u011b ji udr\u017eela mezi dv\u011bma \u010d\u00e1stmi z nerezov\u00e9 oceli. Jde o optimalizovan\u00fd syst\u00e9m, kter\u00fd pou\u017e\u00edvaj\u00ed profesion\u00e1ln\u00ed holi\u010di a kade\u0159n\u00edci ji\u017e mnoho let. Geometrie a velikost shavetty Pro Barberette odpov\u00edd\u00e1 geometrii kovan\u00fdch rovn\u00fdch b\u0159itev pr\u00e9miov\u00e9 kvality vyr\u00e1b\u011bn\u00fdch v manufaktu\u0159e B\u00f6ker v Solingenu. Na spodn\u00ed \u010d\u00e1sti krku \u010depele je jemn\u00e9 vroubkov\u00e1n\u00ed, kter\u00e9 poskytuje bezpe\u010dn\u00fd \u00fachop i za mokra. P\u0159esn\u00e9 n\u00fdtov\u00e1n\u00ed a vynikaj\u00edc\u00ed \u0159emesln\u00e9 zpracov\u00e1n\u00ed zaji\u0161\u0165uj\u00ed p\u0159esnou funkci a dlouhou \u017eivotnost i p\u0159i intenzivn\u00edm pou\u017e\u00edv\u00e1n\u00ed. Rukoje\u0165 je vyrobena z plastu odoln\u00e9ho proti vlhkosti zdoben\u00e9ho intarzi\u00ed v podob\u011b stromu B\u00f6ker. Materi\u00e1l se snadno udr\u017euje, je velmi odoln\u00fd a m\u00e1 klasick\u00fd vzhled. Shavetta Pro Barberette v sob\u011b spojuje profesion\u00e1ln\u00ed funk\u010dnost, d\u016fv\u011brn\u011b zn\u00e1m\u00fd \u00fachop a vyv\u00e1\u017een\u00ed a autentickou estetiku klasick\u00e9 b\u0159itvy. Pokud pr\u00e1v\u011b za\u010d\u00edn\u00e1te, je to alternativa ke kovan\u00e9 b\u0159itv\u011b za ni\u017e\u0161\u00ed cenu. Oboustrann\u00e9 \u017eiletky je t\u0159eba p\u0159ed nasazen\u00edm opatrn\u011b zlomit na polovinu. Dod\u00e1v\u00e1 se s historick\u00fdm obalem a dvojitou \u010depel\u00ed. <\/P><\/p>\n","protected":false},"featured_media":360268,"comment_status":"closed","ping_status":"closed","template":"","meta":[],"pwb-brand":[140],"product_brand":[],"product_cat":[17,22],"product_tag":[],"class_list":{"0":"post-360267","1":"product","2":"type-product","3":"status-publish","4":"has-post-thumbnail","6":"pwb-brand-boker","7":"product_cat-noze","8":"product_cat-zaviraci-noze","10":"first","11":"outofstock","12":"taxable","13":"shipping-taxable","14":"purchasable","15":"product-type-simple"},"brands":[{"id":140,"name":"Boker","slug":"boker"}],"_links":{"self":[{"href":"https:\/\/www.moskito.cz\/es\/wp-json\/wp\/v2\/product\/360267","targetHints":{"allow":["GET"]}}],"collection":[{"href":"https:\/\/www.moskito.cz\/es\/wp-json\/wp\/v2\/product"}],"about":[{"href":"https:\/\/www.moskito.cz\/es\/wp-json\/wp\/v2\/types\/product"}],"replies":[{"embeddable":true,"href":"https:\/\/www.moskito.cz\/es\/wp-json\/wp\/v2\/comments?post=360267"}],"wp:featuredmedia":[{"embeddable":true,"href":"https:\/\/www.moskito.cz\/es\/wp-json\/wp\/v2\/media\/360268"}],"wp:attachment":[{"href":"https:\/\/www.moskito.cz\/es\/wp-json\/wp\/v2\/media?parent=360267"}],"wp:term":[{"taxonomy":"pwb-brand","embeddable":true,"href":"https:\/\/www.moskito.cz\/es\/wp-json\/wp\/v2\/pwb-brand?post=360267"},{"taxonomy":"product_brand","embeddable":true,"href":"https:\/\/www.moskito.cz\/es\/wp-json\/wp\/v2\/product_brand?post=360267"},{"taxonomy":"product_cat","embeddable":true,"href":"https:\/\/www.moskito.cz\/es\/wp-json\/wp\/v2\/product_cat?post=360267"},{"taxonomy":"product_tag","embeddable":true,"href":"https:\/\/www.moskito.cz\/es\/wp-json\/wp\/v2\/product_tag?post=360267"}],"curies":[{"name":"wp","href":"https:\/\/api.w.org\/{rel}","templated":true}]}}