{"id":360427,"date":"2024-09-26T12:58:29","date_gmt":"2024-09-26T11:58:29","guid":{"rendered":"https:\/\/www.moskito.cz\/produkt\/kapesni-nuz-bonfire-micarta\/"},"modified":"2025-05-07T11:24:38","modified_gmt":"2025-05-07T10:24:38","slug":"kapesni-nuz-bonfire-micarta","status":"publish","type":"product","link":"https:\/\/www.moskito.cz\/es\/produkt\/kapesni-nuz-bonfire-micarta\/","title":{"rendered":"Kapesn\u00ed n\u016f\u017e Bonfire Micarta"},"content":{"rendered":"<ul>\n<li>celkov\u00e1 d\u00e9lka: 20,8 cm<\/li>\n<li>d\u00e9lka \u010depele: 8,7 cm<\/li>\n<li>hmotnost: 114 g<\/li>\n<li>materi\u00e1l \u010depele: D2 \u2013 nerezov\u00e1 ocel s 12 % chromu<\/li>\n<li>materi\u00e1l rukojeti: vysoce odoln\u00fd lamin\u00e1t Micarta<\/li>\n<li>pojistka: linerlock<\/li>\n<li>ru\u010dn\u00ed otv\u00edr\u00e1n\u00ed<\/li>\n<li>s klipem<\/li>\n<li>dod\u00e1v\u00e1no s nylonov\u00fdm pouzdrem na bezpe\u010dn\u00e9 ulo\u017een\u00ed<\/li>\n<\/ul>\n","protected":false},"excerpt":{"rendered":"<p>Kapesn\u00ed n\u016f\u017e B\u00f6ker Plus Bonfire kombinuje klasickou konstrukci kapesn\u00edho no\u017ee s vysoce kvalitn\u00edmi materi\u00e1ly a dokonal\u00fdm zpracov\u00e1n\u00edm. Tradi\u010dn\u00ed vzhled zd\u016fraz\u0148uje \u00fahledn\u011b propracovan\u00e1 rukoje\u0165 z tepl\u00e9ho d\u0159eva bubinga a kr\u00e1tk\u00e1 \u010depel z nerezov\u00e9 oceli. Nerezov\u00e1 ocel D2 je vylep\u0161ena sat\u00e9nov\u00fdm povrchem a zachov\u00e1v\u00e1 si ostrost. Typ oceli D2 ale nen\u00ed zcela odoln\u00fd proti korozi. Je proto nutn\u00e9\u00a0d\u00e1vat pozor na kyseliny, soli a vlhkost. Po pou\u017eit\u00ed jej nezapome\u0148te vy\u010distit!<\/p>\n","protected":false},"featured_media":361582,"comment_status":"closed","ping_status":"closed","template":"","meta":[],"pwb-brand":[140],"product_brand":[],"product_cat":[17,22],"product_tag":[],"class_list":{"0":"post-360427","1":"product","2":"type-product","3":"status-publish","4":"has-post-thumbnail","6":"pwb-brand-boker","7":"product_cat-noze","8":"product_cat-zaviraci-noze","10":"first","11":"instock","12":"taxable","13":"shipping-taxable","14":"purchasable","15":"product-type-simple"},"brands":[{"id":140,"name":"Boker","slug":"boker"}],"_links":{"self":[{"href":"https:\/\/www.moskito.cz\/es\/wp-json\/wp\/v2\/product\/360427","targetHints":{"allow":["GET"]}}],"collection":[{"href":"https:\/\/www.moskito.cz\/es\/wp-json\/wp\/v2\/product"}],"about":[{"href":"https:\/\/www.moskito.cz\/es\/wp-json\/wp\/v2\/types\/product"}],"replies":[{"embeddable":true,"href":"https:\/\/www.moskito.cz\/es\/wp-json\/wp\/v2\/comments?post=360427"}],"wp:featuredmedia":[{"embeddable":true,"href":"https:\/\/www.moskito.cz\/es\/wp-json\/wp\/v2\/media\/361582"}],"wp:attachment":[{"href":"https:\/\/www.moskito.cz\/es\/wp-json\/wp\/v2\/media?parent=360427"}],"wp:term":[{"taxonomy":"pwb-brand","embeddable":true,"href":"https:\/\/www.moskito.cz\/es\/wp-json\/wp\/v2\/pwb-brand?post=360427"},{"taxonomy":"product_brand","embeddable":true,"href":"https:\/\/www.moskito.cz\/es\/wp-json\/wp\/v2\/product_brand?post=360427"},{"taxonomy":"product_cat","embeddable":true,"href":"https:\/\/www.moskito.cz\/es\/wp-json\/wp\/v2\/product_cat?post=360427"},{"taxonomy":"product_tag","embeddable":true,"href":"https:\/\/www.moskito.cz\/es\/wp-json\/wp\/v2\/product_tag?post=360427"}],"curies":[{"name":"wp","href":"https:\/\/api.w.org\/{rel}","templated":true}]}}