{"id":360493,"date":"2024-09-26T12:57:42","date_gmt":"2024-09-26T11:57:42","guid":{"rendered":"https:\/\/www.moskito.cz\/produkt\/kapesni-nuz-kihon-assisted-od-green\/"},"modified":"2025-05-07T11:24:40","modified_gmt":"2025-05-07T10:24:40","slug":"kapesni-nuz-kihon-assisted-od-green","status":"publish","type":"product","link":"https:\/\/www.moskito.cz\/es\/produkt\/kapesni-nuz-kihon-assisted-od-green\/","title":{"rendered":"Zav\u00edrac\u00ed N\u016f\u017e B\u00f6ker Plus Kihon Assisted OD Green 01BO164"},"content":{"rendered":"<p>Zav\u00edrac\u00ed N\u016f\u017e <strong>B\u00f6ker Plus<\/strong> Kihon Assisted OD Green 01BO164.<\/p>\n<p>S designem B\u00f6ker Plus Kihon Assisted OD Green zt\u011bles\u0148uje americk\u00fd zak\u00e1zkov\u00fd v\u00fdrobce no\u017e\u016f Lucas Burnley my\u0161lenku japonsk\u00e9ho Kihon. Tento term\u00edn p\u016fvodn\u011b zahrnuje z\u00e1klady a z\u00e1kladn\u00ed techniky japonsk\u00fdch bojov\u00fdch um\u011bn\u00ed, kter\u00e9 Burnley implementuje jednoduch\u00fdm zp\u016fsobem do pevn\u00e9ho ka\u017edodenn\u00edho no\u017ee. Vlastnosti a rovn\u00fd design prokazuj\u00ed vysokou \u00farove\u0148 praktick\u00e9 vhodnosti a d\u00e1vaj\u00ed no\u017ei ide\u00e1ln\u00ed z\u00e1klad pro ka\u017edodenn\u00ed \u0159ez\u00e1n\u00ed. \u010cepel Harpoon s kuli\u010dkov\u00fdm lo\u017eiskem vyroben\u00e1 z D2 m\u00e1 tmavou povrchovou \u00fapravu Stonewash a otev\u00edr\u00e1 se pomoc\u00ed pru\u017einy pomoc\u00ed flipperu nebo palcov\u00e9ho kol\u00edku. R\u00e1mov\u00fd z\u00e1mek z nerezov\u00e9 oceli, kter\u00fd m\u00e1 rovn\u011b\u017e tmavou \u00fapravu Stonewash, spolehliv\u011b zaji\u0161\u0165uje \u010depel a je tak\u00e9 vybaven dorazem z\u00e1mku Hinderer. Protiskluzov\u00e1 rukoje\u0165 je na p\u0159edn\u00ed stran\u011b lemov\u00e1na texturovan\u00fdm G10 a pohodln\u011b se dr\u017e\u00ed. Zlat\u011b zbarven\u00e9 eloxovan\u00e9 krou\u017eky kolem \u0161roubu osy \u010depele a \u0161roubu rukojeti poskytuj\u00ed dekorativn\u00ed akcenty. S poutkem na lano, sponou (sklopn\u00e1\/r) a vysoce kvalitn\u00edm nylonov\u00fdm pouzdrem pro ulo\u017een\u00ed.<\/p>\n<p>Zna\u010dka: Boker Plus<br \/>\nCelkov\u00e1 d\u00e9lka: 19,90 cm<br \/>\nD\u00e9lka \u010depele: 8,50 cm<br \/>\nTlou\u0161\u0165ka \u010depele: 3,50 mm<br \/>\nHmotnost: 124,00 g<br \/>\nN\u00e1vrh\u00e1\u0159: Lucas Burnley<br \/>\nMateri\u00e1l \u010depele: D2<br \/>\nMateri\u00e1l rukojeti: G10<br \/>\nPom\u016fcka pro otev\u00edr\u00e1n\u00ed: Pinball<br \/>\nOtev\u00edrac\u00ed: Ru\u010dn\u011b<br \/>\nUzav\u0159en\u00ed: Z\u00e1mek r\u00e1mu<br \/>\n\u010c\u00edslo polo\u017eky: 01BO164<\/p>\n<p>&nbsp;<\/p>\n<p>&nbsp;<\/p>\n","protected":false},"excerpt":{"rendered":"<p><strong>N\u016f\u017e Kihon Assisted OD Green zt\u011bles\u0148uje z\u00e1kladn\u00ed techniky japonsk\u00fdch bojov\u00fdch um\u011bn\u00ed implementovan\u00e9 do no\u017e\u016f na ka\u017edodenn\u00ed pou\u017eit\u00ed.<\/strong><\/p>\n","protected":false},"featured_media":371367,"comment_status":"closed","ping_status":"closed","template":"","meta":[],"pwb-brand":[140],"product_brand":[],"product_cat":[17,22],"product_tag":[],"class_list":{"0":"post-360493","1":"product","2":"type-product","3":"status-publish","4":"has-post-thumbnail","6":"pwb-brand-boker","7":"product_cat-noze","8":"product_cat-zaviraci-noze","10":"first","11":"instock","12":"taxable","13":"shipping-taxable","14":"purchasable","15":"product-type-simple"},"brands":[{"id":140,"name":"Boker","slug":"boker"}],"_links":{"self":[{"href":"https:\/\/www.moskito.cz\/es\/wp-json\/wp\/v2\/product\/360493","targetHints":{"allow":["GET"]}}],"collection":[{"href":"https:\/\/www.moskito.cz\/es\/wp-json\/wp\/v2\/product"}],"about":[{"href":"https:\/\/www.moskito.cz\/es\/wp-json\/wp\/v2\/types\/product"}],"replies":[{"embeddable":true,"href":"https:\/\/www.moskito.cz\/es\/wp-json\/wp\/v2\/comments?post=360493"}],"wp:featuredmedia":[{"embeddable":true,"href":"https:\/\/www.moskito.cz\/es\/wp-json\/wp\/v2\/media\/371367"}],"wp:attachment":[{"href":"https:\/\/www.moskito.cz\/es\/wp-json\/wp\/v2\/media?parent=360493"}],"wp:term":[{"taxonomy":"pwb-brand","embeddable":true,"href":"https:\/\/www.moskito.cz\/es\/wp-json\/wp\/v2\/pwb-brand?post=360493"},{"taxonomy":"product_brand","embeddable":true,"href":"https:\/\/www.moskito.cz\/es\/wp-json\/wp\/v2\/product_brand?post=360493"},{"taxonomy":"product_cat","embeddable":true,"href":"https:\/\/www.moskito.cz\/es\/wp-json\/wp\/v2\/product_cat?post=360493"},{"taxonomy":"product_tag","embeddable":true,"href":"https:\/\/www.moskito.cz\/es\/wp-json\/wp\/v2\/product_tag?post=360493"}],"curies":[{"name":"wp","href":"https:\/\/api.w.org\/{rel}","templated":true}]}}